{"id":385,"date":"2022-04-04T16:21:27","date_gmt":"2022-04-04T14:21:27","guid":{"rendered":"https:\/\/roulettes.vaniseo.top\/index.php\/produit\/vestiaire-porte-manteau-mural-en-metal-noir-mat\/"},"modified":"2022-04-04T17:19:59","modified_gmt":"2022-04-04T15:19:59","slug":"vestiaire-porte-manteau-mural-en-metal-noir-mat","status":"publish","type":"product","link":"https:\/\/roulettes.vaniseo.top\/index.php\/produit\/vestiaire-porte-manteau-mural-en-metal-noir-mat\/","title":{"rendered":"Vestiaire porte manteau mural en m\u00e9tal noir mat"},"content":{"rendered":"<h3>Pat\u00e8re vestiaire murale en m\u00e9tal noir mat<\/h3>\n<p>_x000D_n<strong>1001 Pat\u00e8res<\/strong> vous pr\u00e9sente ce <strong>vestiaire porte manteau mural en m\u00e9tal noir mat<\/strong>. Apprenez tout ce qu&rsquo;il faut savoir ci dessous, c\u00f4t\u00e9 technique comme c\u00f4t\u00e9 d\u00e9co au sujet de cette r\u00e9f\u00e9rence._x000D_n_x000D_nEn effet, <a href=\"https:\/\/1001pateres.com\/brand\/1001pateres\/\">1001 Pat\u00e8res<\/a> n&rsquo;est pas une simple boutique en ligne de pat\u00e8res, c&rsquo;est la <strong>N\u00b01 en France<\/strong>! Vous profitez donc sur son site des marques internationales mais aussi de <strong>ses propres r\u00e9f\u00e9rences<\/strong>. Toutes vous promettent un rapport qualit\u00e9 prix extraordinaire. Chaque r\u00e9f\u00e9rence sera une solution \u00e0 la fois pour <strong>mieux ranger<\/strong> mais aussi pour<strong> mieux d\u00e9corer votre int\u00e9rieur<\/strong>._x000D_n_x000D_n&nbsp;_x000D_n<\/p>\n<h3>Vestiaire porte manteau mural en m\u00e9tal noir mat<\/h3>\n<p>_x000D_nD&rsquo;abord, cette pat\u00e8re vestiaire murale est <strong>en m\u00e9tal noir mat<\/strong>. On l&rsquo;appelle vestiaire car elle se pr\u00eate parfaitement \u00e0 une installation dans une telle pi\u00e8ce: <strong>solide<\/strong>, <strong>inoxydable<\/strong>, c&rsquo;est le design attendu. Toutefois, nos clients l&rsquo;utilisent aussi dans leurs propres dressing, garage et entr\u00e9e comme\u00a0porte-v\u00eatements, porte-\u00e9charpes, porte-chapeaux etc&#8230;_x000D_n_x000D_nEn effet, son alliage d&rsquo;aluminium\u00a0de couleur noir mat convient parfaitement dans un univers de <strong>vestiaires de <a href=\"https:\/\/1001pateres.com\/categorie-produit\/collectivite\/\">collectivit\u00e9<\/a><\/strong>, ou pour tout autre usage dans la <strong>maison<\/strong>._x000D_n_x000D_nPar ailleurs, cette pat\u00e8re est \u00e0 <strong>crochet unique<\/strong>. Elle s\u00e9duit par sa <strong>practicit\u00e9<\/strong>, et son <strong>design simple et \u00e9pur\u00e9<\/strong>._x000D_n_x000D_nC\u00f4t\u00e9 <strong>installation<\/strong>, ce vestiaire porte manteau dispose d&rsquo;un syst\u00e8me d&rsquo;accrochage avec des vis qui sont fournies.\u00a0Il est assez facile \u00e0 poser sur un mur ou sur un bois mais n\u00e9cessite un tournevis._x000D_n_x000D_nEnfin, dans le cas o\u00f9 vous souhaiteriez d\u00e9multiplier son utilisation (comme dans un vestiaire par exemple), pensez toujours \u00e0 v\u00e9rifier ses <strong>dimensions<\/strong> et les comparer \u00e0 celles de l&rsquo;espace allou\u00e9. Voici les siennes ci-apr\u00e8s:_x000D_n<\/p>\n<ul>_x000D_n \t<\/p>\n<li>Hauteur: 9 cm<\/li>\n<p>_x000D_n \t<\/p>\n<li>Largeur maxi: 2,8 cm<\/li>\n<p>_x000D_n \t<\/p>\n<li>Ecartement du mur: 4,5 cm<\/li>\n<p>_x000D_n \t<\/p>\n<li>Vis de 1,5 cm<\/li>\n<p>_x000D_n<\/ul>\n<p>_x000D_nN&rsquo;h\u00e9sitez pas \u00e0 utiliser le formulaire en page\u00a0<a href=\"https:\/\/1001pateres.com\/contactez-nous\/\">Contact<\/a> pour toute question compl\u00e9mentaire ou pour une demande de devis en d&rsquo;importante quantit\u00e9. Nos \u00e9quipes restent \u00e0 votre \u00e9coute.<\/p>\n","protected":false},"excerpt":{"rendered":"<p>Belle pat\u00e8re porte-manteau id\u00e9ale pour les <strong>vestiaires<\/strong> avec simple accroche en <em><strong>m\u00e9tal noir mat<\/strong><\/em>\u00a0qui peut servir de porte-v\u00eatement, porte-\u00e9charpe, porte-chapeaux.\u00a0Il est au design \u00e9pur\u00e9 pour se fondre dans tout les univers de la maison ou de l&rsquo;entreprise. Id\u00e9al pour les collectivit\u00e9s.<\/p>\n","protected":false},"featured_media":1752,"comment_status":"closed","ping_status":"open","template":"","meta":[],"product_cat":[19,32,21,22,17],"product_tag":[27],"class_list":["post-385","product","type-product","status-publish","has-post-thumbnail","hentry","product_cat-collectivite","product_cat-entree-sejour","product_cat-entreprise","product_cat-pro","product_cat-salle-de-bain","product_tag-crochet-patere-patere-design-patere-murale-patere-porte-pateres-porte-serviette-porte-torchon-vestiaire","description-off"],"_links":{"self":[{"href":"https:\/\/roulettes.vaniseo.top\/index.php\/wp-json\/wp\/v2\/product\/385","targetHints":{"allow":["GET"]}}],"collection":[{"href":"https:\/\/roulettes.vaniseo.top\/index.php\/wp-json\/wp\/v2\/product"}],"about":[{"href":"https:\/\/roulettes.vaniseo.top\/index.php\/wp-json\/wp\/v2\/types\/product"}],"replies":[{"embeddable":true,"href":"https:\/\/roulettes.vaniseo.top\/index.php\/wp-json\/wp\/v2\/comments?post=385"}],"version-history":[{"count":0,"href":"https:\/\/roulettes.vaniseo.top\/index.php\/wp-json\/wp\/v2\/product\/385\/revisions"}],"wp:featuredmedia":[{"embeddable":true,"href":"https:\/\/roulettes.vaniseo.top\/index.php\/wp-json\/wp\/v2\/media\/1752"}],"wp:attachment":[{"href":"https:\/\/roulettes.vaniseo.top\/index.php\/wp-json\/wp\/v2\/media?parent=385"}],"wp:term":[{"taxonomy":"product_cat","embeddable":true,"href":"https:\/\/roulettes.vaniseo.top\/index.php\/wp-json\/wp\/v2\/product_cat?post=385"},{"taxonomy":"product_tag","embeddable":true,"href":"https:\/\/roulettes.vaniseo.top\/index.php\/wp-json\/wp\/v2\/product_tag?post=385"}],"curies":[{"name":"wp","href":"https:\/\/api.w.org\/{rel}","templated":true}]}}