{"id":386,"date":"2022-04-04T16:21:27","date_gmt":"2022-04-04T14:21:27","guid":{"rendered":"https:\/\/roulettes.vaniseo.top\/index.php\/produit\/patere-tige-en-laiton-brosse-grand-modele\/"},"modified":"2022-04-04T17:20:00","modified_gmt":"2022-04-04T15:20:00","slug":"patere-tige-en-laiton-brosse-grand-modele","status":"publish","type":"product","link":"https:\/\/roulettes.vaniseo.top\/index.php\/produit\/patere-tige-en-laiton-brosse-grand-modele\/","title":{"rendered":"Pat\u00e8re tige en laiton bross\u00e9 grand mod\u00e8le"},"content":{"rendered":"<h3>Portant tige en laiton bross\u00e9, version grand mod\u00e8le<\/h3>\n<p>_x000D_n1001 Pat\u00e8res a le plaisir une fois de plus \u00e0 vous pr\u00e9senter l&rsquo;une des r\u00e9f\u00e9rences de portant de chez <strong>1001 PATERES<\/strong>. Il s&rsquo;agit ici du <strong>grand mod\u00e8le<\/strong> de la <strong>pat\u00e8re tige en laiton bross\u00e9<\/strong>._x000D_n_x000D_nEn effet, n\u00b01 en France de la vente ne ligne de pat\u00e8res et porte manteaux,<strong> 1001 Pat\u00e8res<\/strong> vous propose une s\u00e9lection des meilleures <strong>marques internationales aux styles vari\u00e9s<\/strong>. L&rsquo;objectif est de pouvoir \u00e0 la fois <strong>d\u00e9corer et ranger<\/strong> votre int\u00e9rieur de maison et de bureau, avec des r\u00e9f\u00e9rences au <strong>bon rapport qualit\u00e9 prix<\/strong>._x000D_n_x000D_nAinsi, ici, la marque 1001pateres comme la marque danoise <strong><a href=\"https:\/\/1001pateres.com\/brand\/ferm-living\/\">Ferm Living<\/a> <\/strong>a \u00e9t\u00e9 s\u00e9lectionn\u00e9e pour son <strong>design de pat\u00e8res dans des mat\u00e9riaux nobles<\/strong> comme le verre souffl\u00e9, le marbre noir \/ blanc, le granit, ou encore avec des pierres semi pr\u00e9cieuses. N&rsquo;h\u00e9sitez pas \u00e0 jeter un oeil aux pat\u00e8res de grandes tailles en <a href=\"https:\/\/1001pateres.com\/produit\/patere-en-acier-et-marbre-noir-grand-modele-ferm-living\/\">acier et marbre noir<\/a>, <a href=\"https:\/\/1001pateres.com\/produit\/patere-grand-cercle-noir-metal-ferm-living\/\">m\u00e9tal noir et laiton cercl\u00e9<\/a>, ou encore au <a href=\"https:\/\/1001pateres.com\/produit\/patere-en-acier-et-marbre-blanc-grand-modele-ferm-living\/\">marbre blanc et acier<\/a>._x000D_n_x000D_n&nbsp;_x000D_n<\/p>\n<h3>Pat\u00e8re tige en laiton bross\u00e9 grand mod\u00e8le<\/h3>\n<p>_x000D_nDe ce fait, ici, 1001pateres signe un <strong>portant tige en laiton bross\u00e9<\/strong>. Celle-ci existe comme ici en <strong>grand<\/strong> mais est aussi disponible en <a href=\"https:\/\/1001pateres.com\/produit\/patere-tige-petit-modele-laiton-brosse-ferm-living\/\">petit mod\u00e8le<\/a>\u00a0chez Ferm-Living._x000D_n_x000D_nPar ailleurs, vous aimerez sa <strong>polyvalence<\/strong> puisqu&rsquo;il peut \u00eatre utilis\u00e9 comme un porte-manteau, porte-serviette, porte-chapeau.\u00a0Il s&rsquo;adapte donc \u00e0 toutes les pi\u00e8ces de la <strong>maison<\/strong> et d&rsquo;un <strong>bureau<\/strong> d&rsquo;entreprise. Il s&rsquo;int\u00e8gre facilement et avec style gr\u00e2ce \u00e0 sa<strong> forme originale\u00a0et \u00e9pur\u00e9e<\/strong> et son <strong>toucher doux et pratique<\/strong>. Bien s\u00fbr, le l<strong>aiton \u00e9tant de tr\u00e8s belle qualit\u00e9<\/strong>, il offre <strong>chic<\/strong> et <strong>style<\/strong> \u00e0 tout style d&rsquo;int\u00e9rieur._x000D_n_x000D_nEnfin, nos clients aiment aussi son <strong>embout<\/strong> qui permet de retenir tout v\u00eatement ou accessoires._x000D_n_x000D_n&nbsp;_x000D_n<\/p>\n<h3>Installation du grand mod\u00e8le de pat\u00e8re tige en laiton bross\u00e9<\/h3>\n<p>_x000D_nElle comporte une base avec une tige viss\u00e9e de l&rsquo;int\u00e9rieur\u00a0et un syst\u00e8me d&rsquo;accrochage avec sa vis et sa cheville. La vis reste non visible une fois mont\u00e9e.\u00a0Enfin, ce mod\u00e8le n\u00e9cessite une perceuse pour positionner la cheville. Voici ses <strong>dimensions<\/strong>:_x000D_n<\/p>\n<ul>_x000D_n \t<\/p>\n<li>Tige: 4,4 cm<\/li>\n<p>_x000D_n \t<\/p>\n<li>Base diam\u00e8tre: 2 cm<\/li>\n<p>_x000D_n<\/ul>\n","protected":false},"excerpt":{"rendered":"<p>Porte-manteau tige grand mod\u00e8le en <strong>laiton bross\u00e9<\/strong>\u00a0de la marque <em><strong>1001pateres<\/strong><\/em>. Jolie pat\u00e8re design en forme de cylindre pour un usage de porte-manteau, porte-serviette ou porte-chapeau.\u00a0Elle est originale et \u00e9pur\u00e9e avec une forme douce et pratique. Une fois pos\u00e9e au mur \u00e0 l&rsquo;aide d&rsquo;une perceuse, elle permet de r\u00e9sister \u00e0 un poids de 5 kg environ.<\/p>\n","protected":false},"featured_media":1756,"comment_status":"closed","ping_status":"open","template":"","meta":[],"product_cat":[19,32,21,22,17,23],"product_tag":[26],"class_list":["post-386","product","type-product","status-publish","has-post-thumbnail","hentry","product_cat-collectivite","product_cat-entree-sejour","product_cat-entreprise","product_cat-pro","product_cat-salle-de-bain","product_cat-toilette-wc","product_tag-crochet-patere-patere-design-patere-murale-patere-porte-pateres-porte-serviette-porte-torchon","description-off"],"_links":{"self":[{"href":"https:\/\/roulettes.vaniseo.top\/index.php\/wp-json\/wp\/v2\/product\/386","targetHints":{"allow":["GET"]}}],"collection":[{"href":"https:\/\/roulettes.vaniseo.top\/index.php\/wp-json\/wp\/v2\/product"}],"about":[{"href":"https:\/\/roulettes.vaniseo.top\/index.php\/wp-json\/wp\/v2\/types\/product"}],"replies":[{"embeddable":true,"href":"https:\/\/roulettes.vaniseo.top\/index.php\/wp-json\/wp\/v2\/comments?post=386"}],"version-history":[{"count":0,"href":"https:\/\/roulettes.vaniseo.top\/index.php\/wp-json\/wp\/v2\/product\/386\/revisions"}],"wp:featuredmedia":[{"embeddable":true,"href":"https:\/\/roulettes.vaniseo.top\/index.php\/wp-json\/wp\/v2\/media\/1756"}],"wp:attachment":[{"href":"https:\/\/roulettes.vaniseo.top\/index.php\/wp-json\/wp\/v2\/media?parent=386"}],"wp:term":[{"taxonomy":"product_cat","embeddable":true,"href":"https:\/\/roulettes.vaniseo.top\/index.php\/wp-json\/wp\/v2\/product_cat?post=386"},{"taxonomy":"product_tag","embeddable":true,"href":"https:\/\/roulettes.vaniseo.top\/index.php\/wp-json\/wp\/v2\/product_tag?post=386"}],"curies":[{"name":"wp","href":"https:\/\/api.w.org\/{rel}","templated":true}]}}