{"id":387,"date":"2022-04-04T16:21:27","date_gmt":"2022-04-04T14:21:27","guid":{"rendered":"https:\/\/roulettes.vaniseo.top\/index.php\/produit\/patere-ronde-en-acier-brosse-ferm-living-grand-modele\/"},"modified":"2022-04-04T17:20:03","modified_gmt":"2022-04-04T15:20:03","slug":"patere-ronde-en-acier-brosse-ferm-living-grand-modele","status":"publish","type":"product","link":"https:\/\/roulettes.vaniseo.top\/index.php\/produit\/patere-ronde-en-acier-brosse-ferm-living-grand-modele\/","title":{"rendered":"Pat\u00e8re ronde en acier bross\u00e9 FERM LIVING grand mod\u00e8le"},"content":{"rendered":"<h3>Porte manteau design rond en acier bross\u00e9 FERM LIVING<\/h3>\n<p>_x000D_nVotre <strong>boutique en ligne 1001 Pat\u00e8res<\/strong> vous pr\u00e9sente ici une <strong>pat\u00e8re ronde en acier bross\u00e9<\/strong> de la marque <a href=\"https:\/\/fermliving.com\/\" target=\"_blank\" rel=\"noopener\"><strong>Ferm Living<\/strong><\/a>. D\u00e9couvrez donc ci dessous de nombreuses informations produits et nos meilleures astuces d&rsquo;installation._x000D_n_x000D_nPar ailleurs, sachez que ce mod\u00e8le de pat\u00e8re ronde est aussi disponible <a href=\"https:\/\/1001pateres.com\/produit\/patere-cercle-noir-metal-ferm-living\/\">en laiton et m\u00e9tal noir<\/a>, et <a href=\"https:\/\/1001pateres.com\/produit\/patere-en-acier-et-marbre-blanc-grand-modele-ferm-living\/\">marbre blanc et acie<\/a>r. Toutes vous permettent de les utiliser comme\u00a0porte-manteau, porte-serviette, ou encore porte-chapeau._x000D_n_x000D_nVous retiendrez d&rsquo;eux, une\u00a0<strong>forme originale\u00a0et \u00e9pur\u00e9e<\/strong> au <strong>toucher doux et pratique<\/strong>.\u00a0Aussi, ici, c\u00f4t\u00e9 mati\u00e8re, l&rsquo;<strong>acier est de tr\u00e8s belle qualit\u00e9<\/strong> et la grandeur du cercle permet aux v\u00eatements de ne pas tomber au sol._x000D_n_x000D_nD&rsquo;ailleurs, toutes les r\u00e9f\u00e9rences de <a href=\"https:\/\/1001pateres.com\/brand\/ferm-living\/\">Ferm Living<\/a>, cette marque danoise, sont d&rsquo;une <strong>tr\u00e8s belle qualit\u00e9<\/strong>! 1001 Pat\u00e8res a choisi cette marque pour son <strong>design minimaliste scandinave<\/strong> vraiment <strong>moderne et chic<\/strong>. Toutes les r\u00e9f\u00e9rences que nous avons s\u00e9lectionn\u00e9es sont <strong>\u00e0 crochet unique<\/strong>. Toutes sont \u00e9galement faites \u00e0 partir de <strong>mat\u00e9riaux nobles<\/strong> comme le granit, le verre souffl\u00e9, les pierres semi-pr\u00e9cieuses mais aussi comme sugg\u00e9r\u00e9s ici le marbre, le laiton et l&rsquo;acier._x000D_n_x000D_n&nbsp;_x000D_n<\/p>\n<h3>Accrocher une pat\u00e8re ronde en acier bross\u00e9 Ferm Living<\/h3>\n<p>_x000D_nTechniquement, ce porte manteau design rond comporte une base avec une tige viss\u00e9e de l&rsquo;int\u00e9rieur. Le syst\u00e8me d&rsquo;accrochage comporte donc une vis et une cheville incluses. Le tout est non visible une fois mont\u00e9. Ce mod\u00e8le est vraiment facile \u00e0 poser mais n\u00e9cessite bien s\u00fbr, une perceuse pour fixer la cheville._x000D_n_x000D_nEnfin, voici ses dimensions :_x000D_n<\/p>\n<ul>_x000D_n \t<\/p>\n<li>Le cercle diam\u00e8tre 5 cm<\/li>\n<p>_x000D_n \t<\/p>\n<li>Ecartement du mur 2,5 cm<\/li>\n<p>_x000D_n<\/ul>\n<p>_x000D_n1001 Pat\u00e8res vous conseille donc une utilisation de cette pat\u00e8re <strong>dans toutes les pi\u00e8ces de la maison et du bureau<\/strong> tant elle est <strong>passe partout<\/strong>. L&rsquo;<strong>acier bross\u00e9 est un ind\u00e9modable facile \u00e0 accorder<\/strong> avec toute d\u00e9coration d&rsquo;int\u00e9rieur._x000D_n_x000D_nPour autant, si vous souhaitez valoriser ce porte manteau design rond, il pourrait \u00eatre judicieux de le placer sur un mur relativement \u00e9troit et compl\u00e8tement nu. Centr\u00e9 \u00e0 hauteur de regard, prenant la lumi\u00e8re, vous le rendrez presque <strong>futuriste<\/strong>!<\/p>\n","protected":false},"excerpt":{"rendered":"<p>Porte-manteau cercle grand mod\u00e8le en <strong>acier bross\u00e9<\/strong>\u00a0de la marque <em><strong>FERM LIVING<\/strong><\/em>. Jolie pat\u00e8re design en forme de cercle pour un usage de porte-manteau, porte-serviette ou porte-chapeau.\u00a0Elle est originale et \u00e9pur\u00e9e avec une forme douce et pratique. Une fois pos\u00e9e au mur \u00e0 l&rsquo;aide d&rsquo;une perceuse, elle permet de r\u00e9sister \u00e0 un poids de 5 kg environ.<\/p>\n","protected":false},"featured_media":1759,"comment_status":"closed","ping_status":"open","template":"","meta":[],"product_cat":[19,32,21,22,17,23],"product_tag":[26],"class_list":["post-387","product","type-product","status-publish","has-post-thumbnail","hentry","product_cat-collectivite","product_cat-entree-sejour","product_cat-entreprise","product_cat-pro","product_cat-salle-de-bain","product_cat-toilette-wc","product_tag-crochet-patere-patere-design-patere-murale-patere-porte-pateres-porte-serviette-porte-torchon","description-off"],"_links":{"self":[{"href":"https:\/\/roulettes.vaniseo.top\/index.php\/wp-json\/wp\/v2\/product\/387","targetHints":{"allow":["GET"]}}],"collection":[{"href":"https:\/\/roulettes.vaniseo.top\/index.php\/wp-json\/wp\/v2\/product"}],"about":[{"href":"https:\/\/roulettes.vaniseo.top\/index.php\/wp-json\/wp\/v2\/types\/product"}],"replies":[{"embeddable":true,"href":"https:\/\/roulettes.vaniseo.top\/index.php\/wp-json\/wp\/v2\/comments?post=387"}],"version-history":[{"count":0,"href":"https:\/\/roulettes.vaniseo.top\/index.php\/wp-json\/wp\/v2\/product\/387\/revisions"}],"wp:featuredmedia":[{"embeddable":true,"href":"https:\/\/roulettes.vaniseo.top\/index.php\/wp-json\/wp\/v2\/media\/1759"}],"wp:attachment":[{"href":"https:\/\/roulettes.vaniseo.top\/index.php\/wp-json\/wp\/v2\/media?parent=387"}],"wp:term":[{"taxonomy":"product_cat","embeddable":true,"href":"https:\/\/roulettes.vaniseo.top\/index.php\/wp-json\/wp\/v2\/product_cat?post=387"},{"taxonomy":"product_tag","embeddable":true,"href":"https:\/\/roulettes.vaniseo.top\/index.php\/wp-json\/wp\/v2\/product_tag?post=387"}],"curies":[{"name":"wp","href":"https:\/\/api.w.org\/{rel}","templated":true}]}}