{"id":388,"date":"2022-04-04T16:21:27","date_gmt":"2022-04-04T14:21:27","guid":{"rendered":"https:\/\/roulettes.vaniseo.top\/index.php\/produit\/patere-cylindre-en-acier-brosse-ferm-living\/"},"modified":"2022-04-04T17:20:05","modified_gmt":"2022-04-04T15:20:05","slug":"patere-cylindre-en-acier-brosse-ferm-living","status":"publish","type":"product","link":"https:\/\/roulettes.vaniseo.top\/index.php\/produit\/patere-cylindre-en-acier-brosse-ferm-living\/","title":{"rendered":"Pat\u00e8re cylindre en acier bross\u00e9 FERM LIVING"},"content":{"rendered":"<h3>Pat\u00e8re design tige acier bross\u00e9 FERM LIVING<\/h3>\n<p>_x000D_n1001 Pat\u00e8res propose une <strong>pat\u00e8re cylindre en\u00a0acier bross\u00e9<\/strong> de chez <a href=\"https:\/\/1001pateres.com\/brand\/ferm-living\/\"><strong>FERM LIVING<\/strong><\/a>.\u00a0La collection propose aussi un mod\u00e8le de m\u00eame forme en <a href=\"https:\/\/1001pateres.com\/produit\/patere-tige-petit-modele-laiton-brosse-ferm-living\/\">laiton bross\u00e9<\/a>. Bien s\u00fbr, l&rsquo;une comme l&rsquo;autre peuvent \u00eatre utilis\u00e9e comme porte-manteau, porte-serviette, et porte-chapeau._x000D_n_x000D_n1001 Pat\u00e8res vous pr\u00e9sente donc ci dessous la <strong>marque<\/strong>, les <strong>informations produits<\/strong> et quelques <strong>conseils d&rsquo;installation<\/strong>._x000D_n_x000D_nTout d&rsquo;abord, <a href=\"https:\/\/fermliving.com\/\" target=\"_blank\" rel=\"noopener\">Ferm Living<\/a>. Cette marque est danoise et s&rsquo;inspire largement du style <strong>minimaliste, et \u00e9l\u00e9gant scandinave<\/strong>. Pour cela, elle utilise des formes \u00e9pur\u00e9es et des <strong>mat\u00e9riaux de haute qualit\u00e9<\/strong> comme le verre souffl\u00e9, le granit, le marbre etc&#8230;_x000D_n_x000D_nAinsi, ici, la pat\u00e8re design est faite d&rsquo;une <strong>tige \u00e9pur\u00e9e au\u00a0toucher doux<\/strong> et pratique. Aussi, l&rsquo;<strong>acier<\/strong> est ici de tr\u00e8s <strong>belle qualit\u00e9<\/strong>. De plus, la <strong>collerette au bout du cylindre<\/strong> permettra aux v\u00eatements d&rsquo;\u00eatre retenus et d&rsquo;\u00e9viter ainsi de tomber au sol._x000D_n_x000D_n&nbsp;_x000D_n<\/p>\n<h3>Installer la pat\u00e8re cylindre en acier bross\u00e9 de Ferm Living<\/h3>\n<p>_x000D_nC\u00f4t\u00e9 installation, celle-ci comporte une base avec une tige viss\u00e9e de l&rsquo;int\u00e9rieur\u00a0et un syst\u00e8me d&rsquo;accrochage \u00e0 vis et cheville comprises. Ainsi, l&rsquo;ensemble du syst\u00e8me reste invisible une fois mont\u00e9e. Vous ne profitez que de la beaut\u00e9 de l&rsquo;objet !_x000D_n_x000D_nPour ce faire, il ne vous faudra qu&rsquo;une perceuse pour installer la cheville. L&rsquo;installation sera tr\u00e8s <strong>rapide et facile<\/strong>. Voici ses dimensions:_x000D_n<\/p>\n<ul>_x000D_n \t<\/p>\n<li>La tige en acier bross\u00e9: 3,5 cm<\/li>\n<p>_x000D_n \t<\/p>\n<li>La base: diam\u00e8tre 1,8 cm<\/li>\n<p>_x000D_n<\/ul>\n<p>_x000D_n1001 Pat\u00e8res a pu constater que les clients ayant choisi cette r\u00e9f\u00e9rence opte pour une <strong>installation discr\u00e8te et efficace<\/strong>. Bien s\u00fbr, \u00e0 chaque fois, ceux-ci d\u00e9multiplient son installation. Ainsi, une <strong>ligne de pat\u00e8res cylindres<\/strong> permet de <strong>maximiser le rangement avec \u00e9l\u00e9gance et style<\/strong>._x000D_n_x000D_nN&rsquo;h\u00e9sitez pas vous aussi \u00e0 vous amuser dans votre installation._x000D_n_x000D_nEn cas de question, n&rsquo;h\u00e9sitez pas \u00e0 nous contacter. Nous pourrons aussi r\u00e9pondre \u00e0 une demande de devis sp\u00e9cifique en cas de quantit\u00e9 importante \u00e0 commander.<\/p>\n","protected":false},"excerpt":{"rendered":"<p>Porte-manteau tige petit mod\u00e8le en <strong>acier\u00a0bross\u00e9<\/strong>\u00a0de la marque <em><strong>FERM LIVING<\/strong><\/em>. Jolie pat\u00e8re design en forme de cylindre pour un usage de porte-manteau, porte-serviette ou porte-chapeau.\u00a0Elle est originale et \u00e9pur\u00e9e avec une forme douce et pratique. Une fois pos\u00e9e au mur \u00e0 l&rsquo;aide d&rsquo;une perceuse, elle permet de r\u00e9sister \u00e0 un poids de 5 kg environ.<\/p>\n","protected":false},"featured_media":1761,"comment_status":"closed","ping_status":"open","template":"","meta":[],"product_cat":[19,32,21,22,17,23],"product_tag":[26],"class_list":["post-388","product","type-product","status-publish","has-post-thumbnail","hentry","product_cat-collectivite","product_cat-entree-sejour","product_cat-entreprise","product_cat-pro","product_cat-salle-de-bain","product_cat-toilette-wc","product_tag-crochet-patere-patere-design-patere-murale-patere-porte-pateres-porte-serviette-porte-torchon","description-off"],"_links":{"self":[{"href":"https:\/\/roulettes.vaniseo.top\/index.php\/wp-json\/wp\/v2\/product\/388","targetHints":{"allow":["GET"]}}],"collection":[{"href":"https:\/\/roulettes.vaniseo.top\/index.php\/wp-json\/wp\/v2\/product"}],"about":[{"href":"https:\/\/roulettes.vaniseo.top\/index.php\/wp-json\/wp\/v2\/types\/product"}],"replies":[{"embeddable":true,"href":"https:\/\/roulettes.vaniseo.top\/index.php\/wp-json\/wp\/v2\/comments?post=388"}],"version-history":[{"count":0,"href":"https:\/\/roulettes.vaniseo.top\/index.php\/wp-json\/wp\/v2\/product\/388\/revisions"}],"wp:featuredmedia":[{"embeddable":true,"href":"https:\/\/roulettes.vaniseo.top\/index.php\/wp-json\/wp\/v2\/media\/1761"}],"wp:attachment":[{"href":"https:\/\/roulettes.vaniseo.top\/index.php\/wp-json\/wp\/v2\/media?parent=388"}],"wp:term":[{"taxonomy":"product_cat","embeddable":true,"href":"https:\/\/roulettes.vaniseo.top\/index.php\/wp-json\/wp\/v2\/product_cat?post=388"},{"taxonomy":"product_tag","embeddable":true,"href":"https:\/\/roulettes.vaniseo.top\/index.php\/wp-json\/wp\/v2\/product_tag?post=388"}],"curies":[{"name":"wp","href":"https:\/\/api.w.org\/{rel}","templated":true}]}}