{"id":389,"date":"2022-04-04T16:21:27","date_gmt":"2022-04-04T14:21:27","guid":{"rendered":"https:\/\/roulettes.vaniseo.top\/index.php\/produit\/patere-ronde-marbre-blanc-et-acier-grand-modele-ferm-living\/"},"modified":"2022-04-04T17:20:07","modified_gmt":"2022-04-04T15:20:07","slug":"patere-ronde-marbre-blanc-et-acier-grand-modele-ferm-living","status":"publish","type":"product","link":"https:\/\/roulettes.vaniseo.top\/index.php\/produit\/patere-ronde-marbre-blanc-et-acier-grand-modele-ferm-living\/","title":{"rendered":"Pat\u00e8re ronde marbre blanc et acier grand mod\u00e8le FERM LIVING"},"content":{"rendered":"<h3>Pat\u00e8re ronde en marbre blanc avec tige acier FERM LIVING<\/h3>\n<p>_x000D_n1001 Pat\u00e8res vous propose le <strong>grand mod\u00e8le de pat\u00e8re\u00a0ronde marbre blanc et acier<\/strong> de chez <strong>FERM LIVING<\/strong>. Cette collection propose \u00e9galement un <a href=\"https:\/\/1001pateres.com\/produit\/patere-en-acier-et-marbre-blanc-petit-modele-ferm-living\/\">petit mod\u00e8le<\/a>. Sinon retrouvez aussi sur le m\u00eame design, une collection <a href=\"https:\/\/1001pateres.com\/produit\/patere-en-acier-et-marbre-noir-petit-modele-ferm-living\/\">petit<\/a> et <a href=\"https:\/\/1001pateres.com\/produit\/patere-en-acier-et-marbre-noir-grand-modele-ferm-living\/\">grand<\/a> mod\u00e8les avec marbre noir. L&rsquo;ensemble est parfait pour\u00a0un usage de porte-manteau, porte-serviette, et porte-chapeau._x000D_n_x000D_nVous aimerez cette collection \u00e0 la<strong> forme originale\u00a0et \u00e9pur\u00e9e<\/strong>, au <strong>toucher doux tr\u00e8s agr\u00e9able<\/strong>._x000D_n_x000D_nEn effet, l&rsquo;ensemble des produits <a href=\"https:\/\/fermliving.com\/\" target=\"_blank\" rel=\"noopener\">Ferm Living<\/a> sont d&rsquo;une tr\u00e8s belle qualit\u00e9. Cette marque danoise designe ses <strong>pat\u00e8res \u00e0 crochet unique<\/strong> avec un <strong>style scandinave chic et minimaliste<\/strong>. Elle n&rsquo;utilise que des mat\u00e9riaux nobles comme le verre souffl\u00e9, le granit, des pierres semi-pr\u00e9cieuses et comme ici du marbre._x000D_n_x000D_nEn effet, ci-contre, vous constaterez ci-contre que l&rsquo;<strong>acier<\/strong> est de tr\u00e8s belle qualit\u00e9. Quand au <strong>marbre blanc<\/strong>, il peut \u00eatre plus ou moins vein\u00e9 du fait d&rsquo;\u00eatre une pierre naturelle. Ainsi, chaque <strong>pat\u00e8re est unique<\/strong>._x000D_n_x000D_nPensez donc toujours \u00e0 <strong>combiner petite et grande taille<\/strong> de la collection \u00a0pour <strong>maximiser le style d\u00e9coratif<\/strong>!_x000D_n_x000D_n&nbsp;_x000D_n<\/p>\n<h3>Conseils d&rsquo;utilisation de la pat\u00e8re ronde marbre blanc et tige acier<\/h3>\n<p>_x000D_nDe plus, cette <strong>pat\u00e8re ronde en marbre blanc avec tige acier<\/strong>\u00a0comporte une base avec une tige viss\u00e9e de l&rsquo;int\u00e9rieur. L&rsquo;ensemble de son syst\u00e8me d&rsquo;accrochage incluant vis et cheville est donc non visible une fois mont\u00e9e.\u00a0Ce mod\u00e8le est facile \u00e0 poser mais n\u00e9cessite une per\u00e7euse pour positionner la cheville._x000D_n_x000D_nSans aucun doute, celle-ci s&rsquo;adapte <strong>\u00e0 toutes les pi\u00e8ces<\/strong> d&rsquo;une maison ou d&rsquo;un bureau. Elle apporte sans aucun doute une <strong>touche d&rsquo;\u00e9l\u00e9gance moderne<\/strong> \u00e0 votre univers._x000D_n_x000D_nEn revanche, veillez \u00e0 l&rsquo;installer sur des <strong>murs peu color\u00e9s. Blanc, noir, gris<\/strong> seront les teintes recommand\u00e9es de fond pour <strong>valoriser la clart\u00e9 et la brillance de cette collection<\/strong>._x000D_n_x000D_n&nbsp;_x000D_n<\/p>\n<h4>Dimensions :<\/h4>\n<p>_x000D_n<\/p>\n<ul>_x000D_n \t<\/p>\n<li>La tige longueur 2 cm X 1,9 cm de diam\u00e8tre de base<\/li>\n<p>_x000D_n \t<\/p>\n<li>L&#8217;embout marbre diam\u00e8tre 4 cm avec le cercle d&rsquo;acier<\/li>\n<p>_x000D_n<\/ul>\n","protected":false},"excerpt":{"rendered":"<p>Porte-manteau grand mod\u00e8le en acier bross\u00e9 et <strong>marbre blanc<\/strong> de la marque <em><strong>FERM LIVING<\/strong><\/em>. Jolie pat\u00e8re design en pierre et acier pour un usage de porte-manteau, porte-serviette ou porte-chapeau.\u00a0Elle est originale et \u00e9pur\u00e9e avec une forme douce et pratique. Une fois pos\u00e9e au mur \u00e0 l&rsquo;aide d&rsquo;une perceuse, elle permet de r\u00e9sister \u00e0 un poids de 5 kg environ.<\/p>\n","protected":false},"featured_media":1763,"comment_status":"closed","ping_status":"open","template":"","meta":[],"product_cat":[20,32,17,23],"product_tag":[26],"class_list":["post-389","product","type-product","status-publish","has-post-thumbnail","hentry","product_cat-cuisine","product_cat-entree-sejour","product_cat-salle-de-bain","product_cat-toilette-wc","product_tag-crochet-patere-patere-design-patere-murale-patere-porte-pateres-porte-serviette-porte-torchon","description-off"],"_links":{"self":[{"href":"https:\/\/roulettes.vaniseo.top\/index.php\/wp-json\/wp\/v2\/product\/389","targetHints":{"allow":["GET"]}}],"collection":[{"href":"https:\/\/roulettes.vaniseo.top\/index.php\/wp-json\/wp\/v2\/product"}],"about":[{"href":"https:\/\/roulettes.vaniseo.top\/index.php\/wp-json\/wp\/v2\/types\/product"}],"replies":[{"embeddable":true,"href":"https:\/\/roulettes.vaniseo.top\/index.php\/wp-json\/wp\/v2\/comments?post=389"}],"version-history":[{"count":0,"href":"https:\/\/roulettes.vaniseo.top\/index.php\/wp-json\/wp\/v2\/product\/389\/revisions"}],"wp:featuredmedia":[{"embeddable":true,"href":"https:\/\/roulettes.vaniseo.top\/index.php\/wp-json\/wp\/v2\/media\/1763"}],"wp:attachment":[{"href":"https:\/\/roulettes.vaniseo.top\/index.php\/wp-json\/wp\/v2\/media?parent=389"}],"wp:term":[{"taxonomy":"product_cat","embeddable":true,"href":"https:\/\/roulettes.vaniseo.top\/index.php\/wp-json\/wp\/v2\/product_cat?post=389"},{"taxonomy":"product_tag","embeddable":true,"href":"https:\/\/roulettes.vaniseo.top\/index.php\/wp-json\/wp\/v2\/product_tag?post=389"}],"curies":[{"name":"wp","href":"https:\/\/api.w.org\/{rel}","templated":true}]}}