{"id":39,"date":"2022-04-04T16:20:06","date_gmt":"2022-04-04T14:20:06","guid":{"rendered":"https:\/\/roulettes.vaniseo.top\/index.php\/produit\/patere-tige-color-design-aluminium-bleu-roi\/"},"modified":"2022-04-04T17:08:41","modified_gmt":"2022-04-04T15:08:41","slug":"patere-tige-color-design-aluminium-bleu-roi","status":"publish","type":"product","link":"https:\/\/roulettes.vaniseo.top\/index.php\/produit\/patere-tige-color-design-aluminium-bleu-roi\/","title":{"rendered":"Pat\u00e8re tige color design aluminium bleu roi"},"content":{"rendered":"<h3>Porte manteau design m\u00e9tallis\u00e9 bleu roi: tige Color<\/h3>\n<p>_x000D_n<strong>1001 Pat\u00e8res<\/strong> vous fait d\u00e9couvrir ici la version<strong> bleu roi<\/strong>\u00a0de la <strong>pat\u00e8re tige Color design aluminium<\/strong>._x000D_n_x000D_nEn effet, retrouvez une collection compl\u00e8te de\u00a0<strong>tige<\/strong>\u00a0<strong>Color<\/strong>\u00a0en <strong>aluminium teint\u00e9 dans la masse\u00a0<\/strong>aux couleurs suivantes disponibles sur ce site: <strong>orange, noir, brun, mauve, vert, grise, <a href=\"https:\/\/1001pateres.com\/produit\/patere-tige-color-design-aluminium-dore\/\">jaune dor\u00e9<\/a>, turquoise, et rouge<\/strong>. \u00a0Voici, ci-dessous, l\u2019ensemble des informations techniques et d\u00e9coratives de sa version bleu roi._x000D_n_x000D_nMais tout d\u2019abord, revenons sur <a href=\"https:\/\/1001pateres.com\/brand\/1001pateres\/\">1001 Pat\u00e8res<\/a>. Au del\u00e0 d\u2019\u00eatre une marque de pat\u00e8res, comme pour celle pr\u00e9sent\u00e9e ci contre, il s\u2019agit avant tout d\u2019un site de vente en ligne<strong>\u00a0leader en France de porte manteaux<\/strong>. Gr\u00e2ce \u00e0 lui, retrouvez un large choix de <b>r\u00e9f\u00e9rences au\u00a0meilleur rapport\u00a0qualit\u00e9 prix<\/b>, via de nombreuses <strong>marques internationales<\/strong>._x000D_n_x000D_nAinsi, vous profitez sur une m\u00eame adresse du meilleur de la pat\u00e8re pour toujours plus de rangement pour la maison et le bureau. Soutenez ce site en fran\u00e7ais, et <strong>profitez de d\u00e9lai et frais de livraison r\u00e9duits<\/strong>!_x000D_n_x000D_n&nbsp;_x000D_n<\/p>\n<h3>Pat\u00e8re tige Color design aluminium bleu roi<\/h3>\n<p>_x000D_nPar ailleurs, ci-contre pr\u00e9cis\u00e9ment, il s\u2019agit d&rsquo;un porte manteau design\u00a0<strong>inoxydable<\/strong>. Il peut donc autant\u00a0servir de porte torchon, porte serviette, porte gant ou porte manteau dans une cuisine comme dans un vestiaire._x000D_n_x000D_nIncontestablement, ce\u00a0<strong>design \u00e9pur\u00e9<\/strong>, et cette practicit\u00e9 d&rsquo;utilisation font de lui un incontournable!_x000D_n_x000D_nEn plus, de couleur bleu roi\u00a0<strong>m\u00e9tallis\u00e9<\/strong>, cette pat\u00e8re convient en plus, parfaitement \u00e0 un <strong>univers moderne<\/strong> puisque cette finition est tr\u00e8s \u00e0 la mode actuellement._x000D_n_x000D_nEnfin, pour l&rsquo;<strong>installer<\/strong>, aucune inqui\u00e9tude \u00e0 pr\u00e9voir! Son syst\u00e8me de fixation fournit vis et cheville. Une fois fix\u00e9e, la finition est parfaite puisque sa vis est invisible.\u00a0Facile \u00e0 poser, ce porte manteau design n\u00e9cessite seulement votre perceuse pour la cheville._x000D_n_x000D_nPensez toujours \u00e0 tenir compte de ses <strong>dimensions<\/strong> sp\u00e9cifiques:_x000D_n<\/p>\n<ul>_x000D_n \t<\/p>\n<li>Pat\u00e8re tige Color: 5,3 cm X 2 cm<\/li>\n<p>_x000D_n \t<\/p>\n<li>Diam\u00e8tre de la base: 3,2 cm<\/li>\n<p>_x000D_n \t<\/p>\n<li>Vis de 2,3 cm<\/li>\n<p>_x000D_n<\/ul>\n","protected":false},"excerpt":{"rendered":"<p>Belle pat\u00e8re design en forme de <em><strong>tige<\/strong><\/em> color en aluminium teint\u00e9 dans la masse <strong>bleu roi<\/strong> qui peut servir de porte torchon, porte serviette, porte gant, porte manteau.\u00a0Pat\u00e8re murale au design \u00e9pur\u00e9e, elle sera tr\u00e8s pratique \u00e0 l&rsquo;utilisation.<\/p>\n","protected":false},"featured_media":777,"comment_status":"closed","ping_status":"open","template":"","meta":[],"product_cat":[19,20,21,22,17,23],"product_tag":[27],"class_list":["post-39","product","type-product","status-publish","has-post-thumbnail","hentry","product_cat-collectivite","product_cat-cuisine","product_cat-entreprise","product_cat-pro","product_cat-salle-de-bain","product_cat-toilette-wc","product_tag-crochet-patere-patere-design-patere-murale-patere-porte-pateres-porte-serviette-porte-torchon-vestiaire","description-off"],"_links":{"self":[{"href":"https:\/\/roulettes.vaniseo.top\/index.php\/wp-json\/wp\/v2\/product\/39","targetHints":{"allow":["GET"]}}],"collection":[{"href":"https:\/\/roulettes.vaniseo.top\/index.php\/wp-json\/wp\/v2\/product"}],"about":[{"href":"https:\/\/roulettes.vaniseo.top\/index.php\/wp-json\/wp\/v2\/types\/product"}],"replies":[{"embeddable":true,"href":"https:\/\/roulettes.vaniseo.top\/index.php\/wp-json\/wp\/v2\/comments?post=39"}],"version-history":[{"count":0,"href":"https:\/\/roulettes.vaniseo.top\/index.php\/wp-json\/wp\/v2\/product\/39\/revisions"}],"wp:featuredmedia":[{"embeddable":true,"href":"https:\/\/roulettes.vaniseo.top\/index.php\/wp-json\/wp\/v2\/media\/777"}],"wp:attachment":[{"href":"https:\/\/roulettes.vaniseo.top\/index.php\/wp-json\/wp\/v2\/media?parent=39"}],"wp:term":[{"taxonomy":"product_cat","embeddable":true,"href":"https:\/\/roulettes.vaniseo.top\/index.php\/wp-json\/wp\/v2\/product_cat?post=39"},{"taxonomy":"product_tag","embeddable":true,"href":"https:\/\/roulettes.vaniseo.top\/index.php\/wp-json\/wp\/v2\/product_tag?post=39"}],"curies":[{"name":"wp","href":"https:\/\/api.w.org\/{rel}","templated":true}]}}