{"id":390,"date":"2022-04-04T16:21:27","date_gmt":"2022-04-04T14:21:27","guid":{"rendered":"https:\/\/roulettes.vaniseo.top\/index.php\/produit\/patere-en-acier-et-marbre-blanc-petit-modele-ferm-living\/"},"modified":"2022-04-04T17:20:08","modified_gmt":"2022-04-04T15:20:08","slug":"patere-en-acier-et-marbre-blanc-petit-modele-ferm-living","status":"publish","type":"product","link":"https:\/\/roulettes.vaniseo.top\/index.php\/produit\/patere-en-acier-et-marbre-blanc-petit-modele-ferm-living\/","title":{"rendered":"Pat\u00e8re en acier et marbre blanc petit mod\u00e8le FERM LIVING"},"content":{"rendered":"<h3>Pat\u00e8re design tige acier et marbre blanc FERM LIVING<\/h3>\n<p>_x000D_n1001 Pat\u00e8res vous propose de d\u00e9couvrir le <strong>petit mod\u00e8le de la pat\u00e8re en acier et marbre blanc<\/strong> de chez\u00a0<strong>FERM LIVING<\/strong>. Celle-ci est\u00a0\u00e9galement disponible en <a href=\"https:\/\/1001pateres.com\/produit\/patere-en-acier-et-marbre-blanc-grand-modele-ferm-living\/\">grande taille<\/a> ou aussi avec le marbre noir, <a href=\"https:\/\/1001pateres.com\/produit\/patere-en-acier-et-marbre-noir-grand-modele-ferm-living\/\">grand mod\u00e8le<\/a> et <a href=\"https:\/\/1001pateres.com\/produit\/patere-en-acier-et-marbre-noir-petit-modele-ferm-living\/\">petit<\/a>. Nous recommandons cette collection pour un usage de porte-manteau, porte-serviette, ou encore porte-chapeau._x000D_n_x000D_nL&rsquo;ensemble de ces r\u00e9f\u00e9rences sont d\u00e9sign\u00e9es par la marque danoise <a href=\"https:\/\/fermliving.com\/\" target=\"_blank\" rel=\"noopener\">Ferm Living<\/a>. Celle-ci propose un <strong>style scandinave \u00e9pur\u00e9 chic<\/strong> m\u00ealant <strong>forme minimaliste er mat\u00e9riaux nobles<\/strong>. Retrouvez donc du verre souffl\u00e9, du granit ou comme ici de l&rsquo;acier, et du marbre._x000D_n_x000D_nA chaque r\u00e9f\u00e9rence Ferm Living, une <strong>forme originale\u00a0et \u00e9pur\u00e9e<\/strong> avec un <strong>toucher doux et pratique<\/strong> vous attend._x000D_n_x000D_nConcr\u00e8tement, ici, <strong>l&rsquo;acier bross\u00e9<\/strong> est de tr\u00e8s belle qualit\u00e9 et le <strong>marbre blanc<\/strong> est une pierre naturelle pouvant \u00eatre plus ou moins vein\u00e9e. Ainsi,<strong> chaque pi\u00e8ce choisie est unique<\/strong>!_x000D_n_x000D_n&nbsp;_x000D_n<\/p>\n<h3>Installation d&rsquo;une pat\u00e8re en acier et marbre blanc Ferm Living<\/h3>\n<p>_x000D_nLa pat\u00e8re design \u00e0 tige acier \u00a0comporte une base avec une tige viss\u00e9e de l&rsquo;int\u00e9rieur. Son syt\u00e8me d&rsquo;accrochage est donc interne fait d&rsquo;une vis et sa cheville incluse. L&rsquo;ensemble reste invisible une fois mont\u00e9e._x000D_n_x000D_nN&rsquo;ayez donc crainte de son installation, elle se fait <strong>rapidement<\/strong> et <strong>sans difficult\u00e9<\/strong>. Seule une perceuse est n\u00e9cessaire. Voici \u00e9galement ci dessous ses dimensions sp\u00e9cifiques:_x000D_n<\/p>\n<ul>_x000D_n \t<\/p>\n<li>La tige 3,5 cm X 1,9 cm de t\u00eate<\/li>\n<p>_x000D_n \t<\/p>\n<li>La base diam\u00e8tre 1 cm<\/li>\n<p>_x000D_n<\/ul>\n<p>_x000D_nNos clients choisissent ce mod\u00e8le pour sa <strong>clart\u00e9<\/strong>, sa <strong>luminosit\u00e9<\/strong> et son <strong>\u00e9l\u00e9gance<\/strong>. Pour un <strong>am\u00e9nagement d&rsquo;int\u00e9rieur contemporain\u00a0<\/strong>\u00e0 base d&rsquo;acier et de marbre blanc, celle-ci se marie \u00e0 merveille. D\u00e8s lors que votre <strong>d\u00e9coration est noire ou toute blanche<\/strong>, celle-ci s&rsquo;int\u00e8gre avec beaucoup de cachet. Evitez cependant une association avec des coloris vari\u00e9s, celle-ci s&rsquo;effacerait tr\u00e8s rapidement._x000D_n_x000D_nN&rsquo;oubliez pas de <strong>d\u00e9multiplier son utilisation avec la version grand mod\u00e8le<\/strong>!<\/p>\n","protected":false},"excerpt":{"rendered":"<p>Porte-manteau petit mod\u00e8le en acier bross\u00e9 et <strong>marbre blanc<\/strong> de la marque <em><strong>FERM LIVING<\/strong><\/em>. Jolie pat\u00e8re design en pierre et acier pour un usage de porte-manteau, porte-serviette ou porte-chapeau.\u00a0Elle est originale et \u00e9pur\u00e9e avec une forme douce et pratique. Une fois pos\u00e9e au mur \u00e0 l&rsquo;aide d&rsquo;une perceuse, elle permet de r\u00e9sister \u00e0 un poids de 5 kg environ.<\/p>\n","protected":false},"featured_media":1765,"comment_status":"closed","ping_status":"open","template":"","meta":[],"product_cat":[32,17,23],"product_tag":[26],"class_list":["post-390","product","type-product","status-publish","has-post-thumbnail","hentry","product_cat-entree-sejour","product_cat-salle-de-bain","product_cat-toilette-wc","product_tag-crochet-patere-patere-design-patere-murale-patere-porte-pateres-porte-serviette-porte-torchon","description-off"],"_links":{"self":[{"href":"https:\/\/roulettes.vaniseo.top\/index.php\/wp-json\/wp\/v2\/product\/390","targetHints":{"allow":["GET"]}}],"collection":[{"href":"https:\/\/roulettes.vaniseo.top\/index.php\/wp-json\/wp\/v2\/product"}],"about":[{"href":"https:\/\/roulettes.vaniseo.top\/index.php\/wp-json\/wp\/v2\/types\/product"}],"replies":[{"embeddable":true,"href":"https:\/\/roulettes.vaniseo.top\/index.php\/wp-json\/wp\/v2\/comments?post=390"}],"version-history":[{"count":0,"href":"https:\/\/roulettes.vaniseo.top\/index.php\/wp-json\/wp\/v2\/product\/390\/revisions"}],"wp:featuredmedia":[{"embeddable":true,"href":"https:\/\/roulettes.vaniseo.top\/index.php\/wp-json\/wp\/v2\/media\/1765"}],"wp:attachment":[{"href":"https:\/\/roulettes.vaniseo.top\/index.php\/wp-json\/wp\/v2\/media?parent=390"}],"wp:term":[{"taxonomy":"product_cat","embeddable":true,"href":"https:\/\/roulettes.vaniseo.top\/index.php\/wp-json\/wp\/v2\/product_cat?post=390"},{"taxonomy":"product_tag","embeddable":true,"href":"https:\/\/roulettes.vaniseo.top\/index.php\/wp-json\/wp\/v2\/product_tag?post=390"}],"curies":[{"name":"wp","href":"https:\/\/api.w.org\/{rel}","templated":true}]}}