{"id":391,"date":"2022-04-04T16:21:27","date_gmt":"2022-04-04T14:21:27","guid":{"rendered":"https:\/\/roulettes.vaniseo.top\/index.php\/produit\/patere-murale-laiton-et-marbre-noir-grand-modele-ferm-living\/"},"modified":"2022-04-04T17:20:09","modified_gmt":"2022-04-04T15:20:09","slug":"patere-murale-laiton-et-marbre-noir-grand-modele-ferm-living","status":"publish","type":"product","link":"https:\/\/roulettes.vaniseo.top\/index.php\/produit\/patere-murale-laiton-et-marbre-noir-grand-modele-ferm-living\/","title":{"rendered":"Pat\u00e8re murale laiton et marbre noir grand mod\u00e8le FERM LIVING"},"content":{"rendered":"<h3>Porte manteau laiton et marbre noir FERM LIVING<\/h3>\n<p>_x000D_n1001 Pat\u00e8res pr\u00e9sente ici le <strong>grand mod\u00e8le<\/strong> de la <strong>pat\u00e8re murale laiton et marbre noir<\/strong>\u00a0<strong>FERM LIVING<\/strong>. Celle-ci est aussi disponible en <a href=\"https:\/\/1001pateres.com\/produit\/patere-en-laiton-et-marbre-noir-petit-modele-ferm-living\/\">petit mod\u00e8le<\/a>. Par ailleurs, une version <strong>laiton et marbre brun<\/strong> est \u00e0 retrouver sur le site 1001 Pat\u00e8res avec toujours <a href=\"https:\/\/1001pateres.com\/produit\/patere-en-laiton-et-marbre-brun-petit-modele-ferm-living\/\">petit<\/a> et <a href=\"https:\/\/1001pateres.com\/produit\/patere-en-laiton-et-marbre-brun-grand-modele-ferm-living\/\">grand<\/a> mod\u00e8les. Toutes permettent d&rsquo;\u00eatre utilis\u00e9es comme\u00a0porte-manteau, porte-serviette, porte-chapeau._x000D_n_x000D_nL&rsquo;ensemble de ces 4 r\u00e9f\u00e9rences disposent d&rsquo;une <strong>forme originale\u00a0et \u00e9pur\u00e9e<\/strong>. L&rsquo;<strong>effet bouton<\/strong> plus ou moins \u00e9cart\u00e9 du mur selon la taille du mod\u00e8le offre <strong>beaucoup de praticit\u00e9<\/strong> quelque soit la taille choisie. Aussi le <strong>toucher est doux<\/strong> et donc tr\u00e8s <strong>agr\u00e9able<\/strong> d&rsquo;utilisation._x000D_n_x000D_nC\u00f4t\u00e9 mati\u00e8re, le <strong>laiton est de tr\u00e8s belle qualit\u00e9<\/strong> et le <strong>marbre noir<\/strong>\u00a0\u00e9tant une pierre naturelle peut \u00eatre plus ou moins vein\u00e9. A chaque pat\u00e8re choisie, c&rsquo;est une <strong>pi\u00e8ce unique<\/strong> que vous vous offrez._x000D_n_x000D_nD&rsquo;ailleurs, c&rsquo;est l&rsquo;ensemble de la marque <a href=\"https:\/\/fermliving.com\/\" target=\"_blank\" rel=\"noopener\">Ferm Living<\/a> qui offre cette qualit\u00e9. En effet, cette marque danoise combine toujours <strong>forme \u00e9pur\u00e9e et minimaliste \u00e0 des mat\u00e9riaux nobles<\/strong>. Sur notre site, retrouvez essentiellement des <strong>pat\u00e8res \u00e0 crochet unique<\/strong> utilisant le marbre, le granit, le verre souffl\u00e9, et quelques pierres semi-pr\u00e9cieuses._x000D_n_x000D_n&nbsp;_x000D_n<\/p>\n<h3>Pat\u00e8re murale laiton et marbre noir : nos conseils d&rsquo;installation<\/h3>\n<p>_x000D_nDe plus, ce porte manteau laiton et marbre noir comporte une base avec une tige viss\u00e9e de l&rsquo;int\u00e9rieur. Le syst\u00e8me d&rsquo;accrochage est fait d&rsquo;une vis et sa cheville incluse. Ainsi, la vis est non visible une fois mont\u00e9e. Ce mod\u00e8le est donc assez facile \u00e0 poser mais n\u00e9cessite une perceuse pour positionner la cheville. Pour finir sur la partie technique voici ses dimensions:_x000D_n<\/p>\n<ul>_x000D_n \t<\/p>\n<li>La tige en laiton: longueur 2 cm X 1,9 cm de diam\u00e8tre de base<\/li>\n<p>_x000D_n \t<\/p>\n<li>L&#8217;embout marbre noir: diam\u00e8tre 4 cm avec le laiton<\/li>\n<p>_x000D_n<\/ul>\n<p>_x000D_n&nbsp;_x000D_n_x000D_nLes clients 1001 Pat\u00e8res qui l&rsquo;ont d\u00e9j\u00e0 install\u00e9, ont choisi des <strong>murs fonc\u00e9s sans trop de d\u00e9coration d\u00e9j\u00e0 install\u00e9 dessus<\/strong>. Ainsi, vous restez dans le style <strong>scandinave minimaliste et \u00e9l\u00e9gant<\/strong>. Le choix de telles mati\u00e8res nobles rend votre syst\u00e8me de rangement mural non seulement <strong>pratique<\/strong> mais aussi <strong>tr\u00e8s chic<\/strong>.<\/p>\n","protected":false},"excerpt":{"rendered":"<p>Porte-manteau grand mod\u00e8le en laiton et <strong>marbre noir<\/strong>\u00a0de la marque <em><strong>FERM LIVING<\/strong><\/em>. Jolie pat\u00e8re design en pierre et laiton\u00a0pour un usage de porte-manteau, porte-serviette ou porte-chapeau.\u00a0Elle est originale et \u00e9pur\u00e9e avec une forme douce et pratique. Une fois pos\u00e9e au mur \u00e0 l&rsquo;aide d&rsquo;une perceuse, elle permet de r\u00e9sister \u00e0 un poids de 5 kg environ.<\/p>\n","protected":false},"featured_media":1767,"comment_status":"closed","ping_status":"open","template":"","meta":[],"product_cat":[32,17,23],"product_tag":[26],"class_list":["post-391","product","type-product","status-publish","has-post-thumbnail","hentry","product_cat-entree-sejour","product_cat-salle-de-bain","product_cat-toilette-wc","product_tag-crochet-patere-patere-design-patere-murale-patere-porte-pateres-porte-serviette-porte-torchon","description-off"],"_links":{"self":[{"href":"https:\/\/roulettes.vaniseo.top\/index.php\/wp-json\/wp\/v2\/product\/391","targetHints":{"allow":["GET"]}}],"collection":[{"href":"https:\/\/roulettes.vaniseo.top\/index.php\/wp-json\/wp\/v2\/product"}],"about":[{"href":"https:\/\/roulettes.vaniseo.top\/index.php\/wp-json\/wp\/v2\/types\/product"}],"replies":[{"embeddable":true,"href":"https:\/\/roulettes.vaniseo.top\/index.php\/wp-json\/wp\/v2\/comments?post=391"}],"version-history":[{"count":0,"href":"https:\/\/roulettes.vaniseo.top\/index.php\/wp-json\/wp\/v2\/product\/391\/revisions"}],"wp:featuredmedia":[{"embeddable":true,"href":"https:\/\/roulettes.vaniseo.top\/index.php\/wp-json\/wp\/v2\/media\/1767"}],"wp:attachment":[{"href":"https:\/\/roulettes.vaniseo.top\/index.php\/wp-json\/wp\/v2\/media?parent=391"}],"wp:term":[{"taxonomy":"product_cat","embeddable":true,"href":"https:\/\/roulettes.vaniseo.top\/index.php\/wp-json\/wp\/v2\/product_cat?post=391"},{"taxonomy":"product_tag","embeddable":true,"href":"https:\/\/roulettes.vaniseo.top\/index.php\/wp-json\/wp\/v2\/product_tag?post=391"}],"curies":[{"name":"wp","href":"https:\/\/api.w.org\/{rel}","templated":true}]}}