{"id":393,"date":"2022-04-04T16:21:27","date_gmt":"2022-04-04T14:21:27","guid":{"rendered":"https:\/\/roulettes.vaniseo.top\/index.php\/produit\/patere-en-laiton-et-marbre-brun-grand-modele-ferm-living\/"},"modified":"2022-04-04T17:20:11","modified_gmt":"2022-04-04T15:20:11","slug":"patere-en-laiton-et-marbre-brun-grand-modele-ferm-living","status":"publish","type":"product","link":"https:\/\/roulettes.vaniseo.top\/index.php\/produit\/patere-en-laiton-et-marbre-brun-grand-modele-ferm-living\/","title":{"rendered":"Pat\u00e8re en laiton et marbre brun grand mod\u00e8le FERM LIVING"},"content":{"rendered":"<h3>Porte manteau laiton et marbre brun : grand mod\u00e8le<\/h3>\n<p>_x000D_n<strong>1001 Pat\u00e8res<\/strong> vous fait d\u00e9couvrir ici toutes les <strong>informations produit<\/strong> et ses meilleurs <strong>conseils d&rsquo;installation<\/strong> du <strong>grand mod\u00e8le<\/strong> de <strong>pat\u00e8re en laiton et marbre brun<\/strong> de chez <a href=\"https:\/\/fermliving.com\/\" target=\"_blank\" rel=\"noopener\"><strong>Ferm Living<\/strong><\/a>. Vous aimerez constater sa facilit\u00e9 d&rsquo;utilisation comme\u00a0porte-manteau, porte-serviette, porte-chapeau etc._x000D_n_x000D_nD\u00e9couvrez tout d&rsquo;abord qui est <a href=\"https:\/\/1001pateres.com\/brand\/ferm-living\/\">Ferm Living<\/a>. Cette marque danoise propose un style <strong>minimaliste et moderne<\/strong>, tr\u00e8s empreint d&rsquo;un <strong>design scandinave<\/strong>. Elle couple des <strong>formes de pat\u00e8res contemporaines<\/strong> \u00e0 des <strong>associations de mat\u00e9riaux nobles<\/strong> comme le marbre, le granit, le verre souffl\u00e9, ou encore des pierres semi-pr\u00e9cieuses._x000D_n_x000D_nIci, concr\u00e8tement, la marque propose une\u00a0<strong>forme originale\u00a0et \u00e9pur\u00e9e<\/strong> avec un <strong>toucher doux<\/strong> tr\u00e8s agr\u00e9able. C\u00f4t\u00e9 mati\u00e8re, le <strong>laiton<\/strong> choisi est de tr\u00e8s belle qualit\u00e9. Le <strong>marbre brun<\/strong>\u00a0lui, peut \u00eatre plus ou vein\u00e9 du fait d&rsquo;\u00eatre une pierre naturelle._x000D_n_x000D_nCette collection propose aussi un <a href=\"https:\/\/1001pateres.com\/produit\/patere-en-laiton-et-marbre-brun-petit-modele-ferm-living\/\">petit mod\u00e8le<\/a>. L&rsquo;association des deux, c\u00f4te-\u00e0-c\u00f4te, peut vraiment offrir un <strong>style tr\u00e8s \u00e9l\u00e9gant<\/strong> et compl\u00e9ter votre d\u00e9coration d&rsquo;int\u00e9rieur avec <strong>modernit\u00e9<\/strong>._x000D_n_x000D_n&nbsp;_x000D_n<\/p>\n<h3>Installer sa pat\u00e8re en laiton et marbre brun Ferm Living<\/h3>\n<p>_x000D_nDe plus, ce porte manteau laiton et marbre brun comporte un syst\u00e8me d&rsquo;accrochage avec sa vis et sa cheville incluses, et une base avec une tige viss\u00e9e de l&rsquo;int\u00e9rieur. Vous noterez que la vis reste non visible une fois mont\u00e9e._x000D_n_x000D_nCelui-ci s&rsquo;adapte bien s\u00fbr \u00e0 <strong>toutes les pi\u00e8ces d&rsquo;une maison et d&rsquo;un bureau<\/strong> et plus particuli\u00e8rement dans une entr\u00e9e. Il apporte une touche de modernit\u00e9 \u00e0 tout univers. En revanche, du fait de sa <strong>bicoloration<\/strong> (brun et dor\u00e9), veillez \u00e0 limiter les coloris de second plan. Pour cela, pr\u00e9f\u00e9rez une installation sur un<strong> mur fonc\u00e9<\/strong> noir ou brun par exemple. La luminosit\u00e9 et la brillance du laiton n&rsquo;en sera que plus mise en valeur!_x000D_n_x000D_nCe mod\u00e8le est facile \u00e0 poser mais n\u00e9cessite une perceuse pour positionner la cheville. Enfin, voici ses <strong>dimensions<\/strong>:_x000D_n<\/p>\n<ul>_x000D_n \t<\/p>\n<li>La tige longueur 2 cm X 1,9 cm de diam\u00e8tre de base<\/li>\n<p>_x000D_n \t<\/p>\n<li>L&#8217;embout marbre diam\u00e8tre 4 cm avec le laiton<\/li>\n<p>_x000D_n<\/ul>\n","protected":false},"excerpt":{"rendered":"<p>Porte-manteau grand mod\u00e8le en laiton et <strong>marbre brun<\/strong>\u00a0de la marque <em><strong>FERM LIVING<\/strong><\/em>. Jolie pat\u00e8re design en pierre et laiton\u00a0pour un usage de porte-manteau, porte-serviette ou porte-chapeau.\u00a0Elle est originale et \u00e9pur\u00e9e avec une forme douce et pratique. Une fois pos\u00e9e au mur \u00e0 l&rsquo;aide d&rsquo;une perceuse, elle permet de r\u00e9sister \u00e0 un poids de 5 kg environ.<\/p>\n","protected":false},"featured_media":1771,"comment_status":"closed","ping_status":"open","template":"","meta":[],"product_cat":[32,17,23],"product_tag":[26],"class_list":["post-393","product","type-product","status-publish","has-post-thumbnail","hentry","product_cat-entree-sejour","product_cat-salle-de-bain","product_cat-toilette-wc","product_tag-crochet-patere-patere-design-patere-murale-patere-porte-pateres-porte-serviette-porte-torchon","description-off"],"_links":{"self":[{"href":"https:\/\/roulettes.vaniseo.top\/index.php\/wp-json\/wp\/v2\/product\/393","targetHints":{"allow":["GET"]}}],"collection":[{"href":"https:\/\/roulettes.vaniseo.top\/index.php\/wp-json\/wp\/v2\/product"}],"about":[{"href":"https:\/\/roulettes.vaniseo.top\/index.php\/wp-json\/wp\/v2\/types\/product"}],"replies":[{"embeddable":true,"href":"https:\/\/roulettes.vaniseo.top\/index.php\/wp-json\/wp\/v2\/comments?post=393"}],"version-history":[{"count":0,"href":"https:\/\/roulettes.vaniseo.top\/index.php\/wp-json\/wp\/v2\/product\/393\/revisions"}],"wp:featuredmedia":[{"embeddable":true,"href":"https:\/\/roulettes.vaniseo.top\/index.php\/wp-json\/wp\/v2\/media\/1771"}],"wp:attachment":[{"href":"https:\/\/roulettes.vaniseo.top\/index.php\/wp-json\/wp\/v2\/media?parent=393"}],"wp:term":[{"taxonomy":"product_cat","embeddable":true,"href":"https:\/\/roulettes.vaniseo.top\/index.php\/wp-json\/wp\/v2\/product_cat?post=393"},{"taxonomy":"product_tag","embeddable":true,"href":"https:\/\/roulettes.vaniseo.top\/index.php\/wp-json\/wp\/v2\/product_tag?post=393"}],"curies":[{"name":"wp","href":"https:\/\/api.w.org\/{rel}","templated":true}]}}