{"id":394,"date":"2022-04-04T16:21:27","date_gmt":"2022-04-04T14:21:27","guid":{"rendered":"https:\/\/roulettes.vaniseo.top\/index.php\/produit\/patere-en-laiton-et-marbre-brun-petit-modele-ferm-living\/"},"modified":"2022-04-04T17:20:11","modified_gmt":"2022-04-04T15:20:11","slug":"patere-en-laiton-et-marbre-brun-petit-modele-ferm-living","status":"publish","type":"product","link":"https:\/\/roulettes.vaniseo.top\/index.php\/produit\/patere-en-laiton-et-marbre-brun-petit-modele-ferm-living\/","title":{"rendered":"Pat\u00e8re en laiton et marbre brun petit mod\u00e8le FERM LIVING"},"content":{"rendered":"<h3>Porte manteau laiton et marbre brun FERM LIVING<\/h3>\n<p>_x000D_n1001 Pat\u00e8res vous propose de d\u00e9couvrir ici la <strong>pat\u00e8re en laiton et marbre brun petit mod\u00e8le<\/strong> de chez\u00a0<a href=\"https:\/\/fermliving.com\/\" target=\"_blank\" rel=\"noopener\"><strong>FERM LIVING<\/strong><\/a>. Vous d\u00e9couvrirez \u00e0 quel point elle peut \u00eatre <strong>polyvalente<\/strong> pour un usage de porte-manteau, mais aussi de porte-serviette, ou encore de porte-chapeau. Ci dessous de nombreuses <strong>informations produits<\/strong> et <strong>conseils d&rsquo;installation<\/strong> vous attendent!_x000D_n_x000D_nTout d&rsquo;abord, voici une br\u00e8ve pr\u00e9sentation de <a href=\"https:\/\/1001pateres.com\/brand\/ferm-living\/\">Ferm Living<\/a>, l&rsquo;une des marques les plus repr\u00e9sent\u00e9es sur le site <strong>1001 Pat\u00e8res<\/strong>. Il s&rsquo;agit d&rsquo;une marque danoise, au style \u00e9pur\u00e9, minimaliste, r\u00e9solument <strong>scandinave<\/strong>! Sur notre site, d\u00e9couvrez essentiellement des <strong>pat\u00e8res de la marque \u00e0 crochet unique<\/strong>. Le plus de Ferm Living r\u00e9side surtout dans la<strong> combinaison d&rsquo;un design \u00e9l\u00e9gant<\/strong> et moderne associ\u00e9 \u00e0 des choix de <strong>mat\u00e9riaux nobles<\/strong>. Retrouvez par exemple l&rsquo;utilisation du granit, de l&rsquo;acier chrom\u00e9, de pierres semi-pr\u00e9cieuses, ou comme ici de laiton et de marbre._x000D_n_x000D_nEn effet, ici, le <strong>laiton<\/strong> est de tr\u00e8s belle qualit\u00e9. Le <strong>marbre brun<\/strong>, lui, est une pierre naturelle qui peut de ce fait, \u00eatre plus ou moins vein\u00e9e._x000D_n_x000D_nEnfin, quand \u00e0 sa forme, elle est <strong>originale\u00a0et \u00e9pur\u00e9e<\/strong> avec un toucher doux et pratique._x000D_n_x000D_nVous aimerez donc l&rsquo;association de <strong>tons chauds<\/strong>, \u00e0 la <strong>finesse de son design<\/strong> pour un <strong>r\u00e9sultat chic parfait<\/strong>! D\u00e9couvrez aussi sa version <a href=\"https:\/\/1001pateres.com\/produit\/patere-en-laiton-et-marbre-brun-grand-modele-ferm-living\/\">Grand mod\u00e8le<\/a>._x000D_n_x000D_n&nbsp;_x000D_n<\/p>\n<h3>Pat\u00e8re en laiton et marbre brun: nos conseils d&rsquo;installation<\/h3>\n<p>_x000D_nPar ailleurs, le <strong>porte manteau laiton et marbre brun<\/strong> comporte une base avec une tige viss\u00e9e de l&rsquo;int\u00e9rieur et un syst\u00e8me d&rsquo;accrochage avec sa vis et sa cheville incluses. Vous constaterez que la vis est non visible une fois mont\u00e9e. Ce mod\u00e8le est donc tr\u00e8s facile d&rsquo;installation mais n\u00e9cessite une perceuse pour positionner la cheville._x000D_n_x000D_nVoici ses dimensions:_x000D_n<\/p>\n<ul>_x000D_n \t<\/p>\n<li>La tige 3,5 cm X 1,9 cm de t\u00eate<\/li>\n<p>_x000D_n \t<\/p>\n<li>La base diam\u00e8tre 1 cm<\/li>\n<p>_x000D_n<\/ul>\n<p>_x000D_nPour finir, nous avons pu constater que nos clients aiment utiliser cette pat\u00e8re dans un univers \u00e0 l&rsquo;<strong>ambiance d\u00e9corative soign\u00e9e<\/strong>. Si vous utilisez d\u00e9j\u00e0 du marbre ou des touches de dor\u00e9 (laiton) dans votre int\u00e9rieur, celle-ci est parfaite. En revanche, pr\u00e9f\u00e9rez son utilisation sur un <strong>pan de mur sombre<\/strong>: marron, noir etc&#8230; La luminosit\u00e9 du laiton n&rsquo;en sera que valoris\u00e9e.<\/p>\n","protected":false},"excerpt":{"rendered":"<p>Porte-manteau petit mod\u00e8le en laiton et <strong>marbre brun<\/strong>\u00a0de la marque <em><strong>FERM LIVING<\/strong><\/em>. Jolie pat\u00e8re design en pierre et laiton\u00a0pour un usage de porte-manteau, porte-serviette ou porte-chapeau.\u00a0Elle est originale et \u00e9pur\u00e9e avec une forme douce et pratique. Une fois pos\u00e9e au mur \u00e0 l&rsquo;aide d&rsquo;une perceuse, elle permet de r\u00e9sister \u00e0 un poids de 5 kg environ.<\/p>\n","protected":false},"featured_media":1773,"comment_status":"closed","ping_status":"open","template":"","meta":[],"product_cat":[32,17,23],"product_tag":[26],"class_list":["post-394","product","type-product","status-publish","has-post-thumbnail","hentry","product_cat-entree-sejour","product_cat-salle-de-bain","product_cat-toilette-wc","product_tag-crochet-patere-patere-design-patere-murale-patere-porte-pateres-porte-serviette-porte-torchon","description-off"],"_links":{"self":[{"href":"https:\/\/roulettes.vaniseo.top\/index.php\/wp-json\/wp\/v2\/product\/394","targetHints":{"allow":["GET"]}}],"collection":[{"href":"https:\/\/roulettes.vaniseo.top\/index.php\/wp-json\/wp\/v2\/product"}],"about":[{"href":"https:\/\/roulettes.vaniseo.top\/index.php\/wp-json\/wp\/v2\/types\/product"}],"replies":[{"embeddable":true,"href":"https:\/\/roulettes.vaniseo.top\/index.php\/wp-json\/wp\/v2\/comments?post=394"}],"version-history":[{"count":0,"href":"https:\/\/roulettes.vaniseo.top\/index.php\/wp-json\/wp\/v2\/product\/394\/revisions"}],"wp:featuredmedia":[{"embeddable":true,"href":"https:\/\/roulettes.vaniseo.top\/index.php\/wp-json\/wp\/v2\/media\/1773"}],"wp:attachment":[{"href":"https:\/\/roulettes.vaniseo.top\/index.php\/wp-json\/wp\/v2\/media?parent=394"}],"wp:term":[{"taxonomy":"product_cat","embeddable":true,"href":"https:\/\/roulettes.vaniseo.top\/index.php\/wp-json\/wp\/v2\/product_cat?post=394"},{"taxonomy":"product_tag","embeddable":true,"href":"https:\/\/roulettes.vaniseo.top\/index.php\/wp-json\/wp\/v2\/product_tag?post=394"}],"curies":[{"name":"wp","href":"https:\/\/api.w.org\/{rel}","templated":true}]}}