{"id":395,"date":"2022-04-04T16:21:27","date_gmt":"2022-04-04T14:21:27","guid":{"rendered":"https:\/\/roulettes.vaniseo.top\/index.php\/produit\/porte-manteau-acier-et-marbre-noir-petit-modele-ferm-living\/"},"modified":"2022-04-04T17:20:12","modified_gmt":"2022-04-04T15:20:12","slug":"porte-manteau-acier-et-marbre-noir-petit-modele-ferm-living","status":"publish","type":"product","link":"https:\/\/roulettes.vaniseo.top\/index.php\/produit\/porte-manteau-acier-et-marbre-noir-petit-modele-ferm-living\/","title":{"rendered":"Porte manteau acier et marbre noir petit mod\u00e8le FERM LIVING"},"content":{"rendered":"<h3>Pat\u00e8re design tige acier et marbre noir FERM LIVING<\/h3>\n<p>_x000D_nLa boutique en ligne <strong>1001 Pat\u00e8res<\/strong> vous propose de d\u00e9couvrir ici l&rsquo;<strong>ultra chic<\/strong> petit mod\u00e8le de <strong>porte manteau acier et marbre noir\u00a0<\/strong><a href=\"https:\/\/fermliving.com\/\" target=\"_blank\" rel=\"noopener\"><strong>FERM LIVING<\/strong><\/a>. Il vous est conseill\u00e9 pour\u00a0un usage de porte-manteau, porte-serviette, porte-chapeau. Mais d\u00e9couvrez ci dessous l&rsquo;ensemble de nos <strong>conseils<\/strong> et <strong>informations<\/strong> \u00e0 son sujet._x000D_n_x000D_nTout d&rsquo;abord, apprenez \u00e0 conna\u00eetre rapidement <a href=\"https:\/\/1001pateres.com\/brand\/ferm-living\/\">Ferm Living<\/a>. Il s&rsquo;agit d&rsquo;une marque danoise au <strong>style nordique moderne, minimaliste et chic<\/strong>. Avec eux, sur notre site, trouvez des pat\u00e8res \u00e0 <strong>crochet unique<\/strong>, aux <strong>formes design<\/strong>, et aux <strong>mat\u00e9riaux nobles<\/strong>. Trouvez par exemple, des pat\u00e8res \u00e0 base de granit, de marbre, de verre souffl\u00e9, de pierres semi-pr\u00e9cieuses etc&#8230;_x000D_n_x000D_nD&rsquo;ailleurs ici, il s&rsquo;agit d&rsquo;un pat\u00e8re design avec une enveloppe en acier et l&rsquo;int\u00e9rieur en marbre noir. Il existe la m\u00eame version mais en <a href=\"https:\/\/1001pateres.com\/produit\/patere-en-acier-et-marbre-noir-grand-modele-ferm-living\/\">grand mod\u00e8le<\/a>. Aussi, l&rsquo;<strong>acier<\/strong> est de <strong>tr\u00e8s belle qualit\u00e9<\/strong>. Le <strong>marbre noir<\/strong>\u00a0lui est pour rappel, une <strong>pierre naturelle<\/strong>. Ses <strong>veines sont donc uniques<\/strong>, en plus ou moins grand nombre._x000D_n_x000D_nEnfin, vous aimerez ind\u00e9niablement\u00a0sa <strong>forme<\/strong> est <strong>originale<\/strong>\u00a0et <strong>\u00e9pur\u00e9e<\/strong> avec un <strong>toucher<\/strong> <strong>doux<\/strong> et <strong>pratique<\/strong>._x000D_n_x000D_n&nbsp;_x000D_n<\/p>\n<h3>Porte manteau acier et marbre noir Ferm Living: nos conseils<\/h3>\n<p>_x000D_nLa pat\u00e8re design comporte une base avec une tige viss\u00e9e de l&rsquo;int\u00e9rieur. Son syst\u00e8me d&rsquo;accrochage est constitu\u00e9 d&rsquo;une vis et sa cheville, bien s\u00fbr incluses. La vis est non visible une fois mont\u00e9e.\u00a0Ce mod\u00e8le est facile \u00e0 poser mais n\u00e9cessite une perceuse pour positionner la cheville. Enfin voici ses <strong>dimensions<\/strong>:_x000D_n<\/p>\n<ul>_x000D_n \t<\/p>\n<li>La tige 3,5 cm X 1,9 cm de t\u00eate<\/li>\n<p>_x000D_n \t<\/p>\n<li>La base diam\u00e8tre 1 cm<\/li>\n<p>_x000D_n<\/ul>\n<p>_x000D_nPour finir, nous vous conseillons de l&rsquo;<strong>associer \u00e0 son grand mod\u00e8le<\/strong> pour un r\u00e9sultat harmonieux. En revanche, pr\u00e9f\u00e9rez une utilisation sur un <strong>mur aux tons noir, blanc ou gris seulement<\/strong>. Du fait de sa bicoloration, l&rsquo;installer sur un mur color\u00e9 ne le mettrait pas suffisamment en valeur.<\/p>\n","protected":false},"excerpt":{"rendered":"<p>Porte-manteau petit mod\u00e8le en acier bross\u00e9 et <strong>marbre noir<\/strong>\u00a0de la marque <em><strong>FERM LIVING<\/strong><\/em>. Jolie pat\u00e8re design en pierre et acier pour un usage de porte-manteau, porte-serviette ou porte-chapeau.\u00a0Elle est originale et \u00e9pur\u00e9e avec une forme douce et pratique. Une fois pos\u00e9e au mur \u00e0 l&rsquo;aide d&rsquo;une perceuse, elle permet de r\u00e9sister \u00e0 un poids de 5 kg environ.<\/p>\n","protected":false},"featured_media":1775,"comment_status":"closed","ping_status":"open","template":"","meta":[],"product_cat":[32,17,23],"product_tag":[26],"class_list":["post-395","product","type-product","status-publish","has-post-thumbnail","hentry","product_cat-entree-sejour","product_cat-salle-de-bain","product_cat-toilette-wc","product_tag-crochet-patere-patere-design-patere-murale-patere-porte-pateres-porte-serviette-porte-torchon","description-off"],"_links":{"self":[{"href":"https:\/\/roulettes.vaniseo.top\/index.php\/wp-json\/wp\/v2\/product\/395","targetHints":{"allow":["GET"]}}],"collection":[{"href":"https:\/\/roulettes.vaniseo.top\/index.php\/wp-json\/wp\/v2\/product"}],"about":[{"href":"https:\/\/roulettes.vaniseo.top\/index.php\/wp-json\/wp\/v2\/types\/product"}],"replies":[{"embeddable":true,"href":"https:\/\/roulettes.vaniseo.top\/index.php\/wp-json\/wp\/v2\/comments?post=395"}],"version-history":[{"count":0,"href":"https:\/\/roulettes.vaniseo.top\/index.php\/wp-json\/wp\/v2\/product\/395\/revisions"}],"wp:featuredmedia":[{"embeddable":true,"href":"https:\/\/roulettes.vaniseo.top\/index.php\/wp-json\/wp\/v2\/media\/1775"}],"wp:attachment":[{"href":"https:\/\/roulettes.vaniseo.top\/index.php\/wp-json\/wp\/v2\/media?parent=395"}],"wp:term":[{"taxonomy":"product_cat","embeddable":true,"href":"https:\/\/roulettes.vaniseo.top\/index.php\/wp-json\/wp\/v2\/product_cat?post=395"},{"taxonomy":"product_tag","embeddable":true,"href":"https:\/\/roulettes.vaniseo.top\/index.php\/wp-json\/wp\/v2\/product_tag?post=395"}],"curies":[{"name":"wp","href":"https:\/\/api.w.org\/{rel}","templated":true}]}}