{"id":396,"date":"2022-04-04T16:21:35","date_gmt":"2022-04-04T14:21:35","guid":{"rendered":"https:\/\/roulettes.vaniseo.top\/index.php\/produit\/porte-manteau-acier-et-marbre-noir-grand-modele-ferm-living\/"},"modified":"2022-04-04T17:20:15","modified_gmt":"2022-04-04T15:20:15","slug":"porte-manteau-acier-et-marbre-noir-grand-modele-ferm-living","status":"publish","type":"product","link":"https:\/\/roulettes.vaniseo.top\/index.php\/produit\/porte-manteau-acier-et-marbre-noir-grand-modele-ferm-living\/","title":{"rendered":"Porte manteau acier et marbre noir grand mod\u00e8le FERM LIVING"},"content":{"rendered":"<h3>Pat\u00e8re design tige acier et marbre noir FERM LIVING<\/h3>\n<p>_x000D_n1001 Pat\u00e8res vous propose de d\u00e9couvrir ci dessous le <strong>porte manteau acier et marbre noir<\/strong>, en version<strong> grand mod\u00e8le<\/strong> de chez\u00a0<a href=\"https:\/\/fermliving.com\/\" target=\"_blank\" rel=\"noopener\"><strong>FERM LIVING<\/strong><\/a>. Il est id\u00e9al\u00a0pour un usage de porte-manteau, porte-serviette, ou encore porte-chapeau._x000D_n_x000D_nMais tout d&rsquo;abord, pr\u00e9sentons <a href=\"https:\/\/1001pateres.com\/brand\/ferm-living\/\">Ferm Living<\/a>, l&rsquo;une des marques les plus vendues par 1001 Pat\u00e8res. Cette marque est <strong>danoise<\/strong>. Les pat\u00e8res s\u00e9lectionn\u00e9es ici sont toutes <strong>\u00e0 crochet unique<\/strong>. 1001 Pat\u00e8res l&rsquo;a choisi pour la <strong>qualit\u00e9<\/strong> de ses produits au design <strong>modern, minimaliste, et chic<\/strong>. Enfin, l&rsquo;ensemble des pat\u00e8res font appel \u00e0 des <strong>mat\u00e9riaux nobles<\/strong> comme le verre souffl\u00e9, le granit, les pierres semi-pr\u00e9cieuses, et comme ici l&rsquo;acier et le marbre._x000D_n_x000D_nAinsi, forme et mati\u00e8re offrent ensemble un produit <strong>vraiment \u00e9l\u00e9gant<\/strong>. Ici, sp\u00e9cifiquement, la\u00a0forme de la pat\u00e8re est <strong>originale\u00a0et \u00e9pur\u00e9e avec un toucher doux<\/strong> et pratique tr\u00e8s agr\u00e9able. C\u00f4t\u00e9 mati\u00e8re, l&rsquo;acier est de tr\u00e8s belle qualit\u00e9, il enveloppe ici le marbre de la base au bouton. Le <strong>marbre noir<\/strong>\u00a0lui, \u00e0 l&rsquo;int\u00e9rieur, est une <strong>pierre naturelle<\/strong>. De ce fait, il peut \u00eatre <strong>plus ou moins vein\u00e9 selon les mod\u00e8les<\/strong>._x000D_n_x000D_nExiste aussi en version <a href=\"https:\/\/1001pateres.com\/produit\/patere-en-acier-et-marbre-noir-petit-modele-ferm-living\/\">petit mod\u00e8le<\/a>._x000D_n_x000D_n&nbsp;_x000D_n<\/p>\n<h3>Conseils d&rsquo;installation du porte manteau acier et marbre noir<\/h3>\n<p>_x000D_nDe plus, la pat\u00e8re design acier comporte une <strong>base avec une tige viss\u00e9e de l&rsquo;int\u00e9rieur<\/strong>\u00a0et un syst\u00e8me d&rsquo;accrochage avec vis et cheville fournies. Vous aimerez constater que la vis est non visible une fois mont\u00e9e.\u00a0Ce mod\u00e8le est facile \u00e0 poser mais n\u00e9cessite une per\u00e7euse pour positionner la cheville. Voici ses <strong>dimensions<\/strong>:_x000D_n<\/p>\n<ul>_x000D_n \t<\/p>\n<li>La tige longueur 2 cm X 1,9 cm de diam\u00e8tre de base<\/li>\n<p>_x000D_n \t<\/p>\n<li>L&#8217;embout marbre diam\u00e8tre 4 cm avec l&rsquo;acier<\/li>\n<p>_x000D_n<\/ul>\n<p>_x000D_nPour finir, 1001 Pat\u00e8res souhaitait vous donner quelques astuces d\u00e9coratives. Ainsi, avec un double coloris acier et noir, optez pour une fixation sur un <strong>mur<\/strong> non color\u00e9. <strong>Le blanc, le noir et le gris<\/strong> seront les seules tonalit\u00e9s \u00e0 privil\u00e9gier pour une mise en valeur parfaite du produit.<\/p>\n","protected":false},"excerpt":{"rendered":"<p>Porte-manteau grand mod\u00e8le en acier bross\u00e9 et <strong>marbre noir<\/strong>\u00a0de la marque <em><strong>FERM LIVING<\/strong><\/em>. Jolie pat\u00e8re design en pierre et acier pour un usage de porte-manteau, porte-serviette ou porte-chapeau.\u00a0Elle est originale et \u00e9pur\u00e9e avec une forme douce et pratique. Une fois pos\u00e9e au mur \u00e0 l&rsquo;aide d&rsquo;une perceuse, elle permet de r\u00e9sister \u00e0 un poids de 5 kg environ.<\/p>\n","protected":false},"featured_media":1777,"comment_status":"closed","ping_status":"open","template":"","meta":[],"product_cat":[32,17,23],"product_tag":[26],"class_list":["post-396","product","type-product","status-publish","has-post-thumbnail","hentry","product_cat-entree-sejour","product_cat-salle-de-bain","product_cat-toilette-wc","product_tag-crochet-patere-patere-design-patere-murale-patere-porte-pateres-porte-serviette-porte-torchon","description-off"],"_links":{"self":[{"href":"https:\/\/roulettes.vaniseo.top\/index.php\/wp-json\/wp\/v2\/product\/396","targetHints":{"allow":["GET"]}}],"collection":[{"href":"https:\/\/roulettes.vaniseo.top\/index.php\/wp-json\/wp\/v2\/product"}],"about":[{"href":"https:\/\/roulettes.vaniseo.top\/index.php\/wp-json\/wp\/v2\/types\/product"}],"replies":[{"embeddable":true,"href":"https:\/\/roulettes.vaniseo.top\/index.php\/wp-json\/wp\/v2\/comments?post=396"}],"version-history":[{"count":0,"href":"https:\/\/roulettes.vaniseo.top\/index.php\/wp-json\/wp\/v2\/product\/396\/revisions"}],"wp:featuredmedia":[{"embeddable":true,"href":"https:\/\/roulettes.vaniseo.top\/index.php\/wp-json\/wp\/v2\/media\/1777"}],"wp:attachment":[{"href":"https:\/\/roulettes.vaniseo.top\/index.php\/wp-json\/wp\/v2\/media?parent=396"}],"wp:term":[{"taxonomy":"product_cat","embeddable":true,"href":"https:\/\/roulettes.vaniseo.top\/index.php\/wp-json\/wp\/v2\/product_cat?post=396"},{"taxonomy":"product_tag","embeddable":true,"href":"https:\/\/roulettes.vaniseo.top\/index.php\/wp-json\/wp\/v2\/product_tag?post=396"}],"curies":[{"name":"wp","href":"https:\/\/api.w.org\/{rel}","templated":true}]}}