{"id":397,"date":"2022-04-04T16:21:35","date_gmt":"2022-04-04T14:21:35","guid":{"rendered":"https:\/\/roulettes.vaniseo.top\/index.php\/produit\/patere-bambou-cercle-noir\/"},"modified":"2022-04-04T17:20:16","modified_gmt":"2022-04-04T15:20:16","slug":"patere-bambou-cercle-noir","status":"publish","type":"product","link":"https:\/\/roulettes.vaniseo.top\/index.php\/produit\/patere-bambou-cercle-noir\/","title":{"rendered":"Pat\u00e8re BAMBOU cercle noir"},"content":{"rendered":"<h3>Porte manteau pour entr\u00e9e en BAMBOU et cerclage en plastique noir semi-rigide<\/h3>\n<p>_x000D_n<strong>1001 Pat\u00e8res<\/strong> vous pr\u00e9sente ici la <strong>pat\u00e8re bambou cercle noir<\/strong>._x000D_n_x000D_nCi dessous, d\u00e9couvrez toutes les <strong>informations techniques et d\u00e9coratives<\/strong> de cette r\u00e9f\u00e9rence de la marque 1001 Pat\u00e8res. Ainsi, vous comprendrez que non seulement <strong>1001 Pat\u00e8res<\/strong> est le nom de votre site marchand mais aussi celui de sa propre <strong>marque<\/strong> proposant des <strong>produits de qualit\u00e9 \u00e0 petits prix<\/strong>._x000D_n_x000D_nAinsi, ici, d\u00e9couvrez un produit \u00e0 la fois compl\u00e8tement <strong>dans l&rsquo;air du temps<\/strong>, et tr\u00e8s <strong>pratique<\/strong>. Cette jolie pat\u00e8re ronde\u00a0en bois naturel\u00a0est id\u00e9ale pour accrocher v\u00eatements ou serviettes. Sa forme ronde permet de <strong>ne pas marquer les v\u00eatements<\/strong>. Techniquement, l&rsquo;int\u00e9rieur du rond est en <strong>bambou<\/strong> de couleur <strong>naturelle<\/strong>. L&rsquo;ext\u00e9rieur est fait de <strong>plastique noir semi-rigide<\/strong>. Ainsi, il tol\u00e8re l&rsquo;humidit\u00e9 d&rsquo;une serviette de bain ou d&rsquo;un manteau._x000D_n_x000D_nCela fait de ce produit, une r\u00e9f\u00e9rence vraiment polyvalente, pouvant \u00e0 la fois \u00eatre utilis\u00e9e comme porte manteau dans une <strong>entr\u00e9e<\/strong>, ou comme porte serviette dans une <strong>salle de bain<\/strong>._x000D_n_x000D_nSon style <strong>moderne bois et noir profond<\/strong> le rend v\u00e9ritablement design pour s&rsquo;int\u00e9grer avec \u00e9l\u00e9gance dans de nombreux int\u00e9rieur de <strong>maison ou d&rsquo;entreprise<\/strong>._x000D_n_x000D_n&nbsp;_x000D_n<\/p>\n<h3>Fixer au mur la pat\u00e8re en bambou et cercle noir<\/h3>\n<p>_x000D_nPour finir, c\u00f4t\u00e9 <strong>installation<\/strong>, ce mod\u00e8le de pat\u00e8re en bambou et cercle noir est \u00e0 fixer partout o\u00f9 vous en avez besoin.\u00a0Il comporte un syst\u00e8me d&rsquo;accrochage avec sa vis et sa cheville.\u00a0Il est facile \u00e0 poser mais n\u00e9cessite l&rsquo;usage d&rsquo;une perceuse._x000D_n_x000D_nPensez \u00e0 tenir compte de ses <strong>dimensions<\/strong>, notamment si vous avez autre chose sur le pan de mur:_x000D_n<\/p>\n<ul>_x000D_n \t<\/p>\n<li>Diam\u00e8tre de la pat\u00e8re en bambou ronde: 8 cm<\/li>\n<p>_x000D_n \t<\/p>\n<li>Ecartement du mur: 4,5 cm<\/li>\n<p>_x000D_n<\/ul>\n<p>_x000D_nN&rsquo;h\u00e9sitez pas \u00e0 contacter le service client par t\u00e9l\u00e9phone ou par formulaire en page Contact pour toute question compl\u00e9mentaire ou pour une demande de devis sp\u00e9cifique pour de nombreuses quantit\u00e9s.<\/p>\n","protected":false},"excerpt":{"rendered":"<p>Jolie pat\u00e8re de salle de bain ou pour l&rsquo;entr\u00e9e en\u00a0<strong>BAMBOU<\/strong>\u00a0avec un <em><strong>cercle noir<\/strong> <\/em>est pratique et a un design naturel. Pat\u00e8re murale, elle se placera aussi bien dans l&rsquo;entr\u00e9e que la salle de bain et son cerclage en plastique \u00e9vitera d&rsquo;abimer les v\u00eatements. Elle est \u00e0 fixer partout o\u00f9 vous en avez besoin.<\/p>\n","protected":false},"featured_media":1779,"comment_status":"closed","ping_status":"open","template":"","meta":[],"product_cat":[29,32,17],"product_tag":[26],"class_list":["post-397","product","type-product","status-publish","has-post-thumbnail","hentry","product_cat-chambre-adulte","product_cat-entree-sejour","product_cat-salle-de-bain","product_tag-crochet-patere-patere-design-patere-murale-patere-porte-pateres-porte-serviette-porte-torchon","description-off"],"_links":{"self":[{"href":"https:\/\/roulettes.vaniseo.top\/index.php\/wp-json\/wp\/v2\/product\/397","targetHints":{"allow":["GET"]}}],"collection":[{"href":"https:\/\/roulettes.vaniseo.top\/index.php\/wp-json\/wp\/v2\/product"}],"about":[{"href":"https:\/\/roulettes.vaniseo.top\/index.php\/wp-json\/wp\/v2\/types\/product"}],"replies":[{"embeddable":true,"href":"https:\/\/roulettes.vaniseo.top\/index.php\/wp-json\/wp\/v2\/comments?post=397"}],"version-history":[{"count":0,"href":"https:\/\/roulettes.vaniseo.top\/index.php\/wp-json\/wp\/v2\/product\/397\/revisions"}],"wp:featuredmedia":[{"embeddable":true,"href":"https:\/\/roulettes.vaniseo.top\/index.php\/wp-json\/wp\/v2\/media\/1779"}],"wp:attachment":[{"href":"https:\/\/roulettes.vaniseo.top\/index.php\/wp-json\/wp\/v2\/media?parent=397"}],"wp:term":[{"taxonomy":"product_cat","embeddable":true,"href":"https:\/\/roulettes.vaniseo.top\/index.php\/wp-json\/wp\/v2\/product_cat?post=397"},{"taxonomy":"product_tag","embeddable":true,"href":"https:\/\/roulettes.vaniseo.top\/index.php\/wp-json\/wp\/v2\/product_tag?post=397"}],"curies":[{"name":"wp","href":"https:\/\/api.w.org\/{rel}","templated":true}]}}