{"id":398,"date":"2022-04-04T16:21:35","date_gmt":"2022-04-04T14:21:35","guid":{"rendered":"https:\/\/roulettes.vaniseo.top\/index.php\/produit\/cadre-photo-aimante-avec-patere-en-acier-bleu-glacial-presse-citron\/"},"modified":"2022-04-04T17:20:17","modified_gmt":"2022-04-04T15:20:17","slug":"cadre-photo-aimante-avec-patere-en-acier-bleu-glacial-presse-citron","status":"publish","type":"product","link":"https:\/\/roulettes.vaniseo.top\/index.php\/produit\/cadre-photo-aimante-avec-patere-en-acier-bleu-glacial-presse-citron\/","title":{"rendered":"Cadre photo aimant\u00e9 avec pat\u00e8re en acier bleu glacial PRESSE CITRON"},"content":{"rendered":"<h3>Pat\u00e8re avec cadre en m\u00e9tal bleu glacial<\/h3>\n<p>_x000D_nLeader en France de la vente en ligne de pat\u00e8res et porte manteaux,<strong> 1001 Pat\u00e8res<\/strong>\u00a0pr\u00e9sente ici toutes les informations techniques et d\u00e9coratives du\u00a0<strong>cadre photo aimant\u00e9 avec pat\u00e8re en acier bleu glacial\u00a0<\/strong>et de sa marque <strong>Presse Citron<\/strong>._x000D_n_x000D_nAinsi, sur ce site, 1001 Pat\u00e8res propose des produits au meilleur rapport qualit\u00e9 prix issus de marques internationales. Et,\u00a0<a href=\"https:\/\/1001pateres.com\/brand\/presse-citron\">Presse Citron<\/a> fait partie de ses marques de pr\u00e9dilection! C&rsquo;est une marque fran\u00e7aise qui propose des produits sont \u00e0 la fois<strong>\u00a0originaux, modernes<\/strong> et d\u2019une <strong>tr\u00e8s bonne\u00a0qualit\u00e9<\/strong>._x000D_n_x000D_nCi-contre, voyez ce tout nouveau style de porte manteau d&rsquo;\u00e9colier! Il s&rsquo;agit r\u00e9ellement d&rsquo;un cadre photo aimant\u00e9 avec pat\u00e8re en acier bleu galacial qui vient <em>pimper<\/em> tout int\u00e9rieur. Il s&rsquo;int\u00e8greraient \u00e0 n&rsquo;importe quelle pi\u00e8ce de la maison pour mieux ranger. Chambres comme entr\u00e9e accepteront volontiers un tel objet d\u00e9coratif et de rangement._x000D_n_x000D_nD&rsquo;ailleurs, son support est\u00a0en <strong>acier teint\u00e9 bleu glacial, dans la masse<\/strong>. \u00a0Son\u00a0<strong>cadre photo<\/strong> accueille bien s\u00fbr n&rsquo;importe quelle <strong>image<\/strong> ou <strong>photo<\/strong> pour pouvoir le\u00a0<strong>personnaliser<\/strong>._x000D_n_x000D_nSachez que cette r\u00e9f\u00e9rence int\u00e8gre une <strong>collection compl\u00e8te offrant diff\u00e9rents coloris<\/strong> comme le vert anglais, le rose saumon, le <a href=\"https:\/\/1001pateres.com\/produit\/patere-design-avec-cadre-photo-aimante-rose\/\">rose<\/a> flashy, le noir, le gris, et le rouge._x000D_n_x000D_n&nbsp;_x000D_n<\/p>\n<h3>Accrocher le cadre photo aimant\u00e9 avec pat\u00e8re en acier<\/h3>\n<p>_x000D_nEnfin, la pat\u00e8re avec cadre en m\u00e9tal dispose d&rsquo;un <strong>syst\u00e8me d&rsquo;accrochage rapide et simple<\/strong> de mise en place. Elle inclut deux vis et chevilles mais n\u00e9cessite l&rsquo;usage de votre perceuse._x000D_n_x000D_nPour finir, voici ses <strong>dimensions<\/strong> ci dessous. Pensez \u00e0 en tenir compte, surtout dans le cas o\u00f9 vous d\u00e9multipliez la collection en ligne sur un m\u00eame pan de mur:_x000D_n<\/p>\n<ul>_x000D_n \t<\/p>\n<li>Dimensions du cadre photo aimant\u00e9 avec pat\u00e8re: 9 cm X 14,5 cm<\/li>\n<p>_x000D_n \t<\/p>\n<li>Ecartement du mur: 4,5 cm<\/li>\n<p>_x000D_n<\/ul>\n<p>_x000D_n<span style=\"line-height: 1.5\">Nos clients retiennent incontestablement ce produit pour sa couleur vive, sa personnalisation possible, et bien s\u00fbr sa tr\u00e8s belle qualit\u00e9.<\/span><\/p>\n","protected":false},"excerpt":{"rendered":"<p><strong>Pat\u00e8re design<\/strong> cadre photo bleu glacial.\u00a0Ce porte-manteau design de la marque <em><strong>PRESSE CITRON<\/strong><\/em> est en acier teint\u00e9 dans la masse, elle est \u00e0 poser partout dans la maison pour ne plus laisser trainer ses affaires.\u00a0Elle est particuli\u00e8rement adapt\u00e9e \u00e0 l&rsquo;entr\u00e9e et aux chambres pour d\u00e9poser son manteau.<\/p>\n","protected":false},"featured_media":1782,"comment_status":"closed","ping_status":"open","template":"","meta":[],"product_cat":[29,32,17],"product_tag":[27],"class_list":["post-398","product","type-product","status-publish","has-post-thumbnail","hentry","product_cat-chambre-adulte","product_cat-entree-sejour","product_cat-salle-de-bain","product_tag-crochet-patere-patere-design-patere-murale-patere-porte-pateres-porte-serviette-porte-torchon-vestiaire","description-off"],"_links":{"self":[{"href":"https:\/\/roulettes.vaniseo.top\/index.php\/wp-json\/wp\/v2\/product\/398","targetHints":{"allow":["GET"]}}],"collection":[{"href":"https:\/\/roulettes.vaniseo.top\/index.php\/wp-json\/wp\/v2\/product"}],"about":[{"href":"https:\/\/roulettes.vaniseo.top\/index.php\/wp-json\/wp\/v2\/types\/product"}],"replies":[{"embeddable":true,"href":"https:\/\/roulettes.vaniseo.top\/index.php\/wp-json\/wp\/v2\/comments?post=398"}],"version-history":[{"count":0,"href":"https:\/\/roulettes.vaniseo.top\/index.php\/wp-json\/wp\/v2\/product\/398\/revisions"}],"wp:featuredmedia":[{"embeddable":true,"href":"https:\/\/roulettes.vaniseo.top\/index.php\/wp-json\/wp\/v2\/media\/1782"}],"wp:attachment":[{"href":"https:\/\/roulettes.vaniseo.top\/index.php\/wp-json\/wp\/v2\/media?parent=398"}],"wp:term":[{"taxonomy":"product_cat","embeddable":true,"href":"https:\/\/roulettes.vaniseo.top\/index.php\/wp-json\/wp\/v2\/product_cat?post=398"},{"taxonomy":"product_tag","embeddable":true,"href":"https:\/\/roulettes.vaniseo.top\/index.php\/wp-json\/wp\/v2\/product_tag?post=398"}],"curies":[{"name":"wp","href":"https:\/\/api.w.org\/{rel}","templated":true}]}}