{"id":399,"date":"2022-04-04T16:21:35","date_gmt":"2022-04-04T14:21:35","guid":{"rendered":"https:\/\/roulettes.vaniseo.top\/index.php\/produit\/cadre-photo-aimante-avec-patere-en-acier-rose-saumon-presse-citron\/"},"modified":"2022-04-04T17:20:19","modified_gmt":"2022-04-04T15:20:19","slug":"cadre-photo-aimante-avec-patere-en-acier-rose-saumon-presse-citron","status":"publish","type":"product","link":"https:\/\/roulettes.vaniseo.top\/index.php\/produit\/cadre-photo-aimante-avec-patere-en-acier-rose-saumon-presse-citron\/","title":{"rendered":"Cadre photo aimant\u00e9 avec pat\u00e8re en acier rose saumon PRESSE CITRON"},"content":{"rendered":"<h3>Pat\u00e8re avec cadre en m\u00e9tal rose saumon<\/h3>\n<p>_x000D_n<strong>1001 Pat\u00e8res<\/strong> vous pr\u00e9sente son <strong>cadre photo aimant\u00e9 avec pat\u00e8re en acier rose saumon de chez Presse Citron<\/strong>. D\u00e9couvrez donc ci dessous une description succincte de la marque et toutes les informations techniques et d\u00e9coratives de cette r\u00e9f\u00e9rence._x000D_n_x000D_nAinsi, 1001 Pat\u00e8res, n\u00b01 en France de la vente en ligne de pat\u00e8res et porte manteaux propose des produits au meilleur rapport qualit\u00e9 prix issus de marques internationales. <a href=\"https:\/\/1001pateres.com\/brand\/presse-citron\">Presse Citron<\/a> fait partie de ses marques de pr\u00e9dilection! N\u00e9e en France en 1997, les produits sont \u00e0 la fois <strong>\u00e9pur\u00e9s, originaux<\/strong> et d\u2019une <strong>qualit\u00e9 incroyable<\/strong>._x000D_n_x000D_nAinsi, ci-contre, d\u00e9couvrez le porte manteau d&rsquo;\u00e9colier revu et corrig\u00e9! Ce cadre photo aimant\u00e9 avec pat\u00e8re en acier rose saumon vient <em>pimper<\/em> votre int\u00e9rieur._x000D_n_x000D_nD&rsquo;ailleurs, son support est\u00a0en <strong>acier teint\u00e9 rose saumon, dans la masse<\/strong>. Il se pose partout dans la maison pour ne plus laisser trainer d&rsquo;affaires.\u00a0Aussi, cette pat\u00e8re cadre photo rose saumon s&rsquo;adapte particuli\u00e8rement \u00e0 l&rsquo;entr\u00e9e et aux chambres pour d\u00e9poser son\u00a0manteau. Le <strong>cadre photo<\/strong> accueille bien s\u00fbr n&rsquo;importe quelle <strong>image<\/strong> ou <strong>photo<\/strong> pour <strong>personnaliser l&rsquo;objet<\/strong>._x000D_n_x000D_nCette r\u00e9f\u00e9rence int\u00e8gre une <strong>collection compl\u00e8te offrant diff\u00e9rents coloris<\/strong> comme le <a href=\"https:\/\/1001pateres.com\/produit\/patere-design-avec-cadre-photo-aimante-vert-anglais-presse-citron\/\">vert anglais<\/a>, le bleu glacial, le rose, le noir, le gris, et le rouge._x000D_n_x000D_n&nbsp;_x000D_n<\/p>\n<h3>Installation du cadre photo aimant\u00e9 avec pat\u00e8re en acier<\/h3>\n<p>_x000D_nEnfin, c\u00f4t\u00e9 installation, la pat\u00e8re avec cadre en m\u00e9tal comporte un syst\u00e8me d&rsquo;accrochage simple avec deux vis et chevilles fournies.\u00a0Sa pose n\u00e9cessite l&rsquo;usage de votre perceuse._x000D_n_x000D_n<span style=\"line-height: 1.5\">Nos clients retiennent incontestablement ce produit pour ses couleurs dynamiques, sa personnalisation possible, et bien s\u00fbr sa tr\u00e8s belle qualit\u00e9.<\/span>_x000D_n_x000D_nPour finir, voici ses dimensions ci dessous. Pensez \u00e0 en tenir compte, surtout dans le cas o\u00f9 vous d\u00e9multipliez la collection en ligne sur un m\u00eame pan de mur:_x000D_n<\/p>\n<ul>_x000D_n \t<\/p>\n<li>Dimensions du cadre photo aimant\u00e9 avec pat\u00e8re: 9 cm X 14,5 cm<\/li>\n<p>_x000D_n \t<\/p>\n<li>Ecartement du mur: 4,5 cm<\/li>\n<p>_x000D_n<\/ul>\n","protected":false},"excerpt":{"rendered":"<p><strong>Pat\u00e8re design<\/strong> cadre photo rose saumon.\u00a0Ce porte-manteau design de la marque <em><strong>PRESSE CITRON<\/strong><\/em> est en acier teint\u00e9 dans la masse, elle est \u00e0 poser partout dans la maison pour ne plus laisser trainer ses affaires.\u00a0Elle est particuli\u00e8rement adapt\u00e9e \u00e0 l&rsquo;entr\u00e9e et aux chambres pour d\u00e9poser son manteau.<\/p>\n","protected":false},"featured_media":1785,"comment_status":"closed","ping_status":"open","template":"","meta":[],"product_cat":[29,32,17],"product_tag":[27],"class_list":["post-399","product","type-product","status-publish","has-post-thumbnail","hentry","product_cat-chambre-adulte","product_cat-entree-sejour","product_cat-salle-de-bain","product_tag-crochet-patere-patere-design-patere-murale-patere-porte-pateres-porte-serviette-porte-torchon-vestiaire","description-off"],"_links":{"self":[{"href":"https:\/\/roulettes.vaniseo.top\/index.php\/wp-json\/wp\/v2\/product\/399","targetHints":{"allow":["GET"]}}],"collection":[{"href":"https:\/\/roulettes.vaniseo.top\/index.php\/wp-json\/wp\/v2\/product"}],"about":[{"href":"https:\/\/roulettes.vaniseo.top\/index.php\/wp-json\/wp\/v2\/types\/product"}],"replies":[{"embeddable":true,"href":"https:\/\/roulettes.vaniseo.top\/index.php\/wp-json\/wp\/v2\/comments?post=399"}],"version-history":[{"count":0,"href":"https:\/\/roulettes.vaniseo.top\/index.php\/wp-json\/wp\/v2\/product\/399\/revisions"}],"wp:featuredmedia":[{"embeddable":true,"href":"https:\/\/roulettes.vaniseo.top\/index.php\/wp-json\/wp\/v2\/media\/1785"}],"wp:attachment":[{"href":"https:\/\/roulettes.vaniseo.top\/index.php\/wp-json\/wp\/v2\/media?parent=399"}],"wp:term":[{"taxonomy":"product_cat","embeddable":true,"href":"https:\/\/roulettes.vaniseo.top\/index.php\/wp-json\/wp\/v2\/product_cat?post=399"},{"taxonomy":"product_tag","embeddable":true,"href":"https:\/\/roulettes.vaniseo.top\/index.php\/wp-json\/wp\/v2\/product_tag?post=399"}],"curies":[{"name":"wp","href":"https:\/\/api.w.org\/{rel}","templated":true}]}}