{"id":40,"date":"2022-04-04T16:20:06","date_gmt":"2022-04-04T14:20:06","guid":{"rendered":"https:\/\/roulettes.vaniseo.top\/index.php\/produit\/patere-tige-color-design-aluminium-dore\/"},"modified":"2022-04-04T17:08:41","modified_gmt":"2022-04-04T15:08:41","slug":"patere-tige-color-design-aluminium-dore","status":"publish","type":"product","link":"https:\/\/roulettes.vaniseo.top\/index.php\/produit\/patere-tige-color-design-aluminium-dore\/","title":{"rendered":"Pat\u00e8re tige color design aluminium dor\u00e9"},"content":{"rendered":"<h3>Porte manteau design Color jaune dor\u00e9<\/h3>\n<p>_x000D_n<strong>1001 Pat\u00e8res<\/strong> offre ici la version<strong> jaune dor\u00e9e<\/strong> de la <strong>pat\u00e8re tige Color design aluminium<\/strong>._x000D_n_x000D_nEn effet, retrouvez une collection compl\u00e8te de\u00a0<em><strong>tige<\/strong><\/em> de la s\u00e9rie \u00ab\u00a0Color\u00a0\u00bb en <strong>aluminium teint\u00e9 dans la masse\u00a0<\/strong>aux couleurs suivantes disponible sur ce site: <strong>orange, noir, brun, mauve, vert, <a href=\"https:\/\/1001pateres.com\/produit\/patere-tige-color-design-aluminium\/\">grise<\/a>, bleu roi, turquoise, et rouge<\/strong>. Nous vous d\u00e9voilons ci dessous l&rsquo;ensemble de ses informations techniques et d\u00e9coratives._x000D_n_x000D_nMais tout d&rsquo;abord, revenons rapidement sur <a href=\"https:\/\/1001pateres.com\/brand\/1001pateres\/\">1001 Pat\u00e8res<\/a>. Au del\u00e0 d&rsquo;\u00eatre une marque de pat\u00e8re, comme pour celle pr\u00e9sent\u00e9e ci contre, il s&rsquo;agit avant d&rsquo;un site de vente en ligne. Celui-ci est <strong>n\u00b01 en France de pat\u00e8res et porte manteaux<\/strong>. Gr\u00e2ce \u00e0 lui, retrouvez un large choix de <strong>styles<\/strong> et de <strong>prix<\/strong>, via de nombreuses <strong>marques internationales<\/strong>._x000D_n_x000D_nAinsi, vous profitez sur une m\u00eame adresse du meilleur de la pat\u00e8re pour toujours plus de rangement pour la maison et le bureau. Soutenez ce site en fran\u00e7ais, et <strong>profitez de d\u00e9lai et frais de livraison r\u00e9duits<\/strong>!_x000D_n_x000D_n&nbsp;_x000D_n<\/p>\n<h3>Pat\u00e8re tige Color design aluminium dor\u00e9<\/h3>\n<p>_x000D_nPar ailleurs, ci-contre pr\u00e9cis\u00e9ment, il s&rsquo;agit du porte manteau design tige Color jaune\u00a0<strong>dor\u00e9<\/strong>. Du fait d&rsquo;\u00eatre teint\u00e9 dans la masse dans de l&rsquo;aluminium, cela le rend <strong>inoxydable<\/strong>. Il peut donc autant\u00a0servir de porte torchon, porte serviette, porte gant ou porte manteau._x000D_n_x000D_nIncontestablement, cette pat\u00e8re murale au <strong>design \u00e9pur\u00e9<\/strong>, est <strong>tr\u00e8s pratique<\/strong> d&rsquo;utilisation! De couleur dor\u00e9e <strong>m\u00e9tallis\u00e9e<\/strong>, cette pat\u00e8re conviendra en plus, parfaitement \u00e0 un <strong>univers moderne<\/strong> puisque cette finition revient tr\u00e8s en vogue actuellement._x000D_n_x000D_nEnfin, pour son <strong>installation<\/strong>, aucune difficult\u00e9 \u00e0 pr\u00e9voir! Elle comporte une tige et un syst\u00e8me de fixation avec sa vis et sa cheville pr\u00e9vues dans le carton. Une fois fix\u00e9e, la vis restera non visible.\u00a0Facile \u00e0 poser, ce porte manteau design n\u00e9cessitera seulement la pr\u00e9sence de votre perceuse pour positionner la cheville dans le mur._x000D_n_x000D_nPensez \u00e0 tenir compte de ses <strong>dimensions<\/strong> sp\u00e9cifiques:_x000D_n<\/p>\n<ul>_x000D_n \t<\/p>\n<li>Pat\u00e8re tige Color: 5,3 cm X 2 cm<\/li>\n<p>_x000D_n \t<\/p>\n<li>Diam\u00e8tre de la base: 3,2 cm<\/li>\n<p>_x000D_n \t<\/p>\n<li>Vis de 2,3 cm<\/li>\n<p>_x000D_n<\/ul>\n","protected":false},"excerpt":{"rendered":"<p>Belle pat\u00e8re design en forme de <em><strong>tige<\/strong><\/em> color en aluminium teint\u00e9 dans la masse <strong>jaune<\/strong> qui peut servir de porte torchon, porte serviette, porte gant, porte manteau.\u00a0Pat\u00e8re murale au design \u00e9pur\u00e9e, elle sera tr\u00e8s pratique \u00e0 l&rsquo;utilisation.<\/p>\n","protected":false},"featured_media":780,"comment_status":"closed","ping_status":"open","template":"","meta":[],"product_cat":[19,20,21,22,17,23],"product_tag":[27],"class_list":["post-40","product","type-product","status-publish","has-post-thumbnail","hentry","product_cat-collectivite","product_cat-cuisine","product_cat-entreprise","product_cat-pro","product_cat-salle-de-bain","product_cat-toilette-wc","product_tag-crochet-patere-patere-design-patere-murale-patere-porte-pateres-porte-serviette-porte-torchon-vestiaire","description-off"],"_links":{"self":[{"href":"https:\/\/roulettes.vaniseo.top\/index.php\/wp-json\/wp\/v2\/product\/40","targetHints":{"allow":["GET"]}}],"collection":[{"href":"https:\/\/roulettes.vaniseo.top\/index.php\/wp-json\/wp\/v2\/product"}],"about":[{"href":"https:\/\/roulettes.vaniseo.top\/index.php\/wp-json\/wp\/v2\/types\/product"}],"replies":[{"embeddable":true,"href":"https:\/\/roulettes.vaniseo.top\/index.php\/wp-json\/wp\/v2\/comments?post=40"}],"version-history":[{"count":0,"href":"https:\/\/roulettes.vaniseo.top\/index.php\/wp-json\/wp\/v2\/product\/40\/revisions"}],"wp:featuredmedia":[{"embeddable":true,"href":"https:\/\/roulettes.vaniseo.top\/index.php\/wp-json\/wp\/v2\/media\/780"}],"wp:attachment":[{"href":"https:\/\/roulettes.vaniseo.top\/index.php\/wp-json\/wp\/v2\/media?parent=40"}],"wp:term":[{"taxonomy":"product_cat","embeddable":true,"href":"https:\/\/roulettes.vaniseo.top\/index.php\/wp-json\/wp\/v2\/product_cat?post=40"},{"taxonomy":"product_tag","embeddable":true,"href":"https:\/\/roulettes.vaniseo.top\/index.php\/wp-json\/wp\/v2\/product_tag?post=40"}],"curies":[{"name":"wp","href":"https:\/\/api.w.org\/{rel}","templated":true}]}}