{"id":400,"date":"2022-04-04T16:21:35","date_gmt":"2022-04-04T14:21:35","guid":{"rendered":"https:\/\/roulettes.vaniseo.top\/index.php\/produit\/cadre-photo-aimante-avec-patere-en-acier-vert-anglais-presse-citron\/"},"modified":"2022-04-04T17:20:20","modified_gmt":"2022-04-04T15:20:20","slug":"cadre-photo-aimante-avec-patere-en-acier-vert-anglais-presse-citron","status":"publish","type":"product","link":"https:\/\/roulettes.vaniseo.top\/index.php\/produit\/cadre-photo-aimante-avec-patere-en-acier-vert-anglais-presse-citron\/","title":{"rendered":"Cadre photo aimant\u00e9 avec pat\u00e8re en acier vert anglais PRESSE CITRON"},"content":{"rendered":"<h3>Pat\u00e8re avec cadre en m\u00e9tal vert anglais<\/h3>\n<p>_x000D_n<strong>1001 Pat\u00e8res<\/strong> dispose aussi du\u00a0<strong>cadre photo aimant\u00e9 avec pat\u00e8re en acier vert anglais de chez Presse Citron<\/strong>. Elle vous d\u00e9crit donc ci dessous quelques informations de la marque et toutes les donn\u00e9es techniques et d\u00e9coratives de cette pat\u00e8re._x000D_n_x000D_nPour commencer, 1001 Pat\u00e8res est le leader en France de la vente de pat\u00e8res et porte manteaux. C&rsquo;est d&rsquo;ailleurs gr\u00e2ce \u00e0 un large choix des produit propos\u00e9s au meilleur rapport qualit\u00e9 prix, et issus de marques internationales. D&rsquo;ailleurs, la marque\u00a0<a href=\"https:\/\/1001pateres.com\/brand\/presse-citron\">Presse Citron<\/a> fait partie de ses marques de pr\u00e9dilection! Leurs produits sont \u00e0 la fois <strong>\u00e9pur\u00e9s, originaux<\/strong> et d\u2019une <strong>qualit\u00e9 incroyable<\/strong>._x000D_n_x000D_nAinsi, ci-contre, d\u00e9couvrez un nouveau style de porte manteau d\u2019\u00e9colier ultra moderne! Il s&rsquo;agit en r\u00e9alit\u00e9 d&rsquo;un cadre photo aimant\u00e9 avec pat\u00e8re en acier vert anglais. Un tel style\u00a0permet pour s\u00fbr, d&rsquo;\u00e9nergiser votre int\u00e9rieur._x000D_n_x000D_nD\u2019ailleurs, son support est\u00a0en <strong>acier teint\u00e9 dans la masse<\/strong>, de\u00a0couleur <strong>vert anglais<\/strong>.\u00a0Aussi, cette pat\u00e8re cadre photo vert anglais s\u2019adapte particuli\u00e8rement \u00e0 l\u2019entr\u00e9e et aux chambres pour d\u00e9poser et ranger ses affaires. Le <strong>cadre photo<\/strong> accueille bien s\u00fbr n\u2019importe quelle <strong>image<\/strong> ou <strong>photo<\/strong> pour le\u00a0<strong>personnaliser<\/strong>._x000D_n_x000D_nCette r\u00e9f\u00e9rence int\u00e8gre une <strong>collection compl\u00e8te offrant diff\u00e9rents coloris<\/strong> comme le <a href=\"https:\/\/1001pateres.com\/produit\/patere-design-avec-cadre-photo-aimante-rose-saumon-presse-citron\/\">rose saumon<\/a>, le bleu glacial, le rose, le noir, le gris, et le rouge._x000D_n_x000D_n&nbsp;_x000D_n<\/p>\n<h3>Installer le cadre photo aimant\u00e9 avec pat\u00e8re en acier<\/h3>\n<p>_x000D_nEnfin, pour installer la pat\u00e8re avec cadre en m\u00e9tal, celle-ci dispose d&rsquo;un syst\u00e8me d\u2019accrochage simple avec deux vis et chevilles fournies.\u00a0Son installation n\u00e9cessite donc seulement une perceuse._x000D_n_x000D_nEt pour une anticipation compl\u00e8te, voici ses dimensions ci dessous. Pensez \u00e0 en tenir compte, surtout dans le cas o\u00f9 vous d\u00e9multipliez la collection sur une m\u00eame ligne et sur un m\u00eame pan de mur:_x000D_n<\/p>\n<ul>_x000D_n \t<\/p>\n<li>Dimensions de la pat\u00e8re: 9 cm X 14,5 cm<\/li>\n<p>_x000D_n \t<\/p>\n<li>Ecartement du mur: 4,5 cm<\/li>\n<p>_x000D_n<\/ul>\n<p>_x000D_nDe plus, les clients 1001 Pat\u00e8res choisissent ce produit pour ses couleurs dynamiques, sa personnalisation possible, et bien s\u00fbr sa tr\u00e8s belle qualit\u00e9.<\/p>\n","protected":false},"excerpt":{"rendered":"<p><strong>Pat\u00e8re design<\/strong> cadre photo vert anglais.\u00a0Ce porte-manteau design de la marque <em><strong>PRESSE CITRON<\/strong><\/em> est en acier teint\u00e9 dans la masse, elle est \u00e0 poser partout dans la maison pour ne plus laisser trainer ses affaires.\u00a0Elle est particuli\u00e8rement adapt\u00e9e \u00e0 l&rsquo;entr\u00e9e et aux chambres pour d\u00e9poser son manteau.<\/p>\n","protected":false},"featured_media":1786,"comment_status":"closed","ping_status":"open","template":"","meta":[],"product_cat":[29,32,17],"product_tag":[27],"class_list":["post-400","product","type-product","status-publish","has-post-thumbnail","hentry","product_cat-chambre-adulte","product_cat-entree-sejour","product_cat-salle-de-bain","product_tag-crochet-patere-patere-design-patere-murale-patere-porte-pateres-porte-serviette-porte-torchon-vestiaire","description-off"],"_links":{"self":[{"href":"https:\/\/roulettes.vaniseo.top\/index.php\/wp-json\/wp\/v2\/product\/400","targetHints":{"allow":["GET"]}}],"collection":[{"href":"https:\/\/roulettes.vaniseo.top\/index.php\/wp-json\/wp\/v2\/product"}],"about":[{"href":"https:\/\/roulettes.vaniseo.top\/index.php\/wp-json\/wp\/v2\/types\/product"}],"replies":[{"embeddable":true,"href":"https:\/\/roulettes.vaniseo.top\/index.php\/wp-json\/wp\/v2\/comments?post=400"}],"version-history":[{"count":0,"href":"https:\/\/roulettes.vaniseo.top\/index.php\/wp-json\/wp\/v2\/product\/400\/revisions"}],"wp:featuredmedia":[{"embeddable":true,"href":"https:\/\/roulettes.vaniseo.top\/index.php\/wp-json\/wp\/v2\/media\/1786"}],"wp:attachment":[{"href":"https:\/\/roulettes.vaniseo.top\/index.php\/wp-json\/wp\/v2\/media?parent=400"}],"wp:term":[{"taxonomy":"product_cat","embeddable":true,"href":"https:\/\/roulettes.vaniseo.top\/index.php\/wp-json\/wp\/v2\/product_cat?post=400"},{"taxonomy":"product_tag","embeddable":true,"href":"https:\/\/roulettes.vaniseo.top\/index.php\/wp-json\/wp\/v2\/product_tag?post=400"}],"curies":[{"name":"wp","href":"https:\/\/api.w.org\/{rel}","templated":true}]}}