{"id":405,"date":"2022-04-04T16:21:35","date_gmt":"2022-04-04T14:21:35","guid":{"rendered":"https:\/\/roulettes.vaniseo.top\/index.php\/produit\/patere-design-tete-delephant-zoo-par-capventure\/"},"modified":"2022-04-04T17:20:22","modified_gmt":"2022-04-04T15:20:22","slug":"patere-design-tete-delephant-zoo-par-capventure","status":"publish","type":"product","link":"https:\/\/roulettes.vaniseo.top\/index.php\/produit\/patere-design-tete-delephant-zoo-par-capventure\/","title":{"rendered":"Pat\u00e8re design t\u00eate d&rsquo;\u00e9l\u00e9phant ZOO par CapVenture"},"content":{"rendered":"<h3>Porte manteau original t\u00eate d&rsquo;\u00e9l\u00e9phant par CapVenture<\/h3>\n<p>_x000D_n<strong>1001 Pat\u00e8res<\/strong> vous propose de lire ci dessous l&rsquo;ensemble des informations techniques et d\u00e9coratives de cette <strong>pat\u00e8re design t\u00eate d&rsquo;\u00e9l\u00e9phant<\/strong>. Elle est issue de la collection <strong>ZOO<\/strong> sign\u00e9e <a href=\"https:\/\/1001pateres.com\/brand\/capventure\"><strong>CapVenture<\/strong><\/a>._x000D_n_x000D_nTout d&rsquo;abord, revenons sur <strong>CapVenture<\/strong>. <strong>1001 Pat\u00e8res, n\u00b01 en France<\/strong> de la vente en ligne de pat\u00e8res d\u00e9niche les meilleurs rapports qualit\u00e9 prix de pat\u00e8res aux quatre coins du monde. Ici, il s&rsquo;agit de la marque des <strong>Pays-Bas<\/strong>, CapVenture. Avec elle, profitez de nombreuses <strong>t\u00eates d&rsquo;animaux diff\u00e9rentes<\/strong> r\u00e9unies sous forme de <strong>collections<\/strong>: ZOO, Animal Sauvage, et Ferme._x000D_n_x000D_nAinsi, gr\u00e2ce \u00e0 ces collections, vous pourrez utiliser la t\u00eate d&rsquo;\u00e9l\u00e9phant comme pat\u00e8re seule, ou v\u00e9ritablement <strong>cr\u00e9er un univers ZOO<\/strong>. Vous <strong>d\u00e9corerez<\/strong> autant que vous <strong>rangerez<\/strong>. Pour ce faire, n&rsquo;h\u00e9sitez donc pas \u00e0 <strong>d\u00e9multiplier les t\u00eates<\/strong> sur un m\u00eame pan de mur. Certains de nos clients <strong>personnalisent<\/strong> m\u00eame (en caricaturant l\u00e9g\u00e8rement!) le choix de l&rsquo;animal pour chaque <strong>membre de la famille<\/strong>. Le rangement devient alors <strong>ludique<\/strong> et plein d&rsquo;<strong>humour<\/strong>!_x000D_n_x000D_n&nbsp;_x000D_n<\/p>\n<h3>Pat\u00e8re design t\u00eate d&rsquo;\u00e9l\u00e9phant de la collection ZOO<\/h3>\n<p>_x000D_nPour ce faire, dans la collection <strong>ZOO<\/strong>, retrouvez des t\u00eates uniques, en <strong>r\u00e9sine<\/strong> et <strong>peintes \u00e0 la main<\/strong> comme la t\u00eate d&rsquo;<strong>\u00e9l\u00e9phant<\/strong> mais aussi celle du <strong>l\u00e9opard<\/strong>, du <strong><a href=\"https:\/\/1001pateres.com\/produit\/patere-design-animal-zoo-tete-de-zebre-tropical\/\">z\u00e8bre<\/a><\/strong>, de <strong>l&rsquo;ours<\/strong>, du <strong>faon<\/strong>, du <strong>loup<\/strong> et du <strong>renard<\/strong>._x000D_n_x000D_nEnfin, retrouvez \u00e9galement des animaux pr\u00e9sents en diff\u00e9rents coloris comme l\u2019<strong>\u00e9l\u00e9phant<\/strong>, le\u00a0<strong>crocodile<\/strong>, la <strong>girafe<\/strong>, l\u2019<strong>\u00e9lan<\/strong>, le\u00a0<strong>cerf<\/strong> et le\u00a0<strong>lapin<\/strong>._x000D_n_x000D_n&nbsp;_x000D_n<\/p>\n<h3>Installer la pat\u00e8re design t\u00eate d&rsquo;\u00e9l\u00e9phant<\/h3>\n<p>_x000D_nEnfin, c\u00f4t\u00e9 installation et utilisation, cette t\u00eate d&rsquo;\u00e9l\u00e9phant\u00a0permet un <strong>support de charge sup\u00e9rieur \u00e0 5 kilogrammes<\/strong>. Vous pourrez donc indiff\u00e9remment l&rsquo;utiliser dans une chambre ou une entr\u00e9e._x000D_n_x000D_nPar ailleurs, il comporte un <strong>syst\u00e8me d&rsquo;accrochage<\/strong> simple, <strong>rapide<\/strong>, mais surtout <strong>invisible<\/strong> une fois fix\u00e9. Munissez-vous de votre perceuse, de la vis et de la cheville fournies._x000D_n_x000D_n<strong>Dimensions<\/strong> :_x000D_n<\/p>\n<ul>_x000D_n \t<\/p>\n<li>La t\u00eate d&rsquo;\u00e9l\u00e9phant est de dimension 4 cm X 7 cm<\/li>\n<p>_x000D_n \t<\/p>\n<li>\u00c9cartement du mur 6,5 cm<\/li>\n<p>_x000D_n<\/ul>\n","protected":false},"excerpt":{"rendered":"<p>Belle pat\u00e8re animal du\u00a0ZOO de la marque <em><strong>CAPVENTURE<\/strong><\/em> en forme de <strong>t\u00eate d&rsquo;\u00e9l\u00e9phant tropical<\/strong>.\u00a0Cette t\u00eate d&rsquo;animal du zoo est en r\u00e9sine.\u00a0Ce porte-manteau est \u00e0 poser dans la chambre ou dans l&rsquo;entr\u00e9e pour ne plus voir trainer ses affaires.<\/p>\n","protected":false},"featured_media":1794,"comment_status":"closed","ping_status":"open","template":"","meta":[],"product_cat":[16,32],"product_tag":[27],"class_list":["post-405","product","type-product","status-publish","has-post-thumbnail","hentry","product_cat-chambre-enfant","product_cat-entree-sejour","product_tag-crochet-patere-patere-design-patere-murale-patere-porte-pateres-porte-serviette-porte-torchon-vestiaire","description-off"],"_links":{"self":[{"href":"https:\/\/roulettes.vaniseo.top\/index.php\/wp-json\/wp\/v2\/product\/405","targetHints":{"allow":["GET"]}}],"collection":[{"href":"https:\/\/roulettes.vaniseo.top\/index.php\/wp-json\/wp\/v2\/product"}],"about":[{"href":"https:\/\/roulettes.vaniseo.top\/index.php\/wp-json\/wp\/v2\/types\/product"}],"replies":[{"embeddable":true,"href":"https:\/\/roulettes.vaniseo.top\/index.php\/wp-json\/wp\/v2\/comments?post=405"}],"version-history":[{"count":0,"href":"https:\/\/roulettes.vaniseo.top\/index.php\/wp-json\/wp\/v2\/product\/405\/revisions"}],"wp:featuredmedia":[{"embeddable":true,"href":"https:\/\/roulettes.vaniseo.top\/index.php\/wp-json\/wp\/v2\/media\/1794"}],"wp:attachment":[{"href":"https:\/\/roulettes.vaniseo.top\/index.php\/wp-json\/wp\/v2\/media?parent=405"}],"wp:term":[{"taxonomy":"product_cat","embeddable":true,"href":"https:\/\/roulettes.vaniseo.top\/index.php\/wp-json\/wp\/v2\/product_cat?post=405"},{"taxonomy":"product_tag","embeddable":true,"href":"https:\/\/roulettes.vaniseo.top\/index.php\/wp-json\/wp\/v2\/product_tag?post=405"}],"curies":[{"name":"wp","href":"https:\/\/api.w.org\/{rel}","templated":true}]}}