{"id":406,"date":"2022-04-04T16:21:35","date_gmt":"2022-04-04T14:21:35","guid":{"rendered":"https:\/\/roulettes.vaniseo.top\/index.php\/produit\/porte-manteau-original-tete-de-zebre-zoo-par-capventure\/"},"modified":"2022-04-04T17:20:23","modified_gmt":"2022-04-04T15:20:23","slug":"porte-manteau-original-tete-de-zebre-zoo-par-capventure","status":"publish","type":"product","link":"https:\/\/roulettes.vaniseo.top\/index.php\/produit\/porte-manteau-original-tete-de-zebre-zoo-par-capventure\/","title":{"rendered":"Porte manteau original t\u00eate de z\u00e8bre ZOO par CapVenture"},"content":{"rendered":"<h3>Porte manteau mural z\u00e8bre par CapVenture<\/h3>\n<p>_x000D_n<strong>1001 Pat\u00e8res<\/strong> vous propose de d\u00e9couvrir l&rsquo;ensemble des caract\u00e9ristiques techniques et d\u00e9coratives du <strong>porte manteau original t\u00eate de z\u00e8bre<\/strong>. Il est issu de la <strong>collection ZOO<\/strong> sign\u00e9e <strong><a href=\"https:\/\/1001pateres.com\/brand\/capventure\/\">CapVenture<\/a><\/strong>._x000D_n_x000D_nEn effet, <strong>1001 Pat\u00e8res, n\u00b01 en France<\/strong> de la vente en ligne de pat\u00e8res vous d\u00e9niche les plus belles pat\u00e8res des 4 coins du monde. Ici, il s&rsquo;agit de la marque des Pays-Bas: <strong>CapVenture<\/strong>._x000D_n_x000D_nCette derni\u00e8re propose, sur notre site notamment, des <strong>pat\u00e8res murales en forme de t\u00eates d&rsquo;animaux<\/strong>. Cela vous permet de ranger avec g<strong>o\u00fbt, design et originalit\u00e9<\/strong>. Certains de <strong>nos clients les d\u00e9multiplient<\/strong> sur un m\u00eame pan de mur et <strong>attribuent chaque \u00ab\u00a0t\u00eate\u00a0\u00bb \u00e0 un membre de la famille<\/strong>. Le rangement devient alors <strong>ludique<\/strong> et<strong> plein d&rsquo;humour<\/strong>. Et vous, comment <strong>pensez<\/strong>-vous l&rsquo;installer?_x000D_n_x000D_nQuoiqu&rsquo;il en soit si vous pensez les d\u00e9multiplier vous aurez l&#8217;embarras du choix. CapVenture propose les <strong>collections Zoo, Animal Sauvage et Ferme<\/strong>._x000D_n_x000D_n&nbsp;_x000D_n<\/p>\n<h3>Pat\u00e8re t\u00eate d&rsquo;animaux CapVenture : collection ZOO<\/h3>\n<p>_x000D_nAinsi dans la collection <strong>ZOO<\/strong>, retrouvez des t\u00eates d&rsquo;animaux<strong> peintes \u00e0 la main<\/strong>, comme ci-contre la t\u00eate de z\u00e8bre, repr\u00e9sentant des t\u00eates de:_x000D_n<\/p>\n<ul>_x000D_n \t<\/p>\n<li><a href=\"https:\/\/1001pateres.com\/produit\/patere-design-animal-zoo-tete-de-leopard\/\"><strong>L\u00e9opard<\/strong><\/a><\/li>\n<p>_x000D_n \t<\/p>\n<li><strong>Ours brun<\/strong><\/li>\n<p>_x000D_n \t<\/p>\n<li><strong>Faon fa\u00e7on Bambi<\/strong><\/li>\n<p>_x000D_n \t<\/p>\n<li><strong>Loup bleu<\/strong><\/li>\n<p>_x000D_n \t<\/p>\n<li><strong>Renard roux<\/strong><\/li>\n<p>_x000D_n<\/ul>\n<p>_x000D_nD\u2019autres <strong>animaux<\/strong> sont aussi disponibles sous <strong>diff\u00e9rents coloris<\/strong>. C\u2019est le cas de l\u2019<strong>\u00e9l\u00e9phant<\/strong>, du <strong>crocodile<\/strong>, de la <strong>girafe<\/strong>, de l\u2019<strong>\u00e9lan<\/strong>, du <strong>cerf<\/strong> et du <strong>lapin<\/strong>._x000D_n_x000D_n&nbsp;_x000D_n<\/p>\n<h3>Porte manteau original t\u00eate de z\u00e8bre<\/h3>\n<p>_x000D_nAinsi, ici, ce porte manteau original t\u00eate de z\u00e8bre est en <strong>r\u00e9sine<\/strong> tr\u00e8s <strong>r\u00e9sistante<\/strong>, supportant<strong> jusqu&rsquo;\u00e0 5 kg de v\u00eatements<\/strong> et d&rsquo;accessoires._x000D_n_x000D_nPour l&rsquo;installer, munissez-vous simplement de votre perceuse et de la vis et de la cheville fournies. Vous verrez \u00e0 quel point <strong>l&rsquo;installation est simple<\/strong> mais surtout <strong>invisible<\/strong> une fois termin\u00e9e! Parfait pour pouvoir en installer plusieurs._x000D_n_x000D_nEnfin, pensez \u00e0 compter par avance le nombre de pat\u00e8res installables sur un m\u00eame pan de mur en fonction de votre espace et des <strong>dimensions<\/strong> de chacune de t\u00eates:_x000D_n<\/p>\n<ul>_x000D_n \t<\/p>\n<li>La t\u00eate de z\u00e8bre : 4,5 cm X 6 cm<\/li>\n<p>_x000D_n \t<\/p>\n<li>\u00c9cartement du mur : 5,6 cm<\/li>\n<p>_x000D_n<\/ul>\n","protected":false},"excerpt":{"rendered":"<p>Belle pat\u00e8re animal du\u00a0ZOO de la marque <em><strong>CAPVENTURE<\/strong><\/em> en forme de <strong>t\u00eate de z\u00e8bre tropical<\/strong>.\u00a0Cette t\u00eate d&rsquo;animal du zoo est en r\u00e9sine.\u00a0Ce porte-manteau est \u00e0 poser dans la chambre ou dans l&rsquo;entr\u00e9e pour ne plus voir trainer ses affaires.<\/p>\n","protected":false},"featured_media":1798,"comment_status":"closed","ping_status":"open","template":"","meta":[],"product_cat":[16,32],"product_tag":[27],"class_list":["post-406","product","type-product","status-publish","has-post-thumbnail","hentry","product_cat-chambre-enfant","product_cat-entree-sejour","product_tag-crochet-patere-patere-design-patere-murale-patere-porte-pateres-porte-serviette-porte-torchon-vestiaire","description-off"],"_links":{"self":[{"href":"https:\/\/roulettes.vaniseo.top\/index.php\/wp-json\/wp\/v2\/product\/406","targetHints":{"allow":["GET"]}}],"collection":[{"href":"https:\/\/roulettes.vaniseo.top\/index.php\/wp-json\/wp\/v2\/product"}],"about":[{"href":"https:\/\/roulettes.vaniseo.top\/index.php\/wp-json\/wp\/v2\/types\/product"}],"replies":[{"embeddable":true,"href":"https:\/\/roulettes.vaniseo.top\/index.php\/wp-json\/wp\/v2\/comments?post=406"}],"version-history":[{"count":0,"href":"https:\/\/roulettes.vaniseo.top\/index.php\/wp-json\/wp\/v2\/product\/406\/revisions"}],"wp:featuredmedia":[{"embeddable":true,"href":"https:\/\/roulettes.vaniseo.top\/index.php\/wp-json\/wp\/v2\/media\/1798"}],"wp:attachment":[{"href":"https:\/\/roulettes.vaniseo.top\/index.php\/wp-json\/wp\/v2\/media?parent=406"}],"wp:term":[{"taxonomy":"product_cat","embeddable":true,"href":"https:\/\/roulettes.vaniseo.top\/index.php\/wp-json\/wp\/v2\/product_cat?post=406"},{"taxonomy":"product_tag","embeddable":true,"href":"https:\/\/roulettes.vaniseo.top\/index.php\/wp-json\/wp\/v2\/product_tag?post=406"}],"curies":[{"name":"wp","href":"https:\/\/api.w.org\/{rel}","templated":true}]}}