{"id":407,"date":"2022-04-04T16:21:35","date_gmt":"2022-04-04T14:21:35","guid":{"rendered":"https:\/\/roulettes.vaniseo.top\/index.php\/produit\/patere-crochet-double-chrome-moderne-design\/"},"modified":"2022-04-04T17:20:24","modified_gmt":"2022-04-04T15:20:24","slug":"patere-crochet-double-chrome-moderne-design","status":"publish","type":"product","link":"https:\/\/roulettes.vaniseo.top\/index.php\/produit\/patere-crochet-double-chrome-moderne-design\/","title":{"rendered":"Patere crochet double chrom\u00e9 moderne design"},"content":{"rendered":"<h3>Pat\u00e8re crochet double chrom\u00e9<\/h3>\n<p>_x000D_n<strong>1001 Pat\u00e8res<\/strong> vous propose ici un incontournable: une <strong>patere crochet double chrom\u00e9<\/strong>._x000D_n_x000D_nAinsi, comme son nom l&rsquo;indique, la pat\u00e8re dispose de <strong>deux crochets<\/strong> pour <strong>maximiser le rangement sur un si petit objet<\/strong>! <strong>Efficace<\/strong> et <strong>discr\u00e8te<\/strong>, cette pat\u00e8re est id\u00e9ale pour la <a href=\"https:\/\/1001pateres.com\/univers\/cuisine\/\">cuisine<\/a> ou la <a href=\"https:\/\/1001pateres.com\/univers\/salle-de-bain\/\">salle de bain<\/a>._x000D_n_x000D_nPar ailleurs, elle est aussi id\u00e9ale pour ces pi\u00e8ces de pars sa <strong>mati\u00e8re\u00a0chrom\u00e9e en alliage de zinc<\/strong>, <strong>inoxydable<\/strong>._x000D_n_x000D_nVous l&rsquo;aimerez donc pour sa <strong>praticit\u00e9<\/strong>, sa <strong>robustesse<\/strong> et sa <strong>forme douce et discr\u00e8te<\/strong>._x000D_n_x000D_nEnfin, nos clients ont l&rsquo;habitude de s&rsquo;en servir autant comme\u00a0<strong>porte-\u00e9charpe<\/strong> que comme <strong>porte-v\u00eatement<\/strong>._x000D_n_x000D_n&nbsp;_x000D_n<\/p>\n<h3>Installation de cette patere crochet double<\/h3>\n<p>_x000D_nCompos\u00e9 de\u00a0deux accroches simples, ce double crochet comporte un syst\u00e8me d&rsquo;accrochage avec deux emplacements pour des vis. Comme \u00e0 l&rsquo;accoutum\u00e9e chez 1001 Pat\u00e8re, les vis et chevilles sont fournies et inclus dans votre carton produit. Bien s\u00fbr, l\u00e0 aussi, il sera tr\u00e8s <strong>facile d&rsquo;installation<\/strong>. Pensez seulement \u00e0 vous munir d&rsquo;un tournevis et v\u00e9rifier ses <strong>dimensions<\/strong> ci dessous:_x000D_n<\/p>\n<ul>_x000D_n \t<\/p>\n<li>Largeur de la base de la pat\u00e8re 2,4 cm<\/li>\n<p>_x000D_n \t<\/p>\n<li>Ecartement du mur 2,5 cm<\/li>\n<p>_x000D_n \t<\/p>\n<li>Ecartement entre les deux crochets 5,3 cm<\/li>\n<p>_x000D_n \t<\/p>\n<li>Hauteur totale 5 cm<\/li>\n<p>_x000D_n<\/ul>\n<p>_x000D_n&nbsp;_x000D_n_x000D_nPour conclure, ce crochet double\u00a0s&rsquo;adaptera facilement \u00e0 toute d\u00e9coration d&rsquo;int\u00e9rieure et saura se faire discret mais indispensable. C&rsquo;est aujourd&rsquo;hui l&rsquo;un de nos best sellers. Contactez nous pour tout conseil sp\u00e9cifique ou faites vous aider par nos outils en ligne afin de <a href=\"https:\/\/1001pateres.com\/trouvez-votre-patere-ideale\/\">trouver la pat\u00e8re id\u00e9ale<\/a>._x000D_n_x000D_nEn cas de demande de contact ou de devis sp\u00e9cifique sur mesure, utilisez autant que vous le souhaitez notre formulaire d\u00e9di\u00e9e en page <a href=\"https:\/\/1001pateres.com\/contactez-nous\/\">Contact<\/a>. Nous nous ferons un plaisir de vous r\u00e9pondre dans les plus brefs d\u00e9lais._x000D_n_x000D_n&nbsp;<\/p>\n","protected":false},"excerpt":{"rendered":"<p><strong>Porte-manteau<\/strong>\u00a0moderne design chrom\u00e9\u00a0en alliage de zinc qui peut servir de porte-\u00e9charpe ou porte-v\u00eatement.\u00a0Il est de <em><strong>couleur aluminium brillant<\/strong><\/em>\u00a0avec une forme douce et pratique. Vendu avec ses vis et ses chevilles de fixation, il sera facile \u00e0 poser sur une planche de bois ou directement au mur.<\/p>\n","protected":false},"featured_media":1802,"comment_status":"closed","ping_status":"open","template":"","meta":[],"product_cat":[19,20,21,22,17,23],"product_tag":[37],"class_list":["post-407","product","type-product","status-publish","has-post-thumbnail","hentry","product_cat-collectivite","product_cat-cuisine","product_cat-entreprise","product_cat-pro","product_cat-salle-de-bain","product_cat-toilette-wc","product_tag-crochet-patere-patere-design-patere-murale-patere-porte-pateres-porte-chapeau-porte-serviette-porte-torchon-vestiaire","description-off"],"_links":{"self":[{"href":"https:\/\/roulettes.vaniseo.top\/index.php\/wp-json\/wp\/v2\/product\/407","targetHints":{"allow":["GET"]}}],"collection":[{"href":"https:\/\/roulettes.vaniseo.top\/index.php\/wp-json\/wp\/v2\/product"}],"about":[{"href":"https:\/\/roulettes.vaniseo.top\/index.php\/wp-json\/wp\/v2\/types\/product"}],"replies":[{"embeddable":true,"href":"https:\/\/roulettes.vaniseo.top\/index.php\/wp-json\/wp\/v2\/comments?post=407"}],"version-history":[{"count":0,"href":"https:\/\/roulettes.vaniseo.top\/index.php\/wp-json\/wp\/v2\/product\/407\/revisions"}],"wp:featuredmedia":[{"embeddable":true,"href":"https:\/\/roulettes.vaniseo.top\/index.php\/wp-json\/wp\/v2\/media\/1802"}],"wp:attachment":[{"href":"https:\/\/roulettes.vaniseo.top\/index.php\/wp-json\/wp\/v2\/media?parent=407"}],"wp:term":[{"taxonomy":"product_cat","embeddable":true,"href":"https:\/\/roulettes.vaniseo.top\/index.php\/wp-json\/wp\/v2\/product_cat?post=407"},{"taxonomy":"product_tag","embeddable":true,"href":"https:\/\/roulettes.vaniseo.top\/index.php\/wp-json\/wp\/v2\/product_tag?post=407"}],"curies":[{"name":"wp","href":"https:\/\/api.w.org\/{rel}","templated":true}]}}