{"id":409,"date":"2022-04-04T16:21:35","date_gmt":"2022-04-04T14:21:35","guid":{"rendered":"https:\/\/roulettes.vaniseo.top\/index.php\/produit\/patere-bois-et-metal-noir-umbra-a-5-accroches-deployantes\/"},"modified":"2022-04-04T17:20:27","modified_gmt":"2022-04-04T15:20:27","slug":"patere-bois-et-metal-noir-umbra-a-5-accroches-deployantes","status":"publish","type":"product","link":"https:\/\/roulettes.vaniseo.top\/index.php\/produit\/patere-bois-et-metal-noir-umbra-a-5-accroches-deployantes\/","title":{"rendered":"Patere bois et metal noir Umbra \u00e0 5 accroches d\u00e9ployantes"},"content":{"rendered":"<h3>Porte manteau bois fonc\u00e9 et 5 pat\u00e8res d\u00e9ployantes m\u00e9tal noir Umbra<\/h3>\n<p>_x000D_n1001 Pat\u00e8res vous d\u00e9voile toutes les informations de la<strong> patere bois et metal noir Umbra \u00e0 5 accroches d\u00e9ployantes<\/strong>._x000D_n_x000D_n<strong>Umbra<\/strong> est la marque choisie par 1001 Pat\u00e8res pour que vous puissiez \u00e0 la fois profiter d&rsquo;un <strong>syst\u00e8me de rangement robuste<\/strong>, et \u00e0 la fois d&rsquo;un <strong>bel objet de d\u00e9coration moderne<\/strong>. Cette r\u00e9f\u00e9rence fait partie d&rsquo;une <strong>collection compl\u00e8te allant de 3 \u00e0 8 pat\u00e8res d\u00e9ployantes, aux coloris vari\u00e9s.<\/strong>_x000D_n_x000D_nMais ce n&rsquo;est pas tout! Umbra est aussi tr\u00e8s pr\u00e9sent sur cette boutique en ligne pour son <strong>syst\u00e8me d&rsquo;ouverture et fermeture d&rsquo;accroches<\/strong> utilis\u00e9 sur d&rsquo;<strong>autres r\u00e9f\u00e9rences<\/strong> comme <a href=\"https:\/\/1001pateres.com\/produit\/porte-manteaux-ville-umbra-blanc\/\">Skyline<\/a>, <a href=\"https:\/\/1001pateres.com\/produit\/porte-manteaux-sticks-umbra-gris\/\">Sticks<\/a>, ou encore <a href=\"https:\/\/1001pateres.com\/produit\/porte-manteaux-en-bois-naturel-picket-umbra\/\">Picket<\/a>. Pensez \u00e0 aller jeter un coup d&rsquo;oeil!_x000D_n_x000D_n&nbsp;_x000D_n<\/p>\n<h3>Umbra: patere bois et metal noir \u00e0 5 accroches<\/h3>\n<p>_x000D_nSp\u00e9cifiquement, ici, le porte manteau est en <strong>bois marron fonc\u00e9 design<\/strong>. Ses 5 pat\u00e8res d\u00e9ployantes sont en <strong>m\u00e9tal noir<\/strong>. Cette r\u00e9f\u00e9rence est <strong>facile \u00e0 installer<\/strong> sur n&rsquo;importe quel mur de la maison. Avec 5 crochets, son <strong>efficacit\u00e9 de rangement<\/strong> sera ind\u00e9niable! De plus, gr\u00e2ce \u00e0 ses coloris sombres, vous profiterez d&rsquo;un <strong>produit vraiment \u00e9l\u00e9gant et moderne<\/strong>. Sur <strong>mur fonc\u00e9<\/strong> pour un <strong>espace de rangement discret<\/strong> \u00e0 utiliser au quotidien, ou<strong> sur mur clair<\/strong> pour le valoriser comme <strong>v\u00e9ritable objet de d\u00e9coration contrast\u00e9<\/strong>: tout est possible!_x000D_n_x000D_nC\u00f4t\u00e9 installation, vous trouverez \u00e0 son dos, un syst\u00e8me d&rsquo;accrochage encastr\u00e9 dans le bois et non visible une fois install\u00e9. <span style=\"line-height: 1.5\">Sa fixation\u00a0au mur se fait \u00e0 l&rsquo;aide de\u00a02 <strong>vis<\/strong>. Ces derni\u00e8res et leurs <strong>chevilles<\/strong> sont <strong>fournies<\/strong>. Evidemment, sa pose n\u00e9cessite l&rsquo;usage de votre perceuse.<\/span>_x000D_n_x000D_nEnfin, pensez seulement \u00e0 <strong>v\u00e9rifier les mesures<\/strong> de votre mur d\u00e9di\u00e9 par rapport aux <strong>dimensions<\/strong> de cette r\u00e9f\u00e9rences. Vous aurez ainsi la certitude d&rsquo;avoir fait le bon choix. Voici donc ci dessous ses caract\u00e9ristiques sp\u00e9cifiques:_x000D_n<\/p>\n<ul>_x000D_n \t<\/p>\n<li>Porte manteau bois fonc\u00e9: 50,7 cm X 6,5 cm<\/li>\n<p>_x000D_n \t<\/p>\n<li>Epaisseur du mur: 3\u00a0cm<\/li>\n<p>_x000D_n<\/ul>\n","protected":false},"excerpt":{"rendered":"<p>Beau porte-manteaux avec 5 pat\u00e8res m\u00e9tal d\u00e9ployantes de la marque <em><strong>UMBRA<\/strong><\/em> en bois marron fonc\u00e9 avec les pat\u00e8res <strong>noires<\/strong>.\u00a0Ce porte-manteaux design est \u00e0 poser partout dans la maison pour ne plus voir trainer ses affaires.\u00a0Il est un tr\u00e8s bel objet de d\u00e9coration et comporte une finition de qualit\u00e9.<\/p>\n","protected":false},"featured_media":1810,"comment_status":"closed","ping_status":"open","template":"","meta":[],"product_cat":[29,32,17],"product_tag":[25],"class_list":["post-409","product","type-product","status-publish","has-post-thumbnail","hentry","product_cat-chambre-adulte","product_cat-entree-sejour","product_cat-salle-de-bain","product_tag-crochet-patere-patere-design-patere-murale-patere-porte-pateres-porte-manteau-porte-serviette-porte-torchon-vestiaire","description-off"],"_links":{"self":[{"href":"https:\/\/roulettes.vaniseo.top\/index.php\/wp-json\/wp\/v2\/product\/409","targetHints":{"allow":["GET"]}}],"collection":[{"href":"https:\/\/roulettes.vaniseo.top\/index.php\/wp-json\/wp\/v2\/product"}],"about":[{"href":"https:\/\/roulettes.vaniseo.top\/index.php\/wp-json\/wp\/v2\/types\/product"}],"replies":[{"embeddable":true,"href":"https:\/\/roulettes.vaniseo.top\/index.php\/wp-json\/wp\/v2\/comments?post=409"}],"version-history":[{"count":0,"href":"https:\/\/roulettes.vaniseo.top\/index.php\/wp-json\/wp\/v2\/product\/409\/revisions"}],"wp:featuredmedia":[{"embeddable":true,"href":"https:\/\/roulettes.vaniseo.top\/index.php\/wp-json\/wp\/v2\/media\/1810"}],"wp:attachment":[{"href":"https:\/\/roulettes.vaniseo.top\/index.php\/wp-json\/wp\/v2\/media?parent=409"}],"wp:term":[{"taxonomy":"product_cat","embeddable":true,"href":"https:\/\/roulettes.vaniseo.top\/index.php\/wp-json\/wp\/v2\/product_cat?post=409"},{"taxonomy":"product_tag","embeddable":true,"href":"https:\/\/roulettes.vaniseo.top\/index.php\/wp-json\/wp\/v2\/product_tag?post=409"}],"curies":[{"name":"wp","href":"https:\/\/api.w.org\/{rel}","templated":true}]}}