{"id":41,"date":"2022-04-04T16:20:06","date_gmt":"2022-04-04T14:20:06","guid":{"rendered":"https:\/\/roulettes.vaniseo.top\/index.php\/produit\/patere-tige-color-design-aluminium-grise\/"},"modified":"2022-04-04T17:08:41","modified_gmt":"2022-04-04T15:08:41","slug":"patere-tige-color-design-aluminium-grise","status":"publish","type":"product","link":"https:\/\/roulettes.vaniseo.top\/index.php\/produit\/patere-tige-color-design-aluminium-grise\/","title":{"rendered":"Pat\u00e8re tige Color design aluminium grise"},"content":{"rendered":"<h3>Porte manteau design tige Color inoxydable grise<\/h3>\n<p>_x000D_n<strong>1001 Pat\u00e8res<\/strong> vous propose ici de d\u00e9couvrir toutes les informations techniques et d\u00e9coratives concernant la <strong>collection ultra moderne m\u00e9tallis\u00e9e et inoxydable<\/strong> incluant cette <strong>pat\u00e8re tige Color design aluminium grise<\/strong>._x000D_n_x000D_nEn effet, <a href=\"https:\/\/1001pateres.com\/brand\/1001pateres\/\">1001 Pat\u00e8res<\/a> est le <strong>leader en France de la vente en ligne de porte manteaux et pat\u00e8res<\/strong>. Pour ce faire, il vous propose de nombreuses r\u00e9f\u00e9rences, offrant <strong>styles et prix vari\u00e9s<\/strong>. Retrouvez des <strong>marques fran\u00e7aises comme internationales<\/strong>, mais aussi des produits de sa <strong>propre marque<\/strong>. Ainsi, vous pourrez choisir comment optimiser au mieux votre rangement et votre d\u00e9coration d&rsquo;int\u00e9rieur pour <strong>bureau<\/strong> et\/ou <strong>maison<\/strong>._x000D_n_x000D_nIci, il s&rsquo;agit d&rsquo;une collection de porte manteau design tige nomm\u00e9e Color. Celle-ci est en aluminium <strong>inoxydable<\/strong>. Elle est donc tr\u00e8s pratique car elle peut s&rsquo;installer n&rsquo;importe o\u00f9, m\u00eame dans une <strong>salle de bain<\/strong> comme porte gant ou porte serviette._x000D_n_x000D_nAinsi, vous n&rsquo;aurez aucune crainte d&rsquo;utilisation \u00e0 avoir, quelque soit la pi\u00e8ce o\u00f9 vous choisissez de l&rsquo;installer._x000D_n_x000D_nPar ailleurs, vous faites ici un choix tr\u00e8s moderne et dans l&rsquo;air du temps, puisque la <strong>finition m\u00e9tallis\u00e9e revient en force<\/strong>!_x000D_n_x000D_n&nbsp;_x000D_n<\/p>\n<h3>Pat\u00e8re tige Color design aluminium grise<\/h3>\n<p>_x000D_nAinsi, ici il s&rsquo;agit de la r\u00e9f\u00e9rence de couleur grise, teint\u00e9e dans la masse. Mais, il est aussi possible d&rsquo;en profiter dans les coloris suivants: <strong>orange, noir, brun, mauve, <a href=\"https:\/\/1001pateres.com\/produit\/patere-tige-color-design-aluminium-vert\/\">vert<\/a>, dor\u00e9, bleu roi, turquoise, et rouge<\/strong>._x000D_n_x000D_nEnfin, c\u00f4t\u00e9 <strong>installation<\/strong>, celle-ci inclue une cheville et une vis. Son plus est une vis invisible une fois fix\u00e9e, pour une finition parfaite. Pour autant, pensez \u00e0 vous munir d&rsquo;une perceuse pour l&rsquo;installation de la cheville en amont. Voici ses <strong>dimensions<\/strong> sp\u00e9cifiques:_x000D_n<\/p>\n<ul>_x000D_n \t<\/p>\n<li>Pat\u00e8re tige Color: 5,3 cm X 2 cm<\/li>\n<p>_x000D_n \t<\/p>\n<li>Diam\u00e8tre de la base: 3,2 cm<\/li>\n<p>_x000D_n \t<\/p>\n<li>Vis de 2,3 cm<\/li>\n<p>_x000D_n<\/ul>\n<p>_x000D_nPensez \u00e0 tenir compte de ses dimensions, notamment dans le cas o\u00f9 vous pensez en installer plusieurs sur un m\u00eame pan de mur.<\/p>\n","protected":false},"excerpt":{"rendered":"<p>Belle pat\u00e8re design en forme de<em><strong> tige<\/strong><\/em> color en aluminium teint\u00e9 dans la masse <strong>gris clair<\/strong> qui peut servir de porte torchon, porte serviette, porte gant, porte manteau.\u00a0Pat\u00e8re murale au design \u00e9pur\u00e9e, elle sera tr\u00e8s pratique \u00e0 l&rsquo;utilisation.<\/p>\n","protected":false},"featured_media":783,"comment_status":"closed","ping_status":"open","template":"","meta":[],"product_cat":[19,20,21,22,17,23],"product_tag":[27],"class_list":["post-41","product","type-product","status-publish","has-post-thumbnail","hentry","product_cat-collectivite","product_cat-cuisine","product_cat-entreprise","product_cat-pro","product_cat-salle-de-bain","product_cat-toilette-wc","product_tag-crochet-patere-patere-design-patere-murale-patere-porte-pateres-porte-serviette-porte-torchon-vestiaire","description-off"],"_links":{"self":[{"href":"https:\/\/roulettes.vaniseo.top\/index.php\/wp-json\/wp\/v2\/product\/41","targetHints":{"allow":["GET"]}}],"collection":[{"href":"https:\/\/roulettes.vaniseo.top\/index.php\/wp-json\/wp\/v2\/product"}],"about":[{"href":"https:\/\/roulettes.vaniseo.top\/index.php\/wp-json\/wp\/v2\/types\/product"}],"replies":[{"embeddable":true,"href":"https:\/\/roulettes.vaniseo.top\/index.php\/wp-json\/wp\/v2\/comments?post=41"}],"version-history":[{"count":0,"href":"https:\/\/roulettes.vaniseo.top\/index.php\/wp-json\/wp\/v2\/product\/41\/revisions"}],"wp:featuredmedia":[{"embeddable":true,"href":"https:\/\/roulettes.vaniseo.top\/index.php\/wp-json\/wp\/v2\/media\/783"}],"wp:attachment":[{"href":"https:\/\/roulettes.vaniseo.top\/index.php\/wp-json\/wp\/v2\/media?parent=41"}],"wp:term":[{"taxonomy":"product_cat","embeddable":true,"href":"https:\/\/roulettes.vaniseo.top\/index.php\/wp-json\/wp\/v2\/product_cat?post=41"},{"taxonomy":"product_tag","embeddable":true,"href":"https:\/\/roulettes.vaniseo.top\/index.php\/wp-json\/wp\/v2\/product_tag?post=41"}],"curies":[{"name":"wp","href":"https:\/\/api.w.org\/{rel}","templated":true}]}}