{"id":410,"date":"2022-04-04T16:21:35","date_gmt":"2022-04-04T14:21:35","guid":{"rendered":"https:\/\/roulettes.vaniseo.top\/index.php\/produit\/patere-avec-boite-a-cles-pour-entree-tomasucci-chiavi-en-metal-blanc\/"},"modified":"2022-04-04T17:20:27","modified_gmt":"2022-04-04T15:20:27","slug":"patere-avec-boite-a-cles-pour-entree-tomasucci-chiavi-en-metal-blanc","status":"publish","type":"product","link":"https:\/\/roulettes.vaniseo.top\/index.php\/produit\/patere-avec-boite-a-cles-pour-entree-tomasucci-chiavi-en-metal-blanc\/","title":{"rendered":"Pat\u00e8re avec boite a cl\u00e9s pour entr\u00e9e TOMASUCCI CHIAVI en m\u00e9tal blanc"},"content":{"rendered":"<h4>Vestiaire d&rsquo;entr\u00e9e en m\u00e9tal blanc pour cl\u00e9s TOMASUCCI.<\/h4>\n<p>_x000D_nPat\u00e8re boite a cl\u00e9s entr\u00e9e TOMASUCCI CHIAVI blanc._x000D_n_x000D_nCette pat\u00e8re avec boite \u00e0 cl\u00e9s pouvant servir de vestiaire d&rsquo;entr\u00e9e en m\u00e9tal de la marque <em><strong>TOMASUCCI<\/strong><\/em>\u00a0mod\u00e8le <strong>CHIAVI blanc<\/strong>\u00a0est id\u00e9ale dans l&rsquo;entr\u00e9e\u00a0pour ne plus voir trainer ses affaires._x000D_n_x000D_nCette boite de rangement des cl\u00e9s est pratique en m\u00e9tal avec sa pat\u00e8re en aluminium._x000D_n_x000D_nSon\u00a0syst\u00e8me d&rsquo;accrochage est simple avec visserie aussi il est non visible une fois pos\u00e9 sur le mur._x000D_n_x000D_nOriginal et de belle qualit\u00e9, i<span style=\"line-height: 1.5\">l mettra une touche de modernit\u00e9 dans votre int\u00e9rieur.<\/span>_x000D_n_x000D_n<span style=\"line-height: 1.5\">Il tient au mur avec 2 vis, vis et chevilles sont fournies. Sa pose n\u00e9cessite l&rsquo;usage d&rsquo;une perceuse.<\/span>_x000D_n<\/p>\n<h4>Dimensions :<\/h4>\n<p>_x000D_n<\/p>\n<ul>_x000D_n \t<\/p>\n<li>La base 33,2 cm X 18 cm<\/li>\n<p>_x000D_n \t<\/p>\n<li>Profondeur 2,8 cm<\/li>\n<p>_x000D_n<\/ul>\n","protected":false},"excerpt":{"rendered":"<p>Pat\u00e8re avec boite \u00e0 cl\u00e9s pouvant servir de vestiaire d&rsquo;entr\u00e9e en m\u00e9tal de la marque <em><strong>TOMASUCCI<\/strong><\/em>\u00a0mod\u00e8le <strong>CHIAVI blanc.<\/strong>\u00a0Elle est id\u00e9ale dans l&rsquo;entr\u00e9e\u00a0pour ne plus voir trainer ses affaires.\u00a0Cette boite de rangement des cl\u00e9s est pratique en m\u00e9tal avec sa pat\u00e8re en aluminium. Sa pose n\u00e9cessite l&rsquo;usage d&rsquo;une perceuse.<\/p>\n","protected":false},"featured_media":1813,"comment_status":"closed","ping_status":"open","template":"","meta":[],"product_cat":[32],"product_tag":[25],"class_list":["post-410","product","type-product","status-publish","has-post-thumbnail","hentry","product_cat-entree-sejour","product_tag-crochet-patere-patere-design-patere-murale-patere-porte-pateres-porte-manteau-porte-serviette-porte-torchon-vestiaire","description-off"],"_links":{"self":[{"href":"https:\/\/roulettes.vaniseo.top\/index.php\/wp-json\/wp\/v2\/product\/410","targetHints":{"allow":["GET"]}}],"collection":[{"href":"https:\/\/roulettes.vaniseo.top\/index.php\/wp-json\/wp\/v2\/product"}],"about":[{"href":"https:\/\/roulettes.vaniseo.top\/index.php\/wp-json\/wp\/v2\/types\/product"}],"replies":[{"embeddable":true,"href":"https:\/\/roulettes.vaniseo.top\/index.php\/wp-json\/wp\/v2\/comments?post=410"}],"version-history":[{"count":0,"href":"https:\/\/roulettes.vaniseo.top\/index.php\/wp-json\/wp\/v2\/product\/410\/revisions"}],"wp:featuredmedia":[{"embeddable":true,"href":"https:\/\/roulettes.vaniseo.top\/index.php\/wp-json\/wp\/v2\/media\/1813"}],"wp:attachment":[{"href":"https:\/\/roulettes.vaniseo.top\/index.php\/wp-json\/wp\/v2\/media?parent=410"}],"wp:term":[{"taxonomy":"product_cat","embeddable":true,"href":"https:\/\/roulettes.vaniseo.top\/index.php\/wp-json\/wp\/v2\/product_cat?post=410"},{"taxonomy":"product_tag","embeddable":true,"href":"https:\/\/roulettes.vaniseo.top\/index.php\/wp-json\/wp\/v2\/product_tag?post=410"}],"curies":[{"name":"wp","href":"https:\/\/api.w.org\/{rel}","templated":true}]}}