{"id":411,"date":"2022-04-04T16:21:35","date_gmt":"2022-04-04T14:21:35","guid":{"rendered":"https:\/\/roulettes.vaniseo.top\/index.php\/produit\/patere-deployante-design-en-metal-noir-bin-1-tomasucci\/"},"modified":"2022-04-04T17:20:28","modified_gmt":"2022-04-04T15:20:28","slug":"patere-deployante-design-en-metal-noir-bin-1-tomasucci","status":"publish","type":"product","link":"https:\/\/roulettes.vaniseo.top\/index.php\/produit\/patere-deployante-design-en-metal-noir-bin-1-tomasucci\/","title":{"rendered":"Pat\u00e8re d\u00e9ployante design en m\u00e9tal noir BIN 1 TOMASUCCI"},"content":{"rendered":"<h3>Porte manteau simple pat\u00e8re en m\u00e9tal noir TOMASUCCI<\/h3>\n<p>_x000D_n<strong>1001 Pat\u00e8res<\/strong> vous propose ici la d\u00e9couverte d&rsquo;une fantastique invention, la pat\u00e8re d\u00e9ployante. Avec <strong>BIN 1 de Tomasucci,<\/strong> profitez d&rsquo;une <strong>pat\u00e8re d\u00e9ployante design en m\u00e9tal noir<\/strong>._x000D_n_x000D_nEn effet, 1001 Pat\u00e8res est n\u00b01 en France de la vente de pat\u00e8res et de porte manteaux. Elle propose une s\u00e9lection des meilleures r\u00e9f\u00e9rences de cr\u00e9ateurs internationaux pour une <strong>maison rang\u00e9e et d\u00e9cor\u00e9e<\/strong>, aux <strong>meilleures rapport qualit\u00e9 prix<\/strong>._x000D_n_x000D_nAinsi, avec <a href=\"https:\/\/1001pateres.com\/brand\/tomasucci\/\"><strong>Tomasucci<\/strong><\/a>, marque italienne aujourd&rsquo;hui reconnue, profitez d&rsquo;un style design et d&rsquo;objets utiles. Les <strong>porte manteaux sur pied disposent de casiers<\/strong> (voir Bucaneve-A), les <strong>consoles de range cl\u00e9s<\/strong> (Chiavi) ou de <strong><a href=\"https:\/\/1001pateres.com\/produit\/miroir-memo-range-cles-tomasucci-o-reminder-blanc\/\">miroir<\/a><\/strong>\u00a0etc&#8230;_x000D_n_x000D_nEnfin, comme ci contre les pat\u00e8res sont aussi d\u00e9ployantes: c&rsquo;est la collection <strong>BIN<\/strong>. Concr\u00e8tement la pat\u00e8re <strong>peut s&rsquo;\u00e9carter ou s&rsquo;ins\u00e9rer dans son support<\/strong>. Ecart\u00e9e, elle fait office de pat\u00e8re, ins\u00e9r\u00e9e elle appartient \u00e0 cet objet de d\u00e9coration design. <strong>BIN 1<\/strong> existe ici en m\u00e9tal noir, mais nous disposons aussi \u00e0 la vente du mod\u00e8le <a href=\"https:\/\/1001pateres.com\/produit\/patere-deployante-design-moderne-tomasucci-bin-1-en-metal-blanc\/\">m\u00e9tal blanc<\/a>._x000D_n_x000D_nPar ailleurs, on adore la qualit\u00e9 de la pat\u00e8re en <strong>aluminium<\/strong> apportant toute la modernit\u00e9 n\u00e9cessaire pour contracter l&rsquo;ensemble. Elle est id\u00e9ale dans une entr\u00e9e\u00a0comme <strong>solution de rangement d&rsquo;appoint, et de d\u00e9coration.<\/strong>_x000D_n_x000D_n&nbsp;_x000D_n<\/p>\n<h3>Pat\u00e8re d\u00e9ployante design en m\u00e9tal noir : installation<\/h3>\n<p>_x000D_nPour terminer, son\u00a0syst\u00e8me d&rsquo;accrochage est simple. Il consiste en l&rsquo;<strong>installation<\/strong> \u00e0 l&rsquo;aide votre perceuse de 2 vis et cheville incluses. Une fois install\u00e9e, l&rsquo;ensemble ne se voit pas. Pensez seulement \u00e0 v\u00e9rifier l&rsquo;espace allou\u00e9 \u00e0 cette pat\u00e8re avant toute installation. Pour s&rsquo;en assurer, voici les <strong>dimensions<\/strong> de BIN 1:_x000D_n<\/p>\n<ul>_x000D_n \t<\/p>\n<li>La base 16,8 cm X 18 cm<\/li>\n<p>_x000D_n \t<\/p>\n<li>Profondeur 3 cm<\/li>\n<p>_x000D_n<\/ul>\n<p>_x000D_nOriginale et de belle qualit\u00e9, la pat\u00e8re d\u00e9ployante design en m\u00e9tal noir et aluminium <span style=\"line-height: 1.5\">mettra une touche de modernit\u00e9 \u00e0 votre int\u00e9rieur.<\/span>_x000D_n_x000D_nN&rsquo;h\u00e9sitez pas \u00e0 contacter 1001 Pat\u00e8res en cas de demande de <strong>devis pour une commande en quantit\u00e9 importante<\/strong>, ou \u00e9videmment, pour toute question compl\u00e9mentaire. Nous serons ravis de vous r\u00e9pondre!<\/p>\n","protected":false},"excerpt":{"rendered":"<p>Pat\u00e8re moderne au design italien pouvant servir de vestiaire d&rsquo;entr\u00e9e en m\u00e9tal de la marque <em><strong>TOMASUCCI<\/strong><\/em>\u00a0mod\u00e8le <strong>BIN 1 noir.<\/strong>\u00a0Elle est id\u00e9ale dans l&rsquo;entr\u00e9e\u00a0pour ne plus voir trainer ses affaires.\u00a0Ce porte-manteau est pratique en m\u00e9tal avec sa pat\u00e8re en aluminium d\u00e9ployante. Sa pose n\u00e9cessite l&rsquo;usage d&rsquo;une perceuse.<\/p>\n","protected":false},"featured_media":1816,"comment_status":"closed","ping_status":"open","template":"","meta":[],"product_cat":[29,32,17],"product_tag":[27],"class_list":["post-411","product","type-product","status-publish","has-post-thumbnail","hentry","product_cat-chambre-adulte","product_cat-entree-sejour","product_cat-salle-de-bain","product_tag-crochet-patere-patere-design-patere-murale-patere-porte-pateres-porte-serviette-porte-torchon-vestiaire","description-off"],"_links":{"self":[{"href":"https:\/\/roulettes.vaniseo.top\/index.php\/wp-json\/wp\/v2\/product\/411","targetHints":{"allow":["GET"]}}],"collection":[{"href":"https:\/\/roulettes.vaniseo.top\/index.php\/wp-json\/wp\/v2\/product"}],"about":[{"href":"https:\/\/roulettes.vaniseo.top\/index.php\/wp-json\/wp\/v2\/types\/product"}],"replies":[{"embeddable":true,"href":"https:\/\/roulettes.vaniseo.top\/index.php\/wp-json\/wp\/v2\/comments?post=411"}],"version-history":[{"count":0,"href":"https:\/\/roulettes.vaniseo.top\/index.php\/wp-json\/wp\/v2\/product\/411\/revisions"}],"wp:featuredmedia":[{"embeddable":true,"href":"https:\/\/roulettes.vaniseo.top\/index.php\/wp-json\/wp\/v2\/media\/1816"}],"wp:attachment":[{"href":"https:\/\/roulettes.vaniseo.top\/index.php\/wp-json\/wp\/v2\/media?parent=411"}],"wp:term":[{"taxonomy":"product_cat","embeddable":true,"href":"https:\/\/roulettes.vaniseo.top\/index.php\/wp-json\/wp\/v2\/product_cat?post=411"},{"taxonomy":"product_tag","embeddable":true,"href":"https:\/\/roulettes.vaniseo.top\/index.php\/wp-json\/wp\/v2\/product_tag?post=411"}],"curies":[{"name":"wp","href":"https:\/\/api.w.org\/{rel}","templated":true}]}}