{"id":412,"date":"2022-04-04T16:21:35","date_gmt":"2022-04-04T14:21:35","guid":{"rendered":"https:\/\/roulettes.vaniseo.top\/index.php\/produit\/patere-murale-metal-blanc-design-bin-1-tomasucci\/"},"modified":"2022-04-04T17:20:29","modified_gmt":"2022-04-04T15:20:29","slug":"patere-murale-metal-blanc-design-bin-1-tomasucci","status":"publish","type":"product","link":"https:\/\/roulettes.vaniseo.top\/index.php\/produit\/patere-murale-metal-blanc-design-bin-1-tomasucci\/","title":{"rendered":"Pat\u00e8re murale m\u00e9tal blanc design BIN 1 TOMASUCCI"},"content":{"rendered":"<h3>Porte manteau mural \u00e0 pat\u00e8re unique en m\u00e9tal blanc TOMASUCCI<\/h3>\n<p>_x000D_n1001 Pat\u00e8res vous propose ci dessous la d\u00e9couverte de<strong> BIN 1 par Tomasucci<\/strong>. En effet, chez 1001 Pat\u00e8res d\u00e9couvrez une s\u00e9lection des meilleures de pat\u00e8res et porte manteaux des plus grands designers internationaux. Ainsi, au <strong>meilleur rapport qualit\u00e9 prix<\/strong>, investissez par exemple ici dans une <strong>pat\u00e8re murale m\u00e9tal blanc design<\/strong>._x000D_n_x000D_nMais pour mieux comprendre <strong>BIN 1<\/strong>, arr\u00eatons rapidement sur la <strong>marque<\/strong> <strong>italienne<\/strong> <strong>Tomasucci<\/strong>. R\u00e9solument originale, retrouvez des mod\u00e8les essentiellement en m\u00e9tal ou en bois etc&#8230; en coloris noir, gris ou blanc. Mais la cr\u00e9ativit\u00e9 ne s&rsquo;arr\u00eate pas dans le style, la marque d\u00e9veloppe aussi des <strong>r\u00e9f\u00e9rences multifonctions tr\u00e8s intelligentes<\/strong> type <a href=\"https:\/\/1001pateres.com\/produit\/patere-boite-a-cles-entree-tomasucci-chiavi-blanc\/\">porte manteau avec range cl\u00e9s<\/a>, <a href=\"https:\/\/1001pateres.com\/produit\/vestiaire-design-multifonctions-tomasucci-bucaneve-a\/\">porte manteau sur pied et ses casiers<\/a>, <a href=\"https:\/\/1001pateres.com\/produit\/miroir-memo-range-cles-tomasucci-o-reminder-blanc\/\">miroir<\/a> avec tableau aimant\u00e9 et range cl\u00e9s etc&#8230;_x000D_n_x000D_nIci, la <strong>pat\u00e8re murale en m\u00e9tal blanc<\/strong> appartient \u00e0 la <strong>collection BIN<\/strong>. Celle-ci utilise le principe de la pat\u00e8re d\u00e9ployante. Ouverte elle permet de suspendre vos v\u00eatements, <strong>ferm\u00e9e, la pat\u00e8re s&rsquo;incruste<\/strong> dans le support et prend alors une forme dans son ensemble, <strong>d\u00e9corative<\/strong>. <strong>BIN 1<\/strong> dispose d&rsquo;une seule pat\u00e8re mobile, mais <a href=\"https:\/\/1001pateres.com\/produit\/porte-manteaux-design-moderne-tomasucci-bin-3-en-metal-blanc\/\"><strong>BIN 3<\/strong><\/a>, elle, en dispose de 3. BIN 1 est disponible ici <strong>en m\u00e9tal blanc<\/strong>, mais nous disposons aussi sur notre site du mod\u00e8le en\u00a0<a href=\"https:\/\/1001pateres.com\/produit\/patere-moderne-tomasucci-bin-1-noir\/\"><strong>m\u00e9tal noir<\/strong><\/a>._x000D_n_x000D_n&nbsp;_x000D_n<\/p>\n<h3>Pat\u00e8re murale m\u00e9tal blanc disant BIN 1 : comment l&rsquo;installer?<\/h3>\n<p>_x000D_nPar ailleurs son\u00a0<strong>syst\u00e8me d&rsquo;accrochage<\/strong> est simple avec visserie incluse. Bien s\u00fbr l&rsquo;ensemble est non visible une fois pos\u00e9 sur le mur. En d\u00e9tail, i<span style=\"line-height: 1.5\">l tient au mur avec 2 vis et chevilles qui devront \u00eatre fix\u00e9es \u00e0 l&rsquo;aide de votre perceuse. Pensez juste \u00e0 v\u00e9rifier si l&rsquo;espace allou\u00e9 est suffisant. Pour cela, voici les <strong>dimensions<\/strong> de la pat\u00e8re BIN 1:<\/span>_x000D_n<\/p>\n<ul>_x000D_n \t<\/p>\n<li>La base 16,8 cm X 18 cm<\/li>\n<p>_x000D_n \t<\/p>\n<li>Profondeur 3 cm<\/li>\n<p>_x000D_n<\/ul>\n<p>_x000D_nOn retient donc l&rsquo;utilisation d&rsquo;une <strong>pat\u00e8re murale<\/strong> telle que <strong>BIN 1<\/strong> d\u00e8s lors que vous recherchez une <strong>solution d&rsquo;appoint<\/strong> pour compl\u00e9ter un <strong>espace de rangement pour veste et accessoire<\/strong>. C&rsquo;est l&rsquo;id\u00e9al puisque le produit est, le reste du temps, <strong>d\u00e9coratif<\/strong>.<\/p>\n","protected":false},"excerpt":{"rendered":"<p>Pat\u00e8re moderne au design italien pouvant servir de vestiaire d&rsquo;entr\u00e9e en m\u00e9tal de la marque <em><strong>TOMASUCCI<\/strong><\/em>\u00a0mod\u00e8le <strong>BIN 1 blanc.<\/strong>\u00a0Elle est id\u00e9ale dans l&rsquo;entr\u00e9e\u00a0pour ne plus voir trainer ses affaires.\u00a0Ce porte-manteau est pratique en m\u00e9tal avec sa pat\u00e8re en aluminium d\u00e9ployante. Sa pose n\u00e9cessite l&rsquo;usage d&rsquo;une perceuse.<\/p>\n","protected":false},"featured_media":1819,"comment_status":"closed","ping_status":"open","template":"","meta":[],"product_cat":[29,32,17],"product_tag":[27],"class_list":["post-412","product","type-product","status-publish","has-post-thumbnail","hentry","product_cat-chambre-adulte","product_cat-entree-sejour","product_cat-salle-de-bain","product_tag-crochet-patere-patere-design-patere-murale-patere-porte-pateres-porte-serviette-porte-torchon-vestiaire","description-off"],"_links":{"self":[{"href":"https:\/\/roulettes.vaniseo.top\/index.php\/wp-json\/wp\/v2\/product\/412","targetHints":{"allow":["GET"]}}],"collection":[{"href":"https:\/\/roulettes.vaniseo.top\/index.php\/wp-json\/wp\/v2\/product"}],"about":[{"href":"https:\/\/roulettes.vaniseo.top\/index.php\/wp-json\/wp\/v2\/types\/product"}],"replies":[{"embeddable":true,"href":"https:\/\/roulettes.vaniseo.top\/index.php\/wp-json\/wp\/v2\/comments?post=412"}],"version-history":[{"count":0,"href":"https:\/\/roulettes.vaniseo.top\/index.php\/wp-json\/wp\/v2\/product\/412\/revisions"}],"wp:featuredmedia":[{"embeddable":true,"href":"https:\/\/roulettes.vaniseo.top\/index.php\/wp-json\/wp\/v2\/media\/1819"}],"wp:attachment":[{"href":"https:\/\/roulettes.vaniseo.top\/index.php\/wp-json\/wp\/v2\/media?parent=412"}],"wp:term":[{"taxonomy":"product_cat","embeddable":true,"href":"https:\/\/roulettes.vaniseo.top\/index.php\/wp-json\/wp\/v2\/product_cat?post=412"},{"taxonomy":"product_tag","embeddable":true,"href":"https:\/\/roulettes.vaniseo.top\/index.php\/wp-json\/wp\/v2\/product_tag?post=412"}],"curies":[{"name":"wp","href":"https:\/\/api.w.org\/{rel}","templated":true}]}}