{"id":413,"date":"2022-04-04T16:21:35","date_gmt":"2022-04-04T14:21:35","guid":{"rendered":"https:\/\/roulettes.vaniseo.top\/index.php\/produit\/porte-manteau-pour-porte-en-alu-brosse-tomasucci-yale\/"},"modified":"2022-04-04T17:20:29","modified_gmt":"2022-04-04T15:20:29","slug":"porte-manteau-pour-porte-en-alu-brosse-tomasucci-yale","status":"publish","type":"product","link":"https:\/\/roulettes.vaniseo.top\/index.php\/produit\/porte-manteau-pour-porte-en-alu-brosse-tomasucci-yale\/","title":{"rendered":"Porte manteau pour porte en alu bross\u00e9 TOMASUCCI YALE"},"content":{"rendered":"<h3>Pat\u00e8re pour porte en m\u00e9tal TOMASUCCI<\/h3>\n<p>_x000D_n1001 Pat\u00e8res vous invite \u00e0 d\u00e9couvrir ici une pr\u00e9sentation compl\u00e8te de ce porte manteau pour porte en alu bross\u00e9 de la marque <a href=\"https:\/\/1001pateres.com\/brand\/tomasucci\">TOMASUCCI<\/a>. Il s&rsquo;agit de la r\u00e9f\u00e9rence YALE._x000D_n_x000D_n<a href=\"https:\/\/www.tomasucci.com\/index.php\/it\/\" target=\"_blank\" rel=\"noopener noreferrer\">Tomasucci<\/a> est une marque d&rsquo;<strong>objets de d\u00e9coration d&rsquo;int\u00e9rieur italien<\/strong>. 1001 Pat\u00e8res l&rsquo;a choisit pour de nombreux <strong>vestiaires<\/strong> et <strong>porte manteaux muraux<\/strong>.\u00a0Ici, il s&rsquo;agit plut\u00f4t d&rsquo;un syst\u00e8me de <strong>pat\u00e8re \u00e0 accrocher en haut de votre porte.<\/strong>_x000D_n_x000D_n&nbsp;_x000D_n<\/p>\n<h3>Porte manteau pour sur-porte Yale<\/h3>\n<p>_x000D_nCe porte manteau pour porte Yale est compl\u00e8tement empreint d&rsquo;un <strong>style moderne, design, incontestablement italien<\/strong>. Il est \u00e0 poser sur <strong>tous types de porte<\/strong>. En <strong>m\u00e9tal alu bross\u00e9<\/strong> de la marque <em><strong>TOMASUCCI<\/strong><\/em>\u00a0mod\u00e8le <strong>YALE<\/strong>, cette pat\u00e8re\u00a0est id\u00e9ale dans une <strong>chambre<\/strong> pour ne plus voir trainer ses affaires._x000D_n_x000D_nEn effet, Yale est <strong>pratique<\/strong> et <strong>beau<\/strong>. <strong>Minimaliste<\/strong> avec ses <strong>4 pat\u00e8res en aluminium de forme carr\u00e9e<\/strong>, il n&rsquo;alourdit par une pi\u00e8ce mais lui offre un <strong>d\u00e9tail de qualit\u00e9 aux belles finitions<\/strong>. Sa forme permet de <strong>ne pas abimer les affaires qui y sont suspendues.<\/strong>_x000D_n_x000D_nPar ailleurs, son\u00a0syst\u00e8me d&rsquo;accrochage est simple \u00e0 poser sur toute porte de<strong> 4 cm maxi d&rsquo;\u00e9paisseur<\/strong>. D&rsquo;ailleurs, voici les dimensions g\u00e9n\u00e9rales de ce porte manteau pour porte:_x000D_n<\/p>\n<ul>_x000D_n \t<\/p>\n<li>La base 32 cm X 11,5 cm<\/li>\n<p>_x000D_n \t<\/p>\n<li>Epaisseur maxi de la porte 4 cm<\/li>\n<p>_x000D_n<\/ul>\n<p>_x000D_nVous l&rsquo;aurez compris, si vous ne souhaitez pas percer de trous dans vos murs, et si vous cherchez une <strong>solution gain de place<\/strong> pour ranger serviettes et v\u00eatements, cette pat\u00e8re est faites pour vous. D&rsquo;autant qu&rsquo;en optant pour un accrochage sur porte, vous pourrez au gr\u00e9 de vos envies <strong>l&rsquo;utiliser dans n&rsquo;importe quelle pi\u00e8ce<\/strong> de votre int\u00e9rieur. Son design est un <strong>passe partout<\/strong>, une<strong> valeur s\u00fbre<\/strong>._x000D_n_x000D_nOriginal et de belle qualit\u00e9, i<span style=\"line-height: 1.5\">l mettra une touche de <strong>modernit\u00e9<\/strong> dans votre int\u00e9rieur. Contactez nous pour toute question subsidiaire via le formulaire en page <a href=\"https:\/\/1001pateres.com\/contactez-nous\/\">Contact<\/a>.<\/span><\/p>\n","protected":false},"excerpt":{"rendered":"<p>Porte-manteau moderne design italien \u00e0 poser sur-porte en m\u00e9tal alu bross\u00e9 de la marque <em><strong>TOMASUCCI<\/strong><\/em>\u00a0mod\u00e8le <strong>YALE.<\/strong>\u00a0Il est id\u00e9al dans une chambre pour ne plus voir trainer ses affaires.\u00a0Ce porte-manteaux est pratique avec ses 4 pat\u00e8res en aluminium de forme carr\u00e9es pour ne pas abimer les affaires.\u00a0Son\u00a0syst\u00e8me d&rsquo;accrochage est simple \u00e0 poser sur des porte de 4 cm maxi d&rsquo;\u00e9paisseur. Sa pose ne n\u00e9cessite aucun outils.<\/p>\n","protected":false},"featured_media":1821,"comment_status":"closed","ping_status":"open","template":"","meta":[],"product_cat":[29,16,17],"product_tag":[25],"class_list":["post-413","product","type-product","status-publish","has-post-thumbnail","hentry","product_cat-chambre-adulte","product_cat-chambre-enfant","product_cat-salle-de-bain","product_tag-crochet-patere-patere-design-patere-murale-patere-porte-pateres-porte-manteau-porte-serviette-porte-torchon-vestiaire","description-off"],"_links":{"self":[{"href":"https:\/\/roulettes.vaniseo.top\/index.php\/wp-json\/wp\/v2\/product\/413","targetHints":{"allow":["GET"]}}],"collection":[{"href":"https:\/\/roulettes.vaniseo.top\/index.php\/wp-json\/wp\/v2\/product"}],"about":[{"href":"https:\/\/roulettes.vaniseo.top\/index.php\/wp-json\/wp\/v2\/types\/product"}],"replies":[{"embeddable":true,"href":"https:\/\/roulettes.vaniseo.top\/index.php\/wp-json\/wp\/v2\/comments?post=413"}],"version-history":[{"count":0,"href":"https:\/\/roulettes.vaniseo.top\/index.php\/wp-json\/wp\/v2\/product\/413\/revisions"}],"wp:featuredmedia":[{"embeddable":true,"href":"https:\/\/roulettes.vaniseo.top\/index.php\/wp-json\/wp\/v2\/media\/1821"}],"wp:attachment":[{"href":"https:\/\/roulettes.vaniseo.top\/index.php\/wp-json\/wp\/v2\/media?parent=413"}],"wp:term":[{"taxonomy":"product_cat","embeddable":true,"href":"https:\/\/roulettes.vaniseo.top\/index.php\/wp-json\/wp\/v2\/product_cat?post=413"},{"taxonomy":"product_tag","embeddable":true,"href":"https:\/\/roulettes.vaniseo.top\/index.php\/wp-json\/wp\/v2\/product_tag?post=413"}],"curies":[{"name":"wp","href":"https:\/\/api.w.org\/{rel}","templated":true}]}}