{"id":414,"date":"2022-04-04T16:21:35","date_gmt":"2022-04-04T14:21:35","guid":{"rendered":"https:\/\/roulettes.vaniseo.top\/index.php\/produit\/miroir-avec-memo-et-range-cles-pour-entree-tomasucci-o-reminder\/"},"modified":"2022-04-04T17:20:30","modified_gmt":"2022-04-04T15:20:30","slug":"miroir-avec-memo-et-range-cles-pour-entree-tomasucci-o-reminder","status":"publish","type":"product","link":"https:\/\/roulettes.vaniseo.top\/index.php\/produit\/miroir-avec-memo-et-range-cles-pour-entree-tomasucci-o-reminder\/","title":{"rendered":"miroir avec m\u00e9mo et range cl\u00e9s pour entr\u00e9e TOMASUCCI O-REMINDER"},"content":{"rendered":"<h4>Vestiaire miroir pour entr\u00e9e TOMASUCCI.<\/h4>\n<p>_x000D_nMiroir m\u00e9mo range-cl\u00e9s TOMASUCCI O-REMINDER blanc._x000D_n_x000D_nCe miroir m\u00e9mo aimant\u00e9 et range-cl\u00e9s aimant\u00e9 sous une petite \u00e9tag\u00e8re\u00a0de la marque <em><strong>TOMASUCCI<\/strong><\/em>\u00a0mod\u00e8le <strong>O-REMINDER<\/strong> blanc poss\u00e8de un grand miroir, c&rsquo;est pourquoi, il est id\u00e9al pour une entr\u00e9e d&rsquo;appartement ou de maison par exemple._x000D_n_x000D_nDe plus, il comporte un syst\u00e8me d&rsquo;accrochage avec 2 vis ainsi que 2 chevilles._x000D_n_x000D_nOriginal et de belle qualit\u00e9, il est, de plus, en bois blanc laqu\u00e9 avec miroir et aimants en acier chrom\u00e9es._x000D_n_x000D_n<span style=\"line-height: 1.5\">Il permet une touche de modernit\u00e9 dans votre maison tout en restant tr\u00e8s pratique.<\/span>_x000D_n_x000D_n<span style=\"line-height: 1.5\">le miroir et m\u00e9mo se fixe au mur avec deux vis. En outre, les vis et les chevilles sont fournies. Sa pose n\u00e9cessite l&rsquo;usage d&rsquo;une perceuse.<\/span>_x000D_n<\/p>\n<h4>Dimensions:<\/h4>\n<p>_x000D_n<\/p>\n<ul>_x000D_n \t<\/p>\n<li>60 cm X 36 cm.<\/li>\n<p>_x000D_n \t<\/p>\n<li>M\u00e9mo 25 cm X 36 cm<\/li>\n<p>_x000D_n \t<\/p>\n<li>Avec deux aimants pour les cl\u00e9s<\/li>\n<p>_x000D_n<\/ul>\n","protected":false},"excerpt":{"rendered":"<p>Miroir m\u00e9mo aimant\u00e9 et range-cl\u00e9s aimant\u00e9 sous une petite \u00e9tag\u00e8re\u00a0de la marque <em><strong>TOMASUCCI<\/strong><\/em>\u00a0mod\u00e8le <strong>O-REMINDER<\/strong> blanc qui poss\u00e8de un grand miroir, c&rsquo;est pourquoi, il est id\u00e9al pour une entr\u00e9e d&rsquo;appartement ou de maison par exemple.\u00a0Original et de belle qualit\u00e9, il est, de plus, en bois blanc laqu\u00e9 avec miroir et aimants en acier chrom\u00e9es.\u00a0<span style=\"line-height: 1.5\">Sa pose n\u00e9cessite l&rsquo;usage d&rsquo;une perceuse.<\/span><\/p>\n","protected":false},"featured_media":1824,"comment_status":"closed","ping_status":"open","template":"","meta":[],"product_cat":[32],"product_tag":[25],"class_list":["post-414","product","type-product","status-publish","has-post-thumbnail","hentry","product_cat-entree-sejour","product_tag-crochet-patere-patere-design-patere-murale-patere-porte-pateres-porte-manteau-porte-serviette-porte-torchon-vestiaire","description-off"],"_links":{"self":[{"href":"https:\/\/roulettes.vaniseo.top\/index.php\/wp-json\/wp\/v2\/product\/414","targetHints":{"allow":["GET"]}}],"collection":[{"href":"https:\/\/roulettes.vaniseo.top\/index.php\/wp-json\/wp\/v2\/product"}],"about":[{"href":"https:\/\/roulettes.vaniseo.top\/index.php\/wp-json\/wp\/v2\/types\/product"}],"replies":[{"embeddable":true,"href":"https:\/\/roulettes.vaniseo.top\/index.php\/wp-json\/wp\/v2\/comments?post=414"}],"version-history":[{"count":0,"href":"https:\/\/roulettes.vaniseo.top\/index.php\/wp-json\/wp\/v2\/product\/414\/revisions"}],"wp:featuredmedia":[{"embeddable":true,"href":"https:\/\/roulettes.vaniseo.top\/index.php\/wp-json\/wp\/v2\/media\/1824"}],"wp:attachment":[{"href":"https:\/\/roulettes.vaniseo.top\/index.php\/wp-json\/wp\/v2\/media?parent=414"}],"wp:term":[{"taxonomy":"product_cat","embeddable":true,"href":"https:\/\/roulettes.vaniseo.top\/index.php\/wp-json\/wp\/v2\/product_cat?post=414"},{"taxonomy":"product_tag","embeddable":true,"href":"https:\/\/roulettes.vaniseo.top\/index.php\/wp-json\/wp\/v2\/product_tag?post=414"}],"curies":[{"name":"wp","href":"https:\/\/api.w.org\/{rel}","templated":true}]}}