{"id":415,"date":"2022-04-04T16:21:35","date_gmt":"2022-04-04T14:21:35","guid":{"rendered":"https:\/\/roulettes.vaniseo.top\/index.php\/produit\/porte-manteaux-design-italien-tomasucci-modele-carl-blanc-laque\/"},"modified":"2022-04-04T17:20:30","modified_gmt":"2022-04-04T15:20:30","slug":"porte-manteaux-design-italien-tomasucci-modele-carl-blanc-laque","status":"publish","type":"product","link":"https:\/\/roulettes.vaniseo.top\/index.php\/produit\/porte-manteaux-design-italien-tomasucci-modele-carl-blanc-laque\/","title":{"rendered":"Porte-manteaux design italien TOMASUCCI mod\u00e8le CARL blanc laqu\u00e9"},"content":{"rendered":"<h4>Vestiaire d&rsquo;entr\u00e9e en bois laqu\u00e9 blanc style moderne TOMASUCCI.<\/h4>\n<p>_x000D_nPorte-manteaux design italien TOMASUCCI CARL blanc laqu\u00e9._x000D_n_x000D_nCe porte-manteaux pouvant servir de vestiaire d&rsquo;entr\u00e9e design italien avec 3 pat\u00e8res m\u00e9tallique et une petit tringle de la marque <em><strong>TOMASUCCI<\/strong><\/em>\u00a0mod\u00e8le <strong>CARL<\/strong>\u00a0blanc laqu\u00e9 est id\u00e9al dans l&rsquo;entr\u00e9e\u00a0pour ne plus voir trainer ses affaires._x000D_n_x000D_nCe porte-manteau de rangement est, de ce fait, pratique en bois laqu\u00e9 blanc avec ses pat\u00e8res en acier._x000D_n_x000D_nEn outre, son\u00a0syst\u00e8me d&rsquo;accrochage est simple et encastr\u00e9 dans le bois, aussi, il est non visible une fois pos\u00e9 sur le mur._x000D_n_x000D_nOriginal et de belle qualit\u00e9, i<span style=\"line-height: 1.5\">l mettra une touche de modernit\u00e9 dans votre int\u00e9rieur.<\/span>_x000D_n_x000D_n<span style=\"line-height: 1.5\">Il tient au mur avec 2 vis, vis et chevilles sont fournies. Sa pose n\u00e9cessite l&rsquo;usage d&rsquo;une perceuse.<\/span>_x000D_n<\/p>\n<h4>Dimensions :<\/h4>\n<p>_x000D_n<\/p>\n<ul>_x000D_n \t<\/p>\n<li>La base 100 cm X 10 cm<\/li>\n<p>_x000D_n \t<\/p>\n<li>Profondeur 22 cm<\/li>\n<p>_x000D_n<\/ul>\n","protected":false},"excerpt":{"rendered":"<p>Porte-manteaux pouvant servir de vestiaire d&rsquo;entr\u00e9e design italien avec 3 pat\u00e8res m\u00e9tallique et une petit tringle de la marque <em><strong>TOMASUCCI<\/strong><\/em>\u00a0mod\u00e8le <strong>CARL<\/strong>\u00a0blanc laqu\u00e9. Il est id\u00e9al dans l&rsquo;entr\u00e9e\u00a0pour ne plus voir trainer ses affaires.\u00a0Ce porte-manteau de rangement est, de ce fait, pratique en bois laqu\u00e9 blanc avec ses pat\u00e8res en acier. Sa pose n\u00e9cessite l&rsquo;usage d&rsquo;une perceuse.<\/p>\n","protected":false},"featured_media":1827,"comment_status":"closed","ping_status":"open","template":"","meta":[],"product_cat":[29,32,17],"product_tag":[25],"class_list":["post-415","product","type-product","status-publish","has-post-thumbnail","hentry","product_cat-chambre-adulte","product_cat-entree-sejour","product_cat-salle-de-bain","product_tag-crochet-patere-patere-design-patere-murale-patere-porte-pateres-porte-manteau-porte-serviette-porte-torchon-vestiaire","description-off"],"_links":{"self":[{"href":"https:\/\/roulettes.vaniseo.top\/index.php\/wp-json\/wp\/v2\/product\/415","targetHints":{"allow":["GET"]}}],"collection":[{"href":"https:\/\/roulettes.vaniseo.top\/index.php\/wp-json\/wp\/v2\/product"}],"about":[{"href":"https:\/\/roulettes.vaniseo.top\/index.php\/wp-json\/wp\/v2\/types\/product"}],"replies":[{"embeddable":true,"href":"https:\/\/roulettes.vaniseo.top\/index.php\/wp-json\/wp\/v2\/comments?post=415"}],"version-history":[{"count":0,"href":"https:\/\/roulettes.vaniseo.top\/index.php\/wp-json\/wp\/v2\/product\/415\/revisions"}],"wp:featuredmedia":[{"embeddable":true,"href":"https:\/\/roulettes.vaniseo.top\/index.php\/wp-json\/wp\/v2\/media\/1827"}],"wp:attachment":[{"href":"https:\/\/roulettes.vaniseo.top\/index.php\/wp-json\/wp\/v2\/media?parent=415"}],"wp:term":[{"taxonomy":"product_cat","embeddable":true,"href":"https:\/\/roulettes.vaniseo.top\/index.php\/wp-json\/wp\/v2\/product_cat?post=415"},{"taxonomy":"product_tag","embeddable":true,"href":"https:\/\/roulettes.vaniseo.top\/index.php\/wp-json\/wp\/v2\/product_tag?post=415"}],"curies":[{"name":"wp","href":"https:\/\/api.w.org\/{rel}","templated":true}]}}