{"id":417,"date":"2022-04-04T16:21:38","date_gmt":"2022-04-04T14:21:38","guid":{"rendered":"https:\/\/roulettes.vaniseo.top\/index.php\/produit\/porte-manteaux-mural-gris-anthracite-et-metal-bin-3-tomasucci\/"},"modified":"2022-04-04T17:20:33","modified_gmt":"2022-04-04T15:20:33","slug":"porte-manteaux-mural-gris-anthracite-et-metal-bin-3-tomasucci","status":"publish","type":"product","link":"https:\/\/roulettes.vaniseo.top\/index.php\/produit\/porte-manteaux-mural-gris-anthracite-et-metal-bin-3-tomasucci\/","title":{"rendered":"Porte manteaux mural gris anthracite et m\u00e9tal BIN 3 TOMASUCCI"},"content":{"rendered":"<h3>Porte manteau design\u00a0m\u00e9tal gris anthracite et 3 pat\u00e8res\u00a0aluminium<\/h3>\n<p>_x000D_nEt si on passait au niveau sup\u00e9rieur niveau d\u00e9co? Pour cela, les rangements se doivent de devenir plus performant mais en plus ils doivent \u00eatre beaux! Pour cela, <strong>1001 Pat\u00e8res<\/strong> vous pr\u00e9sente le mod\u00e8le <strong>BIN 3<\/strong> de <strong>TOMASUCCI<\/strong>. Il s&rsquo;agit d&rsquo;une <strong>porte manteaux mural gris anthracite et m\u00e9tal<\/strong>._x000D_n_x000D_nD\u00e9couvrez ci dessous l&rsquo;ensemble des informations produits c\u00f4t\u00e9 technique et c\u00f4t\u00e9 esth\u00e9tique._x000D_n_x000D_nTout d&rsquo;abord, il vous faut conna\u00eetre bri\u00e8vement la marque pour mieux comprendre le produit. Ainsi, <strong>Tomasucci<\/strong> est une <strong>marque italienne<\/strong> r\u00e9solument dans son temps. Elle propose des <strong>pat\u00e8res murales<\/strong> et <strong>porte manteaux sur pied design<\/strong>, gr\u00e2ce \u00e0 l&rsquo;utilisation de mat\u00e9riaux tels que le m\u00e9tal, l&rsquo;aluminium, le bois laqu\u00e9. Le tout est disponible majoritairement dans des<strong> coloris neutres<\/strong> de blanc, de noir et de gris. Enfin, chaque r\u00e9f\u00e9rence se veut r\u00e9solument <strong>pratique<\/strong> et <strong>d\u00e9corative<\/strong>. D&rsquo;ailleurs des formats de <strong>vestiaires multi-fonctions<\/strong> viennent compl\u00e9ter la gamme comme <a href=\"https:\/\/1001pateres.com\/produit\/vestiaire-design-multifonctions-tomasucci-bucaneve-a\/\">Bucaneve-A<\/a> ou encore <a href=\"https:\/\/1001pateres.com\/produit\/patere-boite-a-cles-entree-tomasucci-chiavi-blanc\/\">Chiavi<\/a>._x000D_n_x000D_nIci, il s&rsquo;agit de la gamme BIN offrant sur un support carr\u00e9 ou rectangulaire une ou plusieurs pat\u00e8res d\u00e9ployantes. BIN 3 en propose logiquement 3, <a href=\"https:\/\/1001pateres.com\/produit\/patere-moderne-tomasucci-bin-1-noir\/\">BIN 1<\/a> en propose 1. Ci-contre, il s&rsquo;agit du mod\u00e8le gris anthracite mais nous proposons aussi sur notre site le mod\u00e8le <strong><a href=\"https:\/\/1001pateres.com\/produit\/porte-manteaux-design-moderne-tomasucci-bin-3-en-metal-blanc\/\">blanc<\/a><\/strong>._x000D_n_x000D_nAinsi, ce porte manteaux mural <strong>gris anthracite<\/strong> et m\u00e9tal BIN 3 de Tomasucci est constitu\u00e9 de <strong>m\u00e9tal pour son support<\/strong> et d&rsquo;<strong>aluminium<\/strong> pour ses <strong>3 pat\u00e8res d\u00e9ployantes<\/strong>. Le principe est donc de <strong>refermer les pat\u00e8res<\/strong> lorsque vous ne l&rsquo;utilisez pas afin que l&rsquo;ensemble devienne <strong>d\u00e9coratif<\/strong>._x000D_n<\/p>\n<h3>Porte manteaux mural m\u00e9tal gris anthracite et pat\u00e8res aluminium<\/h3>\n<p>_x000D_nEnfin, pour <strong>suspendre BIN 3<\/strong>, le syst\u00e8me d&rsquo;accrochage est simple. Il inclut 2 vis et chevilles, non visibles une fois install\u00e9es. <span style=\"line-height: 1.5\">Sa pose n\u00e9cessite l&rsquo;usage d&rsquo;une perceuse et la v\u00e9rification en amont de la surface n\u00e9cessaire pour l&rsquo;accrocher selon les <strong>dimensions<\/strong> du produit \u00e0 savoir:<\/span>_x000D_n<\/p>\n<ul>_x000D_n \t<\/p>\n<li>La base 60 cm X 18 cm<\/li>\n<p>_x000D_n \t<\/p>\n<li>Profondeur 3 cm<\/li>\n<p>_x000D_n<\/ul>\n<p>_x000D_nEn somme, ce porte manteaux mural BIN 3 est <strong>original<\/strong> et de <strong>belle qualit\u00e9<\/strong>. Il <strong>d\u00e9core et range<\/strong> votre int\u00e9rieur avec efficacit\u00e9.<\/p>\n","protected":false},"excerpt":{"rendered":"<p>Porte-manteaux au design italien moderne pouvant servir de vestiaire d&rsquo;entr\u00e9e en m\u00e9tal de la marque <em><strong>TOMASUCCI<\/strong><\/em>\u00a0mod\u00e8le <strong>BIN 3 gris anthracite. <\/strong>Il est id\u00e9al dans l&rsquo;entr\u00e9e\u00a0pour ne plus voir trainer ses affaires.\u00a0Ce porte-manteau est pratique en m\u00e9tal avec ses pat\u00e8res en aluminium d\u00e9ployantes. Sa pose n\u00e9cessite l&rsquo;usage d&rsquo;une perceuse.<\/p>\n","protected":false},"featured_media":1834,"comment_status":"closed","ping_status":"open","template":"","meta":[],"product_cat":[29,32,17],"product_tag":[25],"class_list":["post-417","product","type-product","status-publish","has-post-thumbnail","hentry","product_cat-chambre-adulte","product_cat-entree-sejour","product_cat-salle-de-bain","product_tag-crochet-patere-patere-design-patere-murale-patere-porte-pateres-porte-manteau-porte-serviette-porte-torchon-vestiaire","description-off"],"_links":{"self":[{"href":"https:\/\/roulettes.vaniseo.top\/index.php\/wp-json\/wp\/v2\/product\/417","targetHints":{"allow":["GET"]}}],"collection":[{"href":"https:\/\/roulettes.vaniseo.top\/index.php\/wp-json\/wp\/v2\/product"}],"about":[{"href":"https:\/\/roulettes.vaniseo.top\/index.php\/wp-json\/wp\/v2\/types\/product"}],"replies":[{"embeddable":true,"href":"https:\/\/roulettes.vaniseo.top\/index.php\/wp-json\/wp\/v2\/comments?post=417"}],"version-history":[{"count":0,"href":"https:\/\/roulettes.vaniseo.top\/index.php\/wp-json\/wp\/v2\/product\/417\/revisions"}],"wp:featuredmedia":[{"embeddable":true,"href":"https:\/\/roulettes.vaniseo.top\/index.php\/wp-json\/wp\/v2\/media\/1834"}],"wp:attachment":[{"href":"https:\/\/roulettes.vaniseo.top\/index.php\/wp-json\/wp\/v2\/media?parent=417"}],"wp:term":[{"taxonomy":"product_cat","embeddable":true,"href":"https:\/\/roulettes.vaniseo.top\/index.php\/wp-json\/wp\/v2\/product_cat?post=417"},{"taxonomy":"product_tag","embeddable":true,"href":"https:\/\/roulettes.vaniseo.top\/index.php\/wp-json\/wp\/v2\/product_tag?post=417"}],"curies":[{"name":"wp","href":"https:\/\/api.w.org\/{rel}","templated":true}]}}