{"id":419,"date":"2022-04-04T16:21:38","date_gmt":"2022-04-04T14:21:38","guid":{"rendered":"https:\/\/roulettes.vaniseo.top\/index.php\/produit\/porte-manteaux-sur-pied-en-metal-et-bois-poly-tomasucci\/"},"modified":"2022-04-04T17:20:35","modified_gmt":"2022-04-04T15:20:35","slug":"porte-manteaux-sur-pied-en-metal-et-bois-poly-tomasucci","status":"publish","type":"product","link":"https:\/\/roulettes.vaniseo.top\/index.php\/produit\/porte-manteaux-sur-pied-en-metal-et-bois-poly-tomasucci\/","title":{"rendered":"Porte manteaux sur pied en m\u00e9tal et bois POLY TOMASUCCI"},"content":{"rendered":"<h3>Porte manteau sur pied design italien selon TOMASUCCI<\/h3>\n<p>_x000D_nIl serait sans doute temps de passer au <strong>porte manteaux sur pied<\/strong> non? Si pratique, <strong>1001 Pat\u00e8res<\/strong> vous pr\u00e9sente ici le mod\u00e8le <strong>Poly<\/strong> de <strong>Tomasucci<\/strong>, <strong>en m\u00e9tal et bois<\/strong>. L&rsquo;occasion de d\u00e9couvrir l&rsquo;ensemble des <strong>informations produits<\/strong> et ne pas passer \u00e0 c\u00f4t\u00e9 du moindre <strong>d\u00e9tails<\/strong>._x000D_n_x000D_nAinsi,\u00a0<strong><a href=\"https:\/\/1001pateres.com\/brand\/tomasucci\/\">Tomasucci<\/a><\/strong> est une marque italienne chouchoute de ce site 1001 Pat\u00e8res, n\u00b01 de la vente de pat\u00e8res en France. Avec Tomasucci, retrouvez de nombreuses r\u00e9f\u00e9rences de <strong>porte manteaux sur pied<\/strong>, mais aussi aussi <strong>muraux<\/strong>. Des r\u00e9f\u00e9rences <strong>polyvalentes\u00a0type vestiaire<\/strong> comme <a href=\"https:\/\/1001pateres.com\/produit\/vestiaire-design-multifonctions-tomasucci-bucaneve-a\/\">Bucaneve-A<\/a> ou <a href=\"https:\/\/1001pateres.com\/produit\/patere-boite-a-cles-entree-tomasucci-chiavi-blanc\/\">Chiavi<\/a> sortent du lot._x000D_n_x000D_nIci, sp\u00e9cifiquement avec <strong>Poly<\/strong>, ce que l&rsquo;on adore c&rsquo;est la <strong>finesse<\/strong> et la <strong>sobri\u00e9t\u00e9<\/strong> du design. Il s&rsquo;agit d&rsquo;un\u00a0<strong>porte manteaux avec pat\u00e8res en bois naturel, sur pied en m\u00e9tal<\/strong>.\u00a0Il se compose de <strong>6 pat\u00e8res<\/strong> en bois naturel vernis pour accrocher v\u00eatements, chapeaux, \u00e9charpes, parapluie._x000D_n_x000D_n&nbsp;_x000D_n<\/p>\n<h3>Porte manteaux sur pied Poly pour retrouver clart\u00e9 de tout espace priv\u00e9 et professionnel<\/h3>\n<p>_x000D_nPar ailleurs, celui-ci est en soi un <strong>bel objet de d\u00e9coration<\/strong> que vous pouvez poser dans l&rsquo;entr\u00e9e d&rsquo;un bureau ou dans une chambre. Tel un accessoire de d\u00e9coration et de rangement, il vous offre une <strong>nouvelle mani\u00e8re de retrouver la clart\u00e9 de votre espace<\/strong>. Offrez plus de <strong>modernit\u00e9<\/strong> et d&rsquo;<strong>\u00e9l\u00e9gance<\/strong> \u00e0 votre int\u00e9rieur avec Poly!_x000D_n_x000D_nBien s\u00fbr, ce mod\u00e8le est aussi tout \u00e0 fait adapt\u00e9 \u00e0 un <strong>milieu professionnel<\/strong>. Par sa finesse, il ne vient pas alourdir un espace de r\u00e9union, une entr\u00e9e o\u00f9 les all\u00e9es et venues sont fr\u00e9quents etc&#8230; Il se montrera <strong>discret<\/strong> partout o\u00f9 il sera. Ses <strong>dimensions<\/strong> sont de:_x000D_n<\/p>\n<ul>_x000D_n \t<\/p>\n<li>Hauteur : 172 cm<\/li>\n<p>_x000D_n \t<\/p>\n<li>Diam\u00e8tre : 28 cm<\/li>\n<p>_x000D_n<\/ul>\n<p>_x000D_n<span style=\"line-height: 1.5\">Enfin, il est facile \u00e0 monter. Ce porte manteaux sur pied supporte des poids pouvant aller jusqu&rsquo;\u00e0 5 kg par pat\u00e8re. <\/span>_x000D_n_x000D_n<span style=\"line-height: 1.5\">N&rsquo;h\u00e9sitez pas \u00e0 nous consulter pour toute question compl\u00e9mentaire.<\/span><\/p>\n","protected":false},"excerpt":{"rendered":"<p>Porte-manteaux avec pat\u00e8res en bois naturel sur pied en m\u00e9tal de la marque <em><strong>TOMASUCCI<\/strong><\/em> mod\u00e8le <strong>POLY<\/strong>, il est \u00e0 poser dans l&rsquo;entr\u00e9e ou dans la chambre. Il permettra ainsi de ne plus laisser trainer ses affaires.\u00a0Il se compose de 6 pat\u00e8res en bois naturel verni pour accrocher v\u00eatements, chapeaux, \u00e9charpes, parapluie et peut \u00eatre un bel objet de d\u00e9coration. De plus, original et de tr\u00e8s belle qualit\u00e9, ce vestiaire<span style=\"line-height: 1.5\">\u00a0mettra une touche de modernit\u00e9 dans votre int\u00e9rieur.<\/span><\/p>\n","protected":false},"featured_media":1842,"comment_status":"closed","ping_status":"open","template":"","meta":[],"product_cat":[29,16,19,32,21,40,22],"product_tag":[25],"class_list":["post-419","product","type-product","status-publish","has-post-thumbnail","hentry","product_cat-chambre-adulte","product_cat-chambre-enfant","product_cat-collectivite","product_cat-entree-sejour","product_cat-entreprise","product_cat-porte-manteau-sur-pied","product_cat-pro","product_tag-crochet-patere-patere-design-patere-murale-patere-porte-pateres-porte-manteau-porte-serviette-porte-torchon-vestiaire","description-off"],"_links":{"self":[{"href":"https:\/\/roulettes.vaniseo.top\/index.php\/wp-json\/wp\/v2\/product\/419","targetHints":{"allow":["GET"]}}],"collection":[{"href":"https:\/\/roulettes.vaniseo.top\/index.php\/wp-json\/wp\/v2\/product"}],"about":[{"href":"https:\/\/roulettes.vaniseo.top\/index.php\/wp-json\/wp\/v2\/types\/product"}],"replies":[{"embeddable":true,"href":"https:\/\/roulettes.vaniseo.top\/index.php\/wp-json\/wp\/v2\/comments?post=419"}],"version-history":[{"count":0,"href":"https:\/\/roulettes.vaniseo.top\/index.php\/wp-json\/wp\/v2\/product\/419\/revisions"}],"wp:featuredmedia":[{"embeddable":true,"href":"https:\/\/roulettes.vaniseo.top\/index.php\/wp-json\/wp\/v2\/media\/1842"}],"wp:attachment":[{"href":"https:\/\/roulettes.vaniseo.top\/index.php\/wp-json\/wp\/v2\/media?parent=419"}],"wp:term":[{"taxonomy":"product_cat","embeddable":true,"href":"https:\/\/roulettes.vaniseo.top\/index.php\/wp-json\/wp\/v2\/product_cat?post=419"},{"taxonomy":"product_tag","embeddable":true,"href":"https:\/\/roulettes.vaniseo.top\/index.php\/wp-json\/wp\/v2\/product_tag?post=419"}],"curies":[{"name":"wp","href":"https:\/\/api.w.org\/{rel}","templated":true}]}}