{"id":42,"date":"2022-04-04T16:20:06","date_gmt":"2022-04-04T14:20:06","guid":{"rendered":"https:\/\/roulettes.vaniseo.top\/index.php\/produit\/patere-tige-color-design-aluminium-vert\/"},"modified":"2022-04-04T17:08:41","modified_gmt":"2022-04-04T15:08:41","slug":"patere-tige-color-design-aluminium-vert","status":"publish","type":"product","link":"https:\/\/roulettes.vaniseo.top\/index.php\/produit\/patere-tige-color-design-aluminium-vert\/","title":{"rendered":"Pat\u00e8re tige color design aluminium vert"},"content":{"rendered":"<h3>Porte manteau design tige Color vert inoxydable<\/h3>\n<p>_x000D_nC&rsquo;est le retour en force de la <strong>grande tendance du m\u00e9tallis\u00e9<\/strong>! <strong>1001 Pat\u00e8res<\/strong> vous propose donc une s\u00e9rie de <strong>pat\u00e8re tige Color design aluminium<\/strong>, ici de couleur <strong>verte<\/strong>. D\u00e9couvrez donc ci dessous l&rsquo;ensemble de ses informations d\u00e9coratives et techniques._x000D_n_x000D_nMais, tout d&rsquo;abord, revenons rapidement sur sa marque, <a href=\"https:\/\/1001pateres.com\/brand\/1001pateres\/\">1001 Pat\u00e8res<\/a>. Celle-ci est, avant tout, la marque de ce site de vente en ligne. Actuellement, il est le n\u00b01 en France de pat\u00e8res et porte manteaux. Vous retrouvez des marques internationales proposant le <strong>meilleur rapport qualit\u00e9 prix<\/strong> pour ainsi disposer de plus de solutions de <strong>rangement<\/strong>, tout en <strong>d\u00e9corant<\/strong> mieux votre int\u00e9rieur de <strong>bureau<\/strong> et\/ ou de <strong>maison<\/strong>._x000D_n_x000D_n&nbsp;_x000D_n<\/p>\n<h3>Pat\u00e8re tige Color design aluminium vert<\/h3>\n<p>_x000D_nAinsi, ci-contre, ce porte manteau design tige Color est en aluminium <strong>vert<\/strong>. Il int\u00e8gre la collection du m\u00eame style aux couleurs <strong>m\u00e9tallis\u00e9es<\/strong>, toutes teint\u00e9es dans la masse._x000D_n_x000D_nRetrouvez en plus, sur ce site, les couleurs suivantes: <strong>orange, noir, <a href=\"https:\/\/1001pateres.com\/produit\/patere-tige-color-design-aluminium-brun\/\">brun<\/a>, mauve, alu, dor\u00e9, bleu roi, turquoise, et rouge<\/strong>._x000D_n_x000D_nAinsi, avec un mat\u00e9riaux <strong>inoxydable<\/strong>, vous n&rsquo;aurez aucun mal \u00e0 l&rsquo;installer dans un humide, type salle de bain, ou dans un bureau comme une chambre. Il pourra autant \u00eatre utilis\u00e9 comme\u00a0<strong>porte torchon, porte serviette, porte gant et porte manteau<\/strong>._x000D_n_x000D_nDans tous les cas, cette pat\u00e8re offre <strong>modernit\u00e9 et vivacit\u00e9<\/strong> avec son <strong>coloris lumineux et actuel<\/strong>. Pour son installation, elle comporte une tige et un syst\u00e8me de fixation avec sa vis et sa cheville incluses. Vous aurez besoin d&rsquo;une perceuse pour l&rsquo;installation de la cheville. Pour autant, la <strong>vis est invisible, la finition parfaite<\/strong>, une fois termin\u00e9e._x000D_n_x000D_nPensez seulement \u00e0 tenir compte de ses <strong>dimensions<\/strong> avant de choisir la quantit\u00e9 \u00e0 commander. Notamment dans le cas o\u00f9 vous pr\u00e9voyez de la d\u00e9multiplier en ligne sur un m\u00eame pan de mur. Celles-ci sont de:_x000D_n<\/p>\n<ul>_x000D_n \t<\/p>\n<li>Pat\u00e8re tige inox: 5,3 cm X 2 cm<\/li>\n<p>_x000D_n \t<\/p>\n<li>Diam\u00e8tre de la base: 3,2 cm<\/li>\n<p>_x000D_n \t<\/p>\n<li>Vis de 2,3 cm<\/li>\n<p>_x000D_n<\/ul>\n","protected":false},"excerpt":{"rendered":"<p>Belle pat\u00e8re design en forme de <em><strong>tige<\/strong><\/em> color en aluminium teint\u00e9 dans la masse <strong>vert<\/strong> qui peut servir de porte torchon, porte serviette, porte gant, porte manteau.\u00a0Pat\u00e8re murale au design \u00e9pur\u00e9e, elle sera tr\u00e8s pratique \u00e0 l&rsquo;utilisation.<\/p>\n","protected":false},"featured_media":786,"comment_status":"closed","ping_status":"open","template":"","meta":[],"product_cat":[19,20,21,22,17,23],"product_tag":[27],"class_list":["post-42","product","type-product","status-publish","has-post-thumbnail","hentry","product_cat-collectivite","product_cat-cuisine","product_cat-entreprise","product_cat-pro","product_cat-salle-de-bain","product_cat-toilette-wc","product_tag-crochet-patere-patere-design-patere-murale-patere-porte-pateres-porte-serviette-porte-torchon-vestiaire","description-off"],"_links":{"self":[{"href":"https:\/\/roulettes.vaniseo.top\/index.php\/wp-json\/wp\/v2\/product\/42","targetHints":{"allow":["GET"]}}],"collection":[{"href":"https:\/\/roulettes.vaniseo.top\/index.php\/wp-json\/wp\/v2\/product"}],"about":[{"href":"https:\/\/roulettes.vaniseo.top\/index.php\/wp-json\/wp\/v2\/types\/product"}],"replies":[{"embeddable":true,"href":"https:\/\/roulettes.vaniseo.top\/index.php\/wp-json\/wp\/v2\/comments?post=42"}],"version-history":[{"count":0,"href":"https:\/\/roulettes.vaniseo.top\/index.php\/wp-json\/wp\/v2\/product\/42\/revisions"}],"wp:featuredmedia":[{"embeddable":true,"href":"https:\/\/roulettes.vaniseo.top\/index.php\/wp-json\/wp\/v2\/media\/786"}],"wp:attachment":[{"href":"https:\/\/roulettes.vaniseo.top\/index.php\/wp-json\/wp\/v2\/media?parent=42"}],"wp:term":[{"taxonomy":"product_cat","embeddable":true,"href":"https:\/\/roulettes.vaniseo.top\/index.php\/wp-json\/wp\/v2\/product_cat?post=42"},{"taxonomy":"product_tag","embeddable":true,"href":"https:\/\/roulettes.vaniseo.top\/index.php\/wp-json\/wp\/v2\/product_tag?post=42"}],"curies":[{"name":"wp","href":"https:\/\/api.w.org\/{rel}","templated":true}]}}