{"id":420,"date":"2022-04-04T16:21:38","date_gmt":"2022-04-04T14:21:38","guid":{"rendered":"https:\/\/roulettes.vaniseo.top\/index.php\/produit\/vide-poches-et-porte-manteaux-design-italien-tomasucci-modele-varm\/"},"modified":"2022-04-04T17:20:36","modified_gmt":"2022-04-04T15:20:36","slug":"vide-poches-et-porte-manteaux-design-italien-tomasucci-modele-varm","status":"publish","type":"product","link":"https:\/\/roulettes.vaniseo.top\/index.php\/produit\/vide-poches-et-porte-manteaux-design-italien-tomasucci-modele-varm\/","title":{"rendered":"Vide-poches et porte-manteaux design italien TOMASUCCI mod\u00e8le VARM"},"content":{"rendered":"<h4>Vestiaire d&rsquo;entr\u00e9e en bois laqu\u00e9 blanc style vide-poches TOMASUCCI.<\/h4>\n<p>_x000D_nEtag\u00e8re murale vide-poche porte-manteaux TOMASUCCI VARM._x000D_n_x000D_nEtag\u00e8re murale formant vide-poche avec porte-manteaux \u00a0design italien de la marque <em><strong>TOMASUCCI<\/strong><\/em>\u00a0mod\u00e8le <strong>VARM,<\/strong>\u00a0elle est id\u00e9ale dans l&rsquo;entr\u00e9e\u00a0pour ne plus voir trainer ses affaires._x000D_n_x000D_nCe porte-manteau de rangement est, de ce fait, pratique en bois laqu\u00e9 blanc avec ses 9 pat\u00e8res en bois naturel._x000D_n_x000D_nEn outre, son\u00a0syst\u00e8me d&rsquo;accrochage est simple et encastr\u00e9 dans le bois, aussi, il est non visible une fois pos\u00e9 sur le mur._x000D_n_x000D_nOriginal et de belle qualit\u00e9, i<span style=\"line-height: 1.5\">l mettra une touche de modernit\u00e9 dans votre int\u00e9rieur.<\/span>_x000D_n_x000D_n<span style=\"line-height: 1.5\">Il tient au mur avec 2 vis, vis et chevilles sont fournies. Sa pose n\u00e9cessite l&rsquo;usage d&rsquo;une perceuse.<\/span>_x000D_n<\/p>\n<h4>Dimensions :<\/h4>\n<p>_x000D_n<\/p>\n<ul>_x000D_n \t<\/p>\n<li>La base 60 cm X 18 cm<\/li>\n<p>_x000D_n \t<\/p>\n<li>Profondeur 15 cm<\/li>\n<p>_x000D_n<\/ul>\n","protected":false},"excerpt":{"rendered":"<p>Etag\u00e8re murale formant vide-poche avec porte-manteaux \u00a0design italien de la marque <em><strong>TOMASUCCI<\/strong><\/em>\u00a0mod\u00e8le <strong>VARM.\u00a0<\/strong>Elle est id\u00e9ale dans l&rsquo;entr\u00e9e\u00a0pour ne plus voir trainer ses affaires.\u00a0Ce porte-manteau de rangement est, de ce fait, pratique en bois laqu\u00e9 blanc avec ses 9 pat\u00e8res en bois naturel. Sa pose n\u00e9cessite l&rsquo;usage d&rsquo;une perceuse.<\/p>\n","protected":false},"featured_media":1845,"comment_status":"closed","ping_status":"open","template":"","meta":[],"product_cat":[32],"product_tag":[25],"class_list":["post-420","product","type-product","status-publish","has-post-thumbnail","hentry","product_cat-entree-sejour","product_tag-crochet-patere-patere-design-patere-murale-patere-porte-pateres-porte-manteau-porte-serviette-porte-torchon-vestiaire","description-off"],"_links":{"self":[{"href":"https:\/\/roulettes.vaniseo.top\/index.php\/wp-json\/wp\/v2\/product\/420","targetHints":{"allow":["GET"]}}],"collection":[{"href":"https:\/\/roulettes.vaniseo.top\/index.php\/wp-json\/wp\/v2\/product"}],"about":[{"href":"https:\/\/roulettes.vaniseo.top\/index.php\/wp-json\/wp\/v2\/types\/product"}],"replies":[{"embeddable":true,"href":"https:\/\/roulettes.vaniseo.top\/index.php\/wp-json\/wp\/v2\/comments?post=420"}],"version-history":[{"count":0,"href":"https:\/\/roulettes.vaniseo.top\/index.php\/wp-json\/wp\/v2\/product\/420\/revisions"}],"wp:featuredmedia":[{"embeddable":true,"href":"https:\/\/roulettes.vaniseo.top\/index.php\/wp-json\/wp\/v2\/media\/1845"}],"wp:attachment":[{"href":"https:\/\/roulettes.vaniseo.top\/index.php\/wp-json\/wp\/v2\/media?parent=420"}],"wp:term":[{"taxonomy":"product_cat","embeddable":true,"href":"https:\/\/roulettes.vaniseo.top\/index.php\/wp-json\/wp\/v2\/product_cat?post=420"},{"taxonomy":"product_tag","embeddable":true,"href":"https:\/\/roulettes.vaniseo.top\/index.php\/wp-json\/wp\/v2\/product_tag?post=420"}],"curies":[{"name":"wp","href":"https:\/\/api.w.org\/{rel}","templated":true}]}}