{"id":422,"date":"2022-04-04T16:21:38","date_gmt":"2022-04-04T14:21:38","guid":{"rendered":"https:\/\/roulettes.vaniseo.top\/index.php\/produit\/porte-manteau-sur-pied-blanc-ganado-tomasucci\/"},"modified":"2022-04-04T17:20:37","modified_gmt":"2022-04-04T15:20:37","slug":"porte-manteau-sur-pied-blanc-ganado-tomasucci","status":"publish","type":"product","link":"https:\/\/roulettes.vaniseo.top\/index.php\/produit\/porte-manteau-sur-pied-blanc-ganado-tomasucci\/","title":{"rendered":"Porte manteau sur pied blanc GANADO TOMASUCCI"},"content":{"rendered":"<h3>Porte manteau design sur pied blanc et aluminium TOMASUCCI<\/h3>\n<p>_x000D_nVotre site de vente en ligne de pat\u00e8res et porte manteaux, n\u00b01 en France, vous pr\u00e9sente <strong>GANADO<\/strong> de <strong>Tomasucci<\/strong>. Avec <strong>1001 Pat\u00e8res<\/strong>, d\u00e9couvrez les informations descriptives de ce <strong>porte manteau sur pied blanc en alu et en bois<\/strong>._x000D_n_x000D_n&nbsp;_x000D_n<\/p>\n<h3>Porte manteau sur pied Tomasucci<\/h3>\n<p>_x000D_nTout d&rsquo;abord, commen\u00e7ons par pr\u00e9senter la marque italienne <a href=\"https:\/\/1001pateres.com\/brand\/tomasucci\/\">Tomasucci<\/a>. C&rsquo;est l&rsquo;une des plus mises en avant sur notre site pour son <strong>style design contemporain<\/strong>. La marque utilise principalement des c<strong>oloris neutres<\/strong> de noir, de blanc, de gris&#8230;au travers de <strong>mat\u00e9riaux modernes<\/strong> de bois, de m\u00e9tal, de plexiglass, d&rsquo;aluminium. Les <strong><a href=\"https:\/\/1001pateres.com\/categorie-produit\/porte-manteaux\/\">porte manteaux<\/a> sont muraux<\/strong> ou <strong>sur pied<\/strong>, parfois les deux (voir <a href=\"https:\/\/1001pateres.com\/produit\/vestiaire-design-multifonctions-tomasucci-bucaneve-a\/\">Bucaneve-A<\/a>)et autres <strong>vestiaires polyvalents<\/strong> sont r\u00e9solument <strong>pratiques et d\u00e9coratifs<\/strong>._x000D_n_x000D_n&nbsp;_x000D_n<\/p>\n<h3>Ganado Tomasucci pour un objet d\u00e9coratif robuste et pratique<\/h3>\n<p>_x000D_nIci, avec Ganado, vous vous offrez un<strong> porte manteau sur pied polyvalent<\/strong> et bien pens\u00e9. En effet, celui-ci est en <strong>alu<\/strong> et <strong>bois<\/strong>. Ses pieds sont fix\u00e9s sur une <strong>base en cercle \u00e9pais<\/strong> fait de bois blanc assurant stabilit\u00e9 et \u00e9quilibre. En haut des branches en aluminium, sont perch\u00e9es des <strong>boules en bois blanc<\/strong>\u00a0ne marquant pas les v\u00eatements. Quelques <strong>boules plus fines<\/strong> sont disponibles juste en dessous pour maximiser le rangement en superposant les v\u00eatements et accessoires._x000D_n_x000D_nEnfin, veuillez \u00e9galement noter la pr\u00e9sence d&rsquo;un <strong>r\u00e9ceptacle pour porte-parapluie en plastique<\/strong> \u00e0 environ un m\u00e8tre du sol. <span style=\"line-height: 1.5\">Vous aimerez donc ce porte manteau sur pied blanc pour sa <strong>polyvalence<\/strong> mais aussi car il est facile \u00e0 monter et robuste. D&rsquo;ailleurs sa <strong>robustesse<\/strong> permet de supporter des poids pouvant aller jusqu&rsquo;\u00e0 5 kg par pat\u00e8re.<\/span>_x000D_n_x000D_nAvec autant de pat\u00e8res, vous aimerez pouvoir accrocher v\u00eatements, chapeaux, \u00e9charpes, parapluie et <strong>garantir ainsi un espace rang\u00e9<\/strong>. A la fois, cette association de coloris et ce design font de lui un bel objet de d\u00e9coration de <strong>dimensions<\/strong>:_x000D_n<\/p>\n<ul>_x000D_n \t<\/p>\n<li>Hauteur : 173 cm<\/li>\n<p>_x000D_n \t<\/p>\n<li>Diam\u00e8tre au sol : 40 cm<\/li>\n<p>_x000D_n<\/ul>\n<p>_x000D_nDe plus, original et de tr\u00e8s belle qualit\u00e9, ce vestiaire<span style=\"line-height: 1.5\">\u00a0mettra une <strong>touche de modernit\u00e9<\/strong> \u00e0 votre int\u00e9rieur.<\/span><\/p>\n","protected":false},"excerpt":{"rendered":"<p>Porte-manteaux avec pat\u00e8res sur pied en alu de la marque <em><strong>TOMASUCCI<\/strong><\/em> mod\u00e8le <strong>GANADO blanc.<\/strong>\u00a0Il est \u00e0 poser dans l&rsquo;entr\u00e9e ou dans la chambre, il permettra ainsi de ne plus laisser trainer ses affaires.\u00a0Il se compose de 5 pat\u00e8res et d&rsquo;une base en bois blanc pour accrocher v\u00eatements, chapeaux, \u00e9charpes, parapluie et peut \u00eatre un bel objet de d\u00e9coration.\u00a0De plus, original et de tr\u00e8s belle qualit\u00e9, ce vestiaire<span style=\"line-height: 1.5\">\u00a0mettra une touche de modernit\u00e9 dans votre int\u00e9rieur.\u00a0<\/span>Le porte-manteaux est en aluminium, la base et les pat\u00e8res en bois blanc et le r\u00e9ceptacle du porte-parapluie en plastique.<\/p>\n","protected":false},"featured_media":1850,"comment_status":"closed","ping_status":"open","template":"","meta":[],"product_cat":[29,19,32,21,40,22],"product_tag":[25],"class_list":["post-422","product","type-product","status-publish","has-post-thumbnail","hentry","product_cat-chambre-adulte","product_cat-collectivite","product_cat-entree-sejour","product_cat-entreprise","product_cat-porte-manteau-sur-pied","product_cat-pro","product_tag-crochet-patere-patere-design-patere-murale-patere-porte-pateres-porte-manteau-porte-serviette-porte-torchon-vestiaire","description-off"],"_links":{"self":[{"href":"https:\/\/roulettes.vaniseo.top\/index.php\/wp-json\/wp\/v2\/product\/422","targetHints":{"allow":["GET"]}}],"collection":[{"href":"https:\/\/roulettes.vaniseo.top\/index.php\/wp-json\/wp\/v2\/product"}],"about":[{"href":"https:\/\/roulettes.vaniseo.top\/index.php\/wp-json\/wp\/v2\/types\/product"}],"replies":[{"embeddable":true,"href":"https:\/\/roulettes.vaniseo.top\/index.php\/wp-json\/wp\/v2\/comments?post=422"}],"version-history":[{"count":0,"href":"https:\/\/roulettes.vaniseo.top\/index.php\/wp-json\/wp\/v2\/product\/422\/revisions"}],"wp:featuredmedia":[{"embeddable":true,"href":"https:\/\/roulettes.vaniseo.top\/index.php\/wp-json\/wp\/v2\/media\/1850"}],"wp:attachment":[{"href":"https:\/\/roulettes.vaniseo.top\/index.php\/wp-json\/wp\/v2\/media?parent=422"}],"wp:term":[{"taxonomy":"product_cat","embeddable":true,"href":"https:\/\/roulettes.vaniseo.top\/index.php\/wp-json\/wp\/v2\/product_cat?post=422"},{"taxonomy":"product_tag","embeddable":true,"href":"https:\/\/roulettes.vaniseo.top\/index.php\/wp-json\/wp\/v2\/product_tag?post=422"}],"curies":[{"name":"wp","href":"https:\/\/api.w.org\/{rel}","templated":true}]}}