{"id":423,"date":"2022-04-04T16:21:38","date_gmt":"2022-04-04T14:21:38","guid":{"rendered":"https:\/\/roulettes.vaniseo.top\/index.php\/produit\/porte-manteau-vestiaire-plexiglass-ghost-tomasucci\/"},"modified":"2022-04-04T17:20:37","modified_gmt":"2022-04-04T15:20:37","slug":"porte-manteau-vestiaire-plexiglass-ghost-tomasucci","status":"publish","type":"product","link":"https:\/\/roulettes.vaniseo.top\/index.php\/produit\/porte-manteau-vestiaire-plexiglass-ghost-tomasucci\/","title":{"rendered":"Porte manteau vestiaire plexiglass GHOST TOMASUCCI"},"content":{"rendered":"<h3>Etag\u00e8re murale porte manteau en plexiglass et aluminium TOMASUCCI<\/h3>\n<p>_x000D_nD\u00e9couvrez ci dessous plus d&rsquo;<strong>informations techniques et esth\u00e9tiques<\/strong> de <strong>GHOST<\/strong> par <strong>Tomasucci<\/strong>. En effet, <strong>1001 Pat\u00e8res<\/strong>, n\u00b01 de la vente de pat\u00e8res en France, a le plaisir de vous pr\u00e9senter ci dessous ce <strong>porte manteau vestiaire mural en plexiglass et aluminium<\/strong>._x000D_n_x000D_nTout d&rsquo;abord, il faut savoir que <strong><a href=\"https:\/\/1001pateres.com\/brand\/tomasucci\/\">Tomasucci<\/a><\/strong> est reconnu comme un designer italien de qualit\u00e9. L&rsquo;ensemble de ses pi\u00e8ces se veulent \u00e0 la fois <strong>d\u00e9coratives, et utiles<\/strong>. Nous avons, sur notre site<strong> 1001 Pat\u00e8res<\/strong>, d\u00e9cid\u00e9 de mettre en valeur autant ses r\u00e9f\u00e9rences de <strong>porte manteaux muraux que sur pied<\/strong>. Mais ce cr\u00e9ateur propose aussi des <strong>vide poches<\/strong>, des <strong>vestiaires polyvalents<\/strong> comme avec le mod\u00e8le <a href=\"https:\/\/1001pateres.com\/produit\/vestiaire-design-multifonctions-tomasucci-bucaneve-a\/\">Bucaneve-A<\/a> par exemple._x000D_n_x000D_nAinsi, ci-contre, avec <strong>GHOST<\/strong>, profitez d&rsquo;un mod\u00e8le de <strong>porte manteau vestiaire mural r\u00e9solument moderne et original<\/strong>. Nos clients l&rsquo;adorent pour leurs <strong>entr\u00e9es<\/strong> ou leurs <strong>bureaux<\/strong>. L&rsquo;association de l&rsquo;\u00e9tag\u00e8re en plexiglass transparent et l&rsquo;aluminium des points d&rsquo;accrochage et de la tringle marchent bien dans le<strong> milieu professionnel<\/strong>._x000D_n_x000D_nPar ailleurs avec Ghost, vous profiterez d&rsquo;une <strong>polyvalence exceptionnelle d&rsquo;utilisation<\/strong> contenu de ses <strong>petites dimensions<\/strong>:_x000D_n<\/p>\n<ul>_x000D_n \t<\/p>\n<li>Dim 20,5 cm X 33,5 cm<\/li>\n<p>_x000D_n \t<\/p>\n<li>Profondeur 35 cm<\/li>\n<p>_x000D_n<\/ul>\n<p>_x000D_nEn effet, cette \u00e9tag\u00e8re murale accueille volontiers chapeau, sac, v\u00eatements, accessoires. Nos clients la retiennent donc pour ses diverses <strong>solutions de rangement ergonomiques<\/strong>._x000D_n_x000D_n&nbsp;_x000D_n<\/p>\n<h3>Porte manteau vestiaire mural plexiglass et aluminum Ghost: comment le fixer au mur?<\/h3>\n<p>_x000D_nEn outre, son\u00a0syst\u00e8me d&rsquo;accrochage est simple afin d&rsquo;\u00eatre fix\u00e9 sur le mur. <span style=\"line-height: 1.5\">Il tient au mur avec des vis. Ces vis et chevilles sont d&rsquo;ailleurs fournies. Sa pose est donc simple et rapide mais n\u00e9cessite l&rsquo;usage d&rsquo;une perceuse.<\/span>_x000D_n_x000D_nEnfin, vous retiendrez donc que le porte manteau vestiaire mural Ghost est int\u00e9ressant dans toute entr\u00e9e. D&rsquo;une part, vous aimerez le fait que son rapport dimensions\/polyvalence soit int\u00e9ressant mais d&rsquo;autre part pour sa qualit\u00e9 de mat\u00e9riaux et son design passe partout.<\/p>\n","protected":false},"excerpt":{"rendered":"<p>Etag\u00e8re vestiaire porte-manteaux mural formant \u00e9tag\u00e8re porte-chapeaux design italien en plexi de la marque <em><strong>TOMASUCCI<\/strong><\/em>\u00a0mod\u00e8le <strong>GHOST.<\/strong>\u00a0C&rsquo;est pourquoi, elle est id\u00e9ale dans l&rsquo;entr\u00e9e\u00a0pour ne plus voir trainer ses affaires.\u00a0Ce porte-manteau de rangement est, de ce fait, pratique en plexiglass transparent avec ses 3 pat\u00e8res et sa tringle en aluminium. Sa pose n\u00e9cessite l&rsquo;usage d&rsquo;une perceuse.<\/p>\n","protected":false},"featured_media":1854,"comment_status":"closed","ping_status":"open","template":"","meta":[],"product_cat":[19,32,21,22],"product_tag":[25],"class_list":["post-423","product","type-product","status-publish","has-post-thumbnail","hentry","product_cat-collectivite","product_cat-entree-sejour","product_cat-entreprise","product_cat-pro","product_tag-crochet-patere-patere-design-patere-murale-patere-porte-pateres-porte-manteau-porte-serviette-porte-torchon-vestiaire","description-off"],"_links":{"self":[{"href":"https:\/\/roulettes.vaniseo.top\/index.php\/wp-json\/wp\/v2\/product\/423","targetHints":{"allow":["GET"]}}],"collection":[{"href":"https:\/\/roulettes.vaniseo.top\/index.php\/wp-json\/wp\/v2\/product"}],"about":[{"href":"https:\/\/roulettes.vaniseo.top\/index.php\/wp-json\/wp\/v2\/types\/product"}],"replies":[{"embeddable":true,"href":"https:\/\/roulettes.vaniseo.top\/index.php\/wp-json\/wp\/v2\/comments?post=423"}],"version-history":[{"count":0,"href":"https:\/\/roulettes.vaniseo.top\/index.php\/wp-json\/wp\/v2\/product\/423\/revisions"}],"wp:featuredmedia":[{"embeddable":true,"href":"https:\/\/roulettes.vaniseo.top\/index.php\/wp-json\/wp\/v2\/media\/1854"}],"wp:attachment":[{"href":"https:\/\/roulettes.vaniseo.top\/index.php\/wp-json\/wp\/v2\/media?parent=423"}],"wp:term":[{"taxonomy":"product_cat","embeddable":true,"href":"https:\/\/roulettes.vaniseo.top\/index.php\/wp-json\/wp\/v2\/product_cat?post=423"},{"taxonomy":"product_tag","embeddable":true,"href":"https:\/\/roulettes.vaniseo.top\/index.php\/wp-json\/wp\/v2\/product_tag?post=423"}],"curies":[{"name":"wp","href":"https:\/\/api.w.org\/{rel}","templated":true}]}}