{"id":424,"date":"2022-04-04T16:21:38","date_gmt":"2022-04-04T14:21:38","guid":{"rendered":"https:\/\/roulettes.vaniseo.top\/index.php\/produit\/vide-poche-mural-aimante-et-range-cles-reminder-tomasucci\/"},"modified":"2022-04-04T17:20:38","modified_gmt":"2022-04-04T15:20:38","slug":"vide-poche-mural-aimante-et-range-cles-reminder-tomasucci","status":"publish","type":"product","link":"https:\/\/roulettes.vaniseo.top\/index.php\/produit\/vide-poche-mural-aimante-et-range-cles-reminder-tomasucci\/","title":{"rendered":"Vide poche mural aimant\u00e9 et range cl\u00e9s REMINDER TOMASUCCI"},"content":{"rendered":"<h3>Vide poche mural en bois blanc et vide poche aimant\u00e9 en acier chrom\u00e9 TOMASUCCI<\/h3>\n<p>_x000D_nAvec le n\u00b01 en France de la vente de pat\u00e8res, d\u00e9couvrez ici un astucieux produit de chez <strong>Tomasucci<\/strong>, le <strong>vide poche mural aimant\u00e9 et rang\u00e9 cl\u00e9s<\/strong>. C&rsquo;est la r\u00e9f\u00e9rence <strong>REMINDER<\/strong>. <strong>1001 Pat\u00e8res<\/strong> a donc eu envie de vous d\u00e9velopper un maximum d&rsquo;<strong>informations techniques et d\u00e9coratives<\/strong> pour en profiter pleinement._x000D_n_x000D_nTout d&rsquo;abord, voici une br\u00e8ve pr\u00e9sentation de la marque italienne <strong><a href=\"https:\/\/1001pateres.com\/brand\/tomasucci\/\">Tomasucci<\/a><\/strong>. Celle-ci est l&rsquo;une des plus repr\u00e9sent\u00e9es sur notre site. Elle propose des <strong>produits de qualit\u00e9, tr\u00e8s fonctionnels<\/strong>, dans un <strong>style contemporain design<\/strong>. Ainsi, retrouvez des mat\u00e9riaux tels que l&rsquo;acier, l&rsquo;aluminium, le m\u00e9tal, le bois dans des <strong>coloris neutres<\/strong> type blanc, noir, gris&#8230;_x000D_n_x000D_nIci, avec la gamme REMINDER optez pour la <strong>praticit\u00e9<\/strong> dans toute entr\u00e9e de maison ou de bureau avec un vide poche aimant\u00e9, un range cl\u00e9 et un panneau m\u00e9mo! Dans le m\u00eame esprit <strong><a href=\"https:\/\/1001pateres.com\/produit\/miroir-memo-range-cles-tomasucci-o-reminder-blanc\/\">O-REMINDER<\/a><\/strong>, vient lui non seulement faire office de vide poche mais il dispose aussi d&rsquo;une <strong>miroir<\/strong>._x000D_n_x000D_nVous aimerez donc choisir ce <strong>vide poche mural REMINDER<\/strong>, pour sa <strong>multifonctionnalit\u00e9<\/strong> gr\u00e2ce \u00e0 son:_x000D_n<\/p>\n<ul>_x000D_n \t<\/p>\n<li><strong>Panneau m\u00e9mo aimant\u00e9<\/strong> en acier chrom\u00e9 blanc,<\/li>\n<p>_x000D_n \t<\/p>\n<li><strong>Inserts de deux images d\u00e9coratives<\/strong> de votre choix<\/li>\n<p>_x000D_n \t<\/p>\n<li><strong>Etag\u00e8re<\/strong> pour lunettes, t\u00e9l\u00e9phone et <strong>range cl\u00e9s<\/strong> dessous.<\/li>\n<p>_x000D_n<\/ul>\n<p>_x000D_n&nbsp;_x000D_n<\/p>\n<h3>Vide poche design aimant\u00e9 et range cl\u00e9s Reminder<\/h3>\n<p>_x000D_nDe plus, ce vide poche mural comporte un<strong> syst\u00e8me d&rsquo;accrochage<\/strong> avec 2 accroches pour vis. L<span style=\"line-height: 1.5\">e panneau m\u00e9mo se fixe au mur avec deux vis. Par contre, les vis et les chevilles ne sont pas fournies. Sa pose n\u00e9cessite l&rsquo;usage d&rsquo;une perceuse. Pensez \u00e0 v\u00e9rifier avant toute chose, si les <strong>dimensions<\/strong> de l&rsquo;espace o\u00f9 vous voulez l&rsquo;installer concordent avec celles de REMINDER, \u00e0 savoir:<\/span>_x000D_n<\/p>\n<ul>_x000D_n \t<\/p>\n<li>27 cm X 39,5 cm.<\/li>\n<p>_x000D_n \t<\/p>\n<li>Profondeur de l&rsquo;\u00e9tag\u00e8re 7 cm<\/li>\n<p>_x000D_n \t<\/p>\n<li>Avec trois aimants pour les cl\u00e9s<\/li>\n<p>_x000D_n<\/ul>\n<p>_x000D_n<span style=\"line-height: 1.5\">Enfin, nos clients l&rsquo;utilisent plut\u00f4t sur un mur blanc pour valoriser sa <strong>neutralit\u00e9<\/strong>, et son <strong>design pur<\/strong>. Ils l&rsquo;adoptent tous facilement pour sa <strong>polyvalence<\/strong> et sa <strong>qualit\u00e9 durable<\/strong>.<\/span><\/p>\n","protected":false},"excerpt":{"rendered":"<p>Panneau m\u00e9mo aimant\u00e9 et \u00e9tag\u00e8re range-cl\u00e9s aimant\u00e9 en bois blanc de la marque <em><strong>TOMASUCCI<\/strong><\/em>\u00a0mod\u00e8le <strong>REMINDER.<\/strong>\u00a0Il poss\u00e8de deux emplacements pour photos, c&rsquo;est pourquoi, il est id\u00e9al pour une entr\u00e9e d&rsquo;appartement ou de maison par exemple.\u00a0De plus, il comporte un syst\u00e8me d&rsquo;accrochage avec 2 accroches pour vis.\u00a0Original et de belle qualit\u00e9, il est, de plus, en bois blanc avec panneau m\u00e9mo et aimants en acier chrom\u00e9es. Sa pose n\u00e9cessite l&rsquo;usage d&rsquo;une perceuse.<\/p>\n","protected":false},"featured_media":1858,"comment_status":"closed","ping_status":"open","template":"","meta":[],"product_cat":[32],"product_tag":[25],"class_list":["post-424","product","type-product","status-publish","has-post-thumbnail","hentry","product_cat-entree-sejour","product_tag-crochet-patere-patere-design-patere-murale-patere-porte-pateres-porte-manteau-porte-serviette-porte-torchon-vestiaire","description-off"],"_links":{"self":[{"href":"https:\/\/roulettes.vaniseo.top\/index.php\/wp-json\/wp\/v2\/product\/424","targetHints":{"allow":["GET"]}}],"collection":[{"href":"https:\/\/roulettes.vaniseo.top\/index.php\/wp-json\/wp\/v2\/product"}],"about":[{"href":"https:\/\/roulettes.vaniseo.top\/index.php\/wp-json\/wp\/v2\/types\/product"}],"replies":[{"embeddable":true,"href":"https:\/\/roulettes.vaniseo.top\/index.php\/wp-json\/wp\/v2\/comments?post=424"}],"version-history":[{"count":0,"href":"https:\/\/roulettes.vaniseo.top\/index.php\/wp-json\/wp\/v2\/product\/424\/revisions"}],"wp:featuredmedia":[{"embeddable":true,"href":"https:\/\/roulettes.vaniseo.top\/index.php\/wp-json\/wp\/v2\/media\/1858"}],"wp:attachment":[{"href":"https:\/\/roulettes.vaniseo.top\/index.php\/wp-json\/wp\/v2\/media?parent=424"}],"wp:term":[{"taxonomy":"product_cat","embeddable":true,"href":"https:\/\/roulettes.vaniseo.top\/index.php\/wp-json\/wp\/v2\/product_cat?post=424"},{"taxonomy":"product_tag","embeddable":true,"href":"https:\/\/roulettes.vaniseo.top\/index.php\/wp-json\/wp\/v2\/product_tag?post=424"}],"curies":[{"name":"wp","href":"https:\/\/api.w.org\/{rel}","templated":true}]}}