{"id":425,"date":"2022-04-04T16:21:38","date_gmt":"2022-04-04T14:21:38","guid":{"rendered":"https:\/\/roulettes.vaniseo.top\/index.php\/produit\/porte-manteau-en-bois-naturel-picket-umbra\/"},"modified":"2022-04-04T17:20:39","modified_gmt":"2022-04-04T15:20:39","slug":"porte-manteau-en-bois-naturel-picket-umbra","status":"publish","type":"product","link":"https:\/\/roulettes.vaniseo.top\/index.php\/produit\/porte-manteau-en-bois-naturel-picket-umbra\/","title":{"rendered":"Porte manteau en bois naturel PICKET UMBRA"},"content":{"rendered":"<h3>Pat\u00e8res bois naturel, mod\u00e8le PICKET de Umbra<\/h3>\n<p>_x000D_nTout d&rsquo;abord, d\u00e9couvrez l&rsquo;ensemble de la description d&rsquo;un <strong>porte manteau en <a href=\"https:\/\/1001pateres.com\/produit\/patere-ronde-en-bois-naturel-tendance\/\">bois naturel<\/a><\/strong>, r\u00e9f\u00e9renc\u00e9 sous le nom de <strong>PICKET<\/strong>, de la marque <a href=\"https:\/\/eu.umbra.com\" target=\"_blank\" rel=\"noopener noreferrer\"><strong>UMBRA<\/strong><\/a>._x000D_n_x000D_nEn effet, il s&rsquo;agit ici d&rsquo;un <strong>porte manteau mural<\/strong>. Celui-ci utilise des formes de <strong>rondins de bois<\/strong> contre le mur mais aussi comme portants. Au total, <strong>5 pat\u00e8res bois naturel<\/strong> sont \u00e0 votre disposition pour suspendre sacs, chapeaux, \u00e9charpes ou encore vestes._x000D_n_x000D_nCe mod\u00e8le est d&rsquo;inspiration <strong>scandinave<\/strong>. L&rsquo;utilisation de mat\u00e9riau brut, naturel permet de valoriser la Nature, et d&rsquo;offrir une <strong>ambiance apaisante<\/strong>. Pour une plus grande <strong>robustesse<\/strong>, le produit est bien s\u00fbr <strong>vernis<\/strong>._x000D_n<\/p>\n<h3><\/h3>\n<p>_x000D_n<\/p>\n<h3>Porte manteau en bois naturel avec pat\u00e8res d\u00e9ployantes<\/h3>\n<p>_x000D_nAinsi, ce mod\u00e8le <strong>PICKET<\/strong>\u00a0de la marque <em><strong>UMBRA<\/strong><\/em> poss\u00e8de\u00a0<strong>5 pat\u00e8res d\u00e9ployantes<\/strong>. Vous aimerez la <strong>possibilit\u00e9 de cacher ou d&rsquo;ajouter des pat\u00e8res<\/strong> au fil des saisons, et de vos besoins. Il est id\u00e9al pour une entr\u00e9e d&rsquo;appartement ou de maison par exemple. Il s&rsquo;adapte \u00e0 <strong>toutes les familles<\/strong>, nombreuses ou pas, en <strong>toute saison<\/strong>._x000D_n_x000D_nEnfin pour son installation, celui-ci est donc \u00e0 fixer au mur. Pour cela, il comporte un syst\u00e8me d&rsquo;accrochage avec <strong>2 vis ainsi que 2 chevilles<\/strong>. <span style=\"line-height: 1.5\">Il permet de supporter un poids d&rsquo;environ 2 kg par pat\u00e8re, soit <strong>jusqu&rsquo;\u00e0 10 kg<\/strong>. Les<\/span><span style=\"line-height: 1.5\">\u00a0vis et chevilles sont fournies mais sa pose n\u00e9cessite l&rsquo;usage d&rsquo;une perceuse.<\/span>_x000D_n<\/p>\n<h3><\/h3>\n<p>_x000D_n<\/p>\n<h3>Porte manteau en bois naturel Umbra : dimensions<\/h3>\n<p>_x000D_nVoici les dimensions \u00e0 conna\u00eetre concernant ce porte manteau Picket de <a href=\"https:\/\/1001pateres.com\/brand\/umbra\">Umbra<\/a>._x000D_n<\/p>\n<ul>_x000D_n \t<\/p>\n<li>37,5 cm X 16,5 cm<\/li>\n<p>_x000D_n \t<\/p>\n<li>Ecartement du mur: 9 cm<\/li>\n<p>_x000D_n<\/ul>\n<p>_x000D_nVous l&rsquo;aurez compris avec un tel emp\u00e2tent, il sera facile de l&rsquo;ins\u00e9rer dans n&rsquo;importe quelle pi\u00e8ce de votre maison ou de votre bureau. Il est bien s\u00fbr \u00e9vident que le style scandinave est une valeur s\u00fbr pour tous. A offrir autant qu&rsquo;\u00e0 s&rsquo;offrir sans jamais commettre d&rsquo;impair. Un mod\u00e8le comme le Picket Umbra est bien s\u00fbr un intemporel!<\/p>\n","protected":false},"excerpt":{"rendered":"<p><strong>Porte manteau en bois naturel<\/strong> disposant de <strong>pat\u00e8res multiples d\u00e9ployantes<\/strong>. Au total, le mod\u00e8le <strong>Picket<\/strong> de la marque <strong>UMBRA<\/strong> offre <strong>5 accroches<\/strong> en bois naturel vernis.\u00a0Ce vestiaire de style <strong>scandinave<\/strong>\u00a0en bois naturel est <strong>\u00e0 fixer au mur<\/strong>. Le style scandinave offre \u00e0 la fois<span style=\"line-height: 1.5\">\u00a0une touche de <strong>modernit\u00e9<\/strong> dans votre maison, tout en offrant une <strong>ambiance naturelle apaisante<\/strong>.<\/span>_x000D_n_x000D_n<span style=\"line-height: 1.5\">Au del\u00e0 de son style, il se veut <strong>tr\u00e8s pratique<\/strong>. De plus, il permet de supporter un poids d&rsquo;environ 2 kg par pat\u00e8re, soit <strong>jusqu&rsquo;\u00e0 10 kg<\/strong><\/span><span style=\"line-height: 1.5\">.<\/span><\/p>\n","protected":false},"featured_media":1862,"comment_status":"closed","ping_status":"open","template":"","meta":[],"product_cat":[19,32,21,40,22,17],"product_tag":[25],"class_list":["post-425","product","type-product","status-publish","has-post-thumbnail","hentry","product_cat-collectivite","product_cat-entree-sejour","product_cat-entreprise","product_cat-porte-manteau-sur-pied","product_cat-pro","product_cat-salle-de-bain","product_tag-crochet-patere-patere-design-patere-murale-patere-porte-pateres-porte-manteau-porte-serviette-porte-torchon-vestiaire","description-off"],"_links":{"self":[{"href":"https:\/\/roulettes.vaniseo.top\/index.php\/wp-json\/wp\/v2\/product\/425","targetHints":{"allow":["GET"]}}],"collection":[{"href":"https:\/\/roulettes.vaniseo.top\/index.php\/wp-json\/wp\/v2\/product"}],"about":[{"href":"https:\/\/roulettes.vaniseo.top\/index.php\/wp-json\/wp\/v2\/types\/product"}],"replies":[{"embeddable":true,"href":"https:\/\/roulettes.vaniseo.top\/index.php\/wp-json\/wp\/v2\/comments?post=425"}],"version-history":[{"count":0,"href":"https:\/\/roulettes.vaniseo.top\/index.php\/wp-json\/wp\/v2\/product\/425\/revisions"}],"wp:featuredmedia":[{"embeddable":true,"href":"https:\/\/roulettes.vaniseo.top\/index.php\/wp-json\/wp\/v2\/media\/1862"}],"wp:attachment":[{"href":"https:\/\/roulettes.vaniseo.top\/index.php\/wp-json\/wp\/v2\/media?parent=425"}],"wp:term":[{"taxonomy":"product_cat","embeddable":true,"href":"https:\/\/roulettes.vaniseo.top\/index.php\/wp-json\/wp\/v2\/product_cat?post=425"},{"taxonomy":"product_tag","embeddable":true,"href":"https:\/\/roulettes.vaniseo.top\/index.php\/wp-json\/wp\/v2\/product_tag?post=425"}],"curies":[{"name":"wp","href":"https:\/\/api.w.org\/{rel}","templated":true}]}}