{"id":426,"date":"2022-04-04T16:21:38","date_gmt":"2022-04-04T14:21:38","guid":{"rendered":"https:\/\/roulettes.vaniseo.top\/index.php\/produit\/porte-manteaux-umbra-sticks-blanc\/"},"modified":"2022-04-04T17:20:40","modified_gmt":"2022-04-04T15:20:40","slug":"porte-manteaux-umbra-sticks-blanc","status":"publish","type":"product","link":"https:\/\/roulettes.vaniseo.top\/index.php\/produit\/porte-manteaux-umbra-sticks-blanc\/","title":{"rendered":"Porte manteaux UMBRA Sticks blanc"},"content":{"rendered":"<h3>Pat\u00e8re UMBRA avec Sticks blanc<\/h3>\n<p>_x000D_nD\u00e9couvrez avec 1001 Pat\u00e8res, le descriptif complet du\u00a0<strong>porte manteaux<\/strong>\u00a0<strong><a href=\"https:\/\/1001pateres.com\/brand\/umbra\/\" target=\"_blank\" rel=\"noopener noreferrer\">Umbra<\/a> blanc<\/strong>, de la collection\u00a0<strong>Sticks<\/strong>._x000D_n_x000D_nCette marque <a href=\"https:\/\/eu.umbra.com\" target=\"_blank\" rel=\"noopener noreferrer\">Umbra<\/a> cr\u00e9e des produits \u00e0 la fois\u00a0<strong>classiques<\/strong> et <strong>intemporelles<\/strong>. Elle utilise souvent le concept de <strong>pat\u00e8res d\u00e9ployantes<\/strong> pour permettre \u00e0 chacun de d\u00e9corer et de ranger. C&rsquo;est le cas notamment de la collection Skyline en <a href=\"https:\/\/1001pateres.com\/produit\/porte-manteaux-ville-umbra-noir\/\">noir<\/a> et <a href=\"https:\/\/1001pateres.com\/produit\/porte-manteaux-ville-umbra-blanc\/\">blanc<\/a>, disponible sur ce site._x000D_n_x000D_nL\u00e0, cette collection Sticks offre\u00a0aussi d&rsquo;autres mod\u00e8les en coloris <a href=\"https:\/\/1001pateres.com\/produit\/porte-manteaux-sticks-umbra-noir\/\">noir<\/a> et <a href=\"https:\/\/1001pateres.com\/produit\/porte-manteaux-sticks-umbra-gris\/\">gris<\/a>. Vous aimerez investir dans un produit <strong>contemporain<\/strong>, <strong>stylis\u00e9<\/strong> et <strong>robuste<\/strong>. <strong>Moderne<\/strong>, la pat\u00e8re Umbra Sticks permet \u00e0 la fois d\u2019apporter de la <strong>nettet\u00e9<\/strong> \u00e0 votre int\u00e9rieur tout en la <strong>d\u00e9corant avec go\u00fbt<\/strong>. Pour cela, il vous suffit d&rsquo;utiliser les <strong>pat\u00e8res d\u00e9ployantes<\/strong> disponibles pour <strong>maximiser votre rangement<\/strong> au fil des saisons._x000D_n_x000D_n&nbsp;_x000D_n<\/p>\n<h3>Zoom sur le porte manteaux Umbra \u00e0 Sticks blanc<\/h3>\n<p>_x000D_nCe porte manteaux Sticks comporte <strong>5 pat\u00e8res d\u00e9ployantes<\/strong>. En plastique<strong>\u00a0blanc<\/strong>, il\u00a0est \u00e0 fixer partout dans la maison, par exemple sur un <strong>mur<\/strong> de la m\u00eame couleur pour l&rsquo;<strong>int\u00e9grer avec discr\u00e9tion<\/strong>. Mais 1001 Pat\u00e8res vous recommande plut\u00f4t de l&rsquo;installer sur un <strong>mur color\u00e9 fonc\u00e9<\/strong> pour <strong>offrir contraste et style<\/strong>._x000D_n_x000D_nPour ce faire, son\u00a0<strong>syst\u00e8me d&rsquo;accrochage<\/strong> est simple, et encastr\u00e9 dans le plastique au dos du produit. Gr\u00e2ce \u00e0 cela, ce syst\u00e8me est <strong>non visible<\/strong> lorsqu&rsquo;il est pos\u00e9 sur le mur._x000D_n_x000D_n<span style=\"line-height: 1.5\">Enfin, pour l&rsquo;installer, vous aurez besoin d&rsquo;une perceuse, de <strong>2 vis et ses chevilles<\/strong>. 1001 Pat\u00e8res vous fournit vis et chevilles. Pensez \u00e0 vous munir de votre perceuse.<\/span>_x000D_n<\/p>\n<h4><\/h4>\n<p>_x000D_n<\/p>\n<h4>Dimensions de la pat\u00e8re UMBRA \u00e0 Sticks blanc<\/h4>\n<p>_x000D_nPour terminer, 1001 Pat\u00e8res vous sugg\u00e8re de v\u00e9rifier les <strong>dimensions<\/strong> du produit par rapport au pan de mur sur lequel vous souhaitez l&rsquo;installer. Voici ci-dessous l&rsquo;ensemble des informations n\u00e9cessaires:_x000D_n<\/p>\n<ul>_x000D_n \t<\/p>\n<li><strong>Dimension pat\u00e8re Stick: 49 cm X 18 cm<\/strong><\/li>\n<p>_x000D_n \t<\/p>\n<li><strong>Ecartement du mur: 9 cm<\/strong><\/li>\n<p>_x000D_n<\/ul>\n<p>_x000D_nConsultez l&rsquo;\u00e9quipe en cas de conseils compl\u00e9mentaires n\u00e9cessaires, via le formulaire disponible en page <a href=\"https:\/\/1001pateres.com\/contactez-nous\/\">Contact<\/a>.<\/p>\n","protected":false},"excerpt":{"rendered":"<p>1001 Pat\u00e8res propose le <strong>porte manteaux Umbra<\/strong>, de la collection\u00a0<strong>STICKS<\/strong>\u00a0en plastique<strong>\u00a0blanc<\/strong>._x000D_n_x000D_nCe porte manteaux offre\u00a0<strong>5 pat\u00e8res d\u00e9ployantes<\/strong>. <strong>Blanc<\/strong>, il est\u00a0\u00e0 la fois <strong>moderne<\/strong> et <strong>\u00e9l\u00e9gant. <\/strong>Il peut \u00eatre install\u00e9\u00a0partout dans une entreprise ou une maison. Ces pat\u00e8res d\u00e9ployantes vous permettront d&rsquo;\u00eatre utilis\u00e9es ou non, selon vos besoins, au fil des saisons. Cette technique permet de <strong>d\u00e9corer et de ranger<\/strong> votre int\u00e9rieur avec go\u00fbt.<\/p>\n","protected":false},"featured_media":1865,"comment_status":"closed","ping_status":"open","template":"","meta":[],"product_cat":[29,16,32],"product_tag":[25],"class_list":["post-426","product","type-product","status-publish","has-post-thumbnail","hentry","product_cat-chambre-adulte","product_cat-chambre-enfant","product_cat-entree-sejour","product_tag-crochet-patere-patere-design-patere-murale-patere-porte-pateres-porte-manteau-porte-serviette-porte-torchon-vestiaire","description-off"],"_links":{"self":[{"href":"https:\/\/roulettes.vaniseo.top\/index.php\/wp-json\/wp\/v2\/product\/426","targetHints":{"allow":["GET"]}}],"collection":[{"href":"https:\/\/roulettes.vaniseo.top\/index.php\/wp-json\/wp\/v2\/product"}],"about":[{"href":"https:\/\/roulettes.vaniseo.top\/index.php\/wp-json\/wp\/v2\/types\/product"}],"replies":[{"embeddable":true,"href":"https:\/\/roulettes.vaniseo.top\/index.php\/wp-json\/wp\/v2\/comments?post=426"}],"version-history":[{"count":0,"href":"https:\/\/roulettes.vaniseo.top\/index.php\/wp-json\/wp\/v2\/product\/426\/revisions"}],"wp:featuredmedia":[{"embeddable":true,"href":"https:\/\/roulettes.vaniseo.top\/index.php\/wp-json\/wp\/v2\/media\/1865"}],"wp:attachment":[{"href":"https:\/\/roulettes.vaniseo.top\/index.php\/wp-json\/wp\/v2\/media?parent=426"}],"wp:term":[{"taxonomy":"product_cat","embeddable":true,"href":"https:\/\/roulettes.vaniseo.top\/index.php\/wp-json\/wp\/v2\/product_cat?post=426"},{"taxonomy":"product_tag","embeddable":true,"href":"https:\/\/roulettes.vaniseo.top\/index.php\/wp-json\/wp\/v2\/product_tag?post=426"}],"curies":[{"name":"wp","href":"https:\/\/api.w.org\/{rel}","templated":true}]}}