{"id":427,"date":"2022-04-04T16:21:38","date_gmt":"2022-04-04T14:21:38","guid":{"rendered":"https:\/\/roulettes.vaniseo.top\/index.php\/produit\/porte-manteaux-umbra-sticks-noir\/"},"modified":"2022-04-04T17:20:40","modified_gmt":"2022-04-04T15:20:40","slug":"porte-manteaux-umbra-sticks-noir","status":"publish","type":"product","link":"https:\/\/roulettes.vaniseo.top\/index.php\/produit\/porte-manteaux-umbra-sticks-noir\/","title":{"rendered":"Porte manteaux UMBRA Sticks noir"},"content":{"rendered":"<h3>Pat\u00e8re UMBRA avec sticks noir<\/h3>\n<p>_x000D_nD\u00e9couvrez ici un descriptif complet d&rsquo;un <strong>porte manteaux<\/strong> de la marque <strong>Umbra,\u00a0<\/strong>mod\u00e8le <strong>Sticks<\/strong>, en coloris<strong> noir<\/strong>._x000D_n_x000D_nLa marque <a href=\"https:\/\/eu.umbra.com\" target=\"_blank\" rel=\"noopener noreferrer\">Umbra<\/a> offre des produits aux couleurs <strong>classiques<\/strong> et <strong>intemporelles<\/strong>. Facile \u00e0 leurs trouver une place, ils sont <strong>simples<\/strong> d&rsquo;installation et <strong>de belles qualit\u00e9s<\/strong>. Vous aimerez investir dans un produit <strong>contemporain<\/strong>, <strong>stylis\u00e9<\/strong> et <strong>robuste<\/strong>. R\u00e9solument <strong>moderne<\/strong>, cette r\u00e9f\u00e9rence sticks vous permettra \u00e0 la fois d&rsquo;apporter de la <strong>nettet\u00e9<\/strong> \u00e0 votre int\u00e9rieur tout en la <strong>d\u00e9corant avec go\u00fbt<\/strong>. Utilisez donc \u00e0 souhait les <strong>pat\u00e8res d\u00e9ployantes<\/strong> disponibles pour <strong>maximiser votre rangement<\/strong> au fil des saisons._x000D_n_x000D_nC\u00f4t\u00e9 produit, cette pat\u00e8re <em><strong>UMBRA<\/strong><\/em> est en plastique, et de couleur<strong>\u00a0noire<\/strong>. Elle est \u00e0 poser partout dans la maison pour ne plus voir trainer ses affaires, dans la chambre ou dans l&rsquo;entr\u00e9e par exemple. En effet, ce porte manteaux comporte <strong>5 pat\u00e8res d\u00e9ployantes<\/strong>. C&rsquo;est un produit id\u00e9al <strong>pour d\u00e9corer et ranger<\/strong> au gr\u00e9 des besoins._x000D_n_x000D_n<span style=\"line-height: 1.5\">Ainsi, le porte manteaux Umbra mod\u00e8le Sticks est un <strong>passe partout<\/strong>. Il\u00a0permet une touche de <strong>modernit\u00e9<\/strong> dans votre int\u00e9rieur, <strong>sans commettre d&rsquo;impair<\/strong>. Le <strong>noir<\/strong> est une toujours une valeur s\u00fbre, <strong>ind\u00e9modable<\/strong>!<\/span>_x000D_n_x000D_n&nbsp;_x000D_n<\/p>\n<h3>Aspects techniques du porte manteaux Umbra \u00e0 sticks noir<\/h3>\n<p>_x000D_nC\u00f4t\u00e9 <strong>installation<\/strong>, ce porte manteaux Umbra offre un <strong>syst\u00e8me d&rsquo;accrochage simple<\/strong>. Celui-ci est encastr\u00e9 dans le plastique et <strong>non visible une fois pos\u00e9<\/strong> sur le mur. Vous aimerez aussi sa <strong>qualit\u00e9<\/strong>, de part cette mati\u00e8re de <strong>plastique dur<\/strong> teint\u00e9 noir._x000D_n_x000D_n<span style=\"line-height: 1.5\">Ainsi, sa fixation\u00a0au mur se fait avec 2 vis. D&rsquo;ailleurs vis et chevilles sont fournies, il ne vous restera plus qu&rsquo;\u00e0 utiliser votre <strong>perceuse<\/strong>.<\/span>_x000D_n<\/p>\n<h4><\/h4>\n<p>_x000D_n<\/p>\n<h4>Dimensions de la pat\u00e8re Umbra<\/h4>\n<p>_x000D_nEnfin, d\u00e9couvrez ci dessous l&rsquo;espace \u00e0 pr\u00e9voir pour son installation. Il est vrai que cette \u00e9tape est importante. Elle permet de conna\u00eetre ses <strong>dimensions compl\u00e8tes afin de v\u00e9rifier o\u00f9 l&rsquo;installer.<\/strong>_x000D_n<\/p>\n<ul>_x000D_n \t<\/p>\n<li>La pat\u00e8re 49 cm X 18 cm<\/li>\n<p>_x000D_n \t<\/p>\n<li>Ecartement du mur 9 cm<\/li>\n<p>_x000D_n<\/ul>\n<p>_x000D_n&nbsp;_x000D_n_x000D_nExiste aussi en coloris <a href=\"https:\/\/1001pateres.com\/produit\/porte-manteaux-sticks-umbra-blanc\/\">blanc<\/a> et <a href=\"https:\/\/1001pateres.com\/produit\/porte-manteaux-sticks-umbra-gris\/\">gris<\/a>.<\/p>\n","protected":false},"excerpt":{"rendered":"<p>1001 Pat\u00e8res vous propose le <strong>porte manteaux Umbra<\/strong>, mod\u00e8le <strong>STICKS<\/strong>\u00a0en plastique<strong>\u00a0noir<\/strong>._x000D_n_x000D_nCe porte manteaux comporte\u00a0<strong>5 pat\u00e8res d\u00e9ployantes<\/strong>. <strong>Noir<\/strong>, c&rsquo;est un <strong>passe partout<\/strong> \u00e0 la fois <strong>moderne<\/strong> et <strong>\u00e9l\u00e9gant<\/strong> \u00e0 poser partout dans la maison. A utiliser au fil des saisons pour <strong>d\u00e9corer et ranger<\/strong> votre int\u00e9rieur avec go\u00fbt.<\/p>\n","protected":false},"featured_media":1868,"comment_status":"closed","ping_status":"open","template":"","meta":[],"product_cat":[29,16,32],"product_tag":[25],"class_list":["post-427","product","type-product","status-publish","has-post-thumbnail","hentry","product_cat-chambre-adulte","product_cat-chambre-enfant","product_cat-entree-sejour","product_tag-crochet-patere-patere-design-patere-murale-patere-porte-pateres-porte-manteau-porte-serviette-porte-torchon-vestiaire","description-off"],"_links":{"self":[{"href":"https:\/\/roulettes.vaniseo.top\/index.php\/wp-json\/wp\/v2\/product\/427","targetHints":{"allow":["GET"]}}],"collection":[{"href":"https:\/\/roulettes.vaniseo.top\/index.php\/wp-json\/wp\/v2\/product"}],"about":[{"href":"https:\/\/roulettes.vaniseo.top\/index.php\/wp-json\/wp\/v2\/types\/product"}],"replies":[{"embeddable":true,"href":"https:\/\/roulettes.vaniseo.top\/index.php\/wp-json\/wp\/v2\/comments?post=427"}],"version-history":[{"count":0,"href":"https:\/\/roulettes.vaniseo.top\/index.php\/wp-json\/wp\/v2\/product\/427\/revisions"}],"wp:featuredmedia":[{"embeddable":true,"href":"https:\/\/roulettes.vaniseo.top\/index.php\/wp-json\/wp\/v2\/media\/1868"}],"wp:attachment":[{"href":"https:\/\/roulettes.vaniseo.top\/index.php\/wp-json\/wp\/v2\/media?parent=427"}],"wp:term":[{"taxonomy":"product_cat","embeddable":true,"href":"https:\/\/roulettes.vaniseo.top\/index.php\/wp-json\/wp\/v2\/product_cat?post=427"},{"taxonomy":"product_tag","embeddable":true,"href":"https:\/\/roulettes.vaniseo.top\/index.php\/wp-json\/wp\/v2\/product_tag?post=427"}],"curies":[{"name":"wp","href":"https:\/\/api.w.org\/{rel}","templated":true}]}}