{"id":428,"date":"2022-04-04T16:21:38","date_gmt":"2022-04-04T14:21:38","guid":{"rendered":"https:\/\/roulettes.vaniseo.top\/index.php\/produit\/porte-manteau-umbra-sticks-gris\/"},"modified":"2022-04-04T17:20:41","modified_gmt":"2022-04-04T15:20:41","slug":"porte-manteau-umbra-sticks-gris","status":"publish","type":"product","link":"https:\/\/roulettes.vaniseo.top\/index.php\/produit\/porte-manteau-umbra-sticks-gris\/","title":{"rendered":"Porte manteau UMBRA Sticks gris"},"content":{"rendered":"<h2>Patere Umbra Sticks en plastique dur teint\u00e9 gris<\/h2>\n<p>_x000D_nD\u00e9couvrez chez 1001 Pat\u00e8res, toutes les informations concernant la r\u00e9f\u00e9rence de <strong>porte manteau Umbra, Sticks en gris<\/strong>._x000D_n_x000D_nCette pat\u00e8re Umbra Sticks comporte\u00a0<strong>5 pat\u00e8res d\u00e9ployantes<\/strong>. Le fait d&rsquo;\u00eatre <strong>r\u00e9tractable<\/strong> est v\u00e9ritablement sur notre site la sp\u00e9cificit\u00e9 de la marque <a href=\"https:\/\/1001pateres.com\/brand\/umbra\/\"><em><strong>UMBRA<\/strong><\/em><\/a>. En <strong>plastique\u00a0dur teint\u00e9 gris<\/strong>, c&rsquo;est un <strong>passe partout<\/strong>. Il\u00a0est \u00e0 poser partout dans la maison pour ne plus voir trainer d&rsquo;affaires n&rsquo;importe o\u00f9. Cette <strong>solution de rangement<\/strong> peut donc au gr\u00e9 de vos envies, \u00eatre install\u00e9e dans la chambre ou dans l&rsquo;entr\u00e9e par exemple._x000D_n_x000D_nAussi, son\u00a0syst\u00e8me d&rsquo;<strong>accrochage est simple, rapide \u00e0 la port\u00e9e de tous<\/strong>. Les accroches sont encastr\u00e9es dans le plastique, au dos du produit. Ils sont donc non visibles une fois pos\u00e9es sur le mur. <span style=\"line-height: 1.5\">Sa <strong>fixation<\/strong>\u00a0au mur se fait avec <strong>2 vis et chevilles fournies<\/strong>. Pr\u00e9voyez donc une perceuse pour r\u00e9aliser sa pose!\u00a0<\/span>_x000D_n_x000D_nEnfin, pensez aussi \u00e0 v\u00e9rifier les <strong>dimensions<\/strong> de la zone o\u00f9 vous pr\u00e9voyez de l&rsquo;installer avec celles du produit:_x000D_n<\/p>\n<ul>_x000D_n \t<\/p>\n<li>La pat\u00e8re Sticks en plastique gris: 49 cm X 18 cm<\/li>\n<p>_x000D_n \t<\/p>\n<li>Ecartement du mur: 9 cm<\/li>\n<p>_x000D_n<\/ul>\n<p>_x000D_n&nbsp;_x000D_n<\/p>\n<h3>Porte manteau Umbra aux pat\u00e8res r\u00e9tractables<\/h3>\n<p>_x000D_nPar ailleurs, dans la m\u00eame <strong>collection<\/strong>, retrouvez les r\u00e9f\u00e9rences <strong>Sticks<\/strong> dans les couleurs <a href=\"https:\/\/1001pateres.com\/produit\/porte-manteaux-sticks-umbra-noir\/\">noir<\/a> et <a href=\"https:\/\/1001pateres.com\/produit\/porte-manteaux-sticks-umbra-noir\/\">blanche<\/a>. Ce porte manteau Umbra\u00a0est\u00a0<strong>original<\/strong> et de<strong> belle qualit\u00e9<\/strong>. Son plastique dur teint\u00e9 en gris sera parfait sur un pan de mur clair ou noir. Misez sur le <strong>contraste des couleurs<\/strong> pour le valoriser.\u00a0<span style=\"line-height: 1.5\">Il\u00a0permet d&rsquo;apporter une touche de <strong>modernit\u00e9<\/strong> \u00e0 votre int\u00e9rieur.<\/span>_x000D_n_x000D_nEnfin, pour d&rsquo;<strong>autres pat\u00e8res r\u00e9tractables<\/strong> <a href=\"https:\/\/eu.umbra.com\" target=\"_blank\" rel=\"noopener noreferrer\">Umbra<\/a>, n&rsquo;h\u00e9sitez pas \u00e0 jeter un oeil aux deux grandes autres collections : <a href=\"https:\/\/1001pateres.com\/produit\/porte-manteaux-en-bois-naturel-picket-umbra\/\">Picket<\/a> et les classiques <a href=\"https:\/\/1001pateres.com\/produit\/porte-manteaux-3-pateres-bois-flotte-et-metal-umbra\/\">r\u00e9tractables de 3<\/a> \u00e0 8 pat\u00e8res bois et m\u00e9tal._x000D_n_x000D_n&nbsp;_x000D_n_x000D_nN&rsquo;h\u00e9sitez pas \u00e0 nous contacter pour toute demande de conseils sur mesure et personnalis\u00e9. Pour cela, \u00e9crivez nous via la formulaire en page Contact de ce site.<\/p>\n","protected":false},"excerpt":{"rendered":"<p>Porte-manteaux ville mod\u00e8le <strong>STICKS<\/strong>\u00a0de la marque <em><strong>UMBRA<\/strong><\/em> en plastique<strong>\u00a0gris<\/strong>.\u00a0Ce porte-manteaux comporte\u00a05 pat\u00e8res d\u00e9ployantes et est \u00e0 poser partout dans la maison pour ne plus voir trainer ses affaires, dans la chambre ou dans l&rsquo;entr\u00e9e. Il\u00a0est original et de belle qualit\u00e9.<\/p>\n","protected":false},"featured_media":1871,"comment_status":"closed","ping_status":"open","template":"","meta":[],"product_cat":[29,16,32],"product_tag":[25],"class_list":["post-428","product","type-product","status-publish","has-post-thumbnail","hentry","product_cat-chambre-adulte","product_cat-chambre-enfant","product_cat-entree-sejour","product_tag-crochet-patere-patere-design-patere-murale-patere-porte-pateres-porte-manteau-porte-serviette-porte-torchon-vestiaire","description-off"],"_links":{"self":[{"href":"https:\/\/roulettes.vaniseo.top\/index.php\/wp-json\/wp\/v2\/product\/428","targetHints":{"allow":["GET"]}}],"collection":[{"href":"https:\/\/roulettes.vaniseo.top\/index.php\/wp-json\/wp\/v2\/product"}],"about":[{"href":"https:\/\/roulettes.vaniseo.top\/index.php\/wp-json\/wp\/v2\/types\/product"}],"replies":[{"embeddable":true,"href":"https:\/\/roulettes.vaniseo.top\/index.php\/wp-json\/wp\/v2\/comments?post=428"}],"version-history":[{"count":0,"href":"https:\/\/roulettes.vaniseo.top\/index.php\/wp-json\/wp\/v2\/product\/428\/revisions"}],"wp:featuredmedia":[{"embeddable":true,"href":"https:\/\/roulettes.vaniseo.top\/index.php\/wp-json\/wp\/v2\/media\/1871"}],"wp:attachment":[{"href":"https:\/\/roulettes.vaniseo.top\/index.php\/wp-json\/wp\/v2\/media?parent=428"}],"wp:term":[{"taxonomy":"product_cat","embeddable":true,"href":"https:\/\/roulettes.vaniseo.top\/index.php\/wp-json\/wp\/v2\/product_cat?post=428"},{"taxonomy":"product_tag","embeddable":true,"href":"https:\/\/roulettes.vaniseo.top\/index.php\/wp-json\/wp\/v2\/product_tag?post=428"}],"curies":[{"name":"wp","href":"https:\/\/api.w.org\/{rel}","templated":true}]}}