{"id":429,"date":"2022-04-04T16:21:38","date_gmt":"2022-04-04T14:21:38","guid":{"rendered":"https:\/\/roulettes.vaniseo.top\/index.php\/produit\/patere-porte-cintre-en-acier-inoxydable\/"},"modified":"2022-04-04T17:20:42","modified_gmt":"2022-04-04T15:20:42","slug":"patere-porte-cintre-en-acier-inoxydable","status":"publish","type":"product","link":"https:\/\/roulettes.vaniseo.top\/index.php\/produit\/patere-porte-cintre-en-acier-inoxydable\/","title":{"rendered":"Pat\u00e8re porte cintre en acier inoxydable"},"content":{"rendered":"<h3>Porte cintre design fa\u00e7on tige en acier inoxydable<\/h3>\n<p>_x000D_n1001 Pat\u00e8res vous propose de d\u00e9couvrir ici plus d&rsquo;informations sur cette pat\u00e8re porte cintre\u00a0<b>en<\/b>\u00a0<strong>acier inoxydable<\/strong>. Ci dessous d\u00e9couvrez nos <strong>conseils d&rsquo;installation<\/strong>, d&rsquo;<strong>am\u00e9nagement<\/strong>, et toutes ses <strong>caract\u00e9ristiques techniques<\/strong>._x000D_n_x000D_nAinsi, ce porte cintre est form\u00e9e d&rsquo;une <strong>simple tige minimaliste<\/strong> pour un usage de porte v\u00eatements, de porte serviettes, ou encore porte torchons.\u00a0Sa <strong>forme est simple et \u00e9pur\u00e9e<\/strong> avec un <strong>embout anti-glisse<\/strong> pratique. Il est de la marque <a href=\"https:\/\/1001pateres.com\/brand\/1001pateres\/\">1001 Pat\u00e8res<\/a>._x000D_n_x000D_n&nbsp;_x000D_n<\/p>\n<h3>Pat\u00e8re porte cintre ultra polyvalente: utile et d\u00e9corative!<\/h3>\n<p>_x000D_nDe plus, au del\u00e0 de sa <strong>forme int\u00e9ressante<\/strong>, il y a aussi sa mati\u00e8re: l&rsquo;<strong>acier inoxydable<\/strong>. Gr\u00e2ce \u00e0 lui, celle-ci s&rsquo;adaptera \u00e0 toutes les <strong>pi\u00e8ces humides<\/strong> et plus particuli\u00e8rement \u00e0 la <a href=\"https:\/\/1001pateres.com\/univers\/salle-de-bain\">salle de bain<\/a>._x000D_n_x000D_nN&rsquo;h\u00e9sitez pas bien s\u00fbr \u00e0 l&rsquo;installer o\u00f9 bon vous semble. Elle peut \u00eatre utile dans un <strong>dressing<\/strong> pour <strong>pr\u00e9parer un costume<\/strong> ou une robe sur cintre pour une sortie \u00e0 venir. Elle peut aussi \u00eatre installer pour <strong>suspendre un cintre avec un costume ou une pi\u00e8ce de collection<\/strong> comme \u00e9l\u00e9ment de d\u00e9coration dans une <strong>chambre<\/strong>, ou m\u00eame dans une entreprise: type <strong>boutique de luxe<\/strong> ou de pr\u00eat \u00e0 porter&#8230;._x000D_n_x000D_nElle comporte une base avec une tige viss\u00e9e de l&rsquo;int\u00e9rieur\u00a0et un syst\u00e8me d&rsquo;accrochage avec sa vis et sa cheville, vis non visible une fois mont\u00e9e.\u00a0Ce mod\u00e8le est <strong>facile \u00e0 poser<\/strong> mais n\u00e9cessite une perceuse pour positionner la cheville._x000D_n_x000D_nEnfin, si vous pensez l&rsquo;utiliser dans un vestiaire ou une entr\u00e9e, en d\u00e9multipliant le nombre de r\u00e9f\u00e9rences install\u00e9es, il peut \u00eatre int\u00e9ressant d&rsquo;en conna\u00eetre ses <strong>dimensions<\/strong> pr\u00e9cises que voici ci-dessous:_x000D_n<\/p>\n<ul>_x000D_n \t<\/p>\n<li>La tige \u00e9cartement du mur 7 cm X diam\u00e8tre 1,6 cm avec 2,2 cm de t\u00eate<\/li>\n<p>_x000D_n \t<\/p>\n<li>La base diam\u00e8tre 4 cm<\/li>\n<p>_x000D_n \t<\/p>\n<li>Vis de 1,5 cm<\/li>\n<p>_x000D_n<\/ul>\n<p>_x000D_nContactez nous sans attendre pour tout renseignement compl\u00e9mentaire via la page Contact de ce site. Nous pourrons ainsi rapidement revenir vers vous avec un conseil, un devis ou une r\u00e9ponse exhaustive!<\/p>\n","protected":false},"excerpt":{"rendered":"<p>Porte-serviette id\u00e9al pour <em><strong>salle de bain<\/strong><\/em> en aluminium. Jolie pat\u00e8re design\u00a0<strong>tige en acier inoxydable<\/strong> pour un usage de porte torchon, porte serviette, porte-v\u00eatements.\u00a0Elle est originale et \u00e9pur\u00e9e avec une forme douce et pratique.<\/p>\n","protected":false},"featured_media":1874,"comment_status":"closed","ping_status":"open","template":"","meta":[],"product_cat":[19,20,21,22,17,23],"product_tag":[31],"class_list":["post-429","product","type-product","status-publish","has-post-thumbnail","hentry","product_cat-collectivite","product_cat-cuisine","product_cat-entreprise","product_cat-pro","product_cat-salle-de-bain","product_cat-toilette-wc","product_tag-crochet-patere-patere-design-patere-murale-patere-porte-pateres-porte-manteau-porte-serviette-porte-torchon","description-off"],"_links":{"self":[{"href":"https:\/\/roulettes.vaniseo.top\/index.php\/wp-json\/wp\/v2\/product\/429","targetHints":{"allow":["GET"]}}],"collection":[{"href":"https:\/\/roulettes.vaniseo.top\/index.php\/wp-json\/wp\/v2\/product"}],"about":[{"href":"https:\/\/roulettes.vaniseo.top\/index.php\/wp-json\/wp\/v2\/types\/product"}],"replies":[{"embeddable":true,"href":"https:\/\/roulettes.vaniseo.top\/index.php\/wp-json\/wp\/v2\/comments?post=429"}],"version-history":[{"count":0,"href":"https:\/\/roulettes.vaniseo.top\/index.php\/wp-json\/wp\/v2\/product\/429\/revisions"}],"wp:featuredmedia":[{"embeddable":true,"href":"https:\/\/roulettes.vaniseo.top\/index.php\/wp-json\/wp\/v2\/media\/1874"}],"wp:attachment":[{"href":"https:\/\/roulettes.vaniseo.top\/index.php\/wp-json\/wp\/v2\/media?parent=429"}],"wp:term":[{"taxonomy":"product_cat","embeddable":true,"href":"https:\/\/roulettes.vaniseo.top\/index.php\/wp-json\/wp\/v2\/product_cat?post=429"},{"taxonomy":"product_tag","embeddable":true,"href":"https:\/\/roulettes.vaniseo.top\/index.php\/wp-json\/wp\/v2\/product_tag?post=429"}],"curies":[{"name":"wp","href":"https:\/\/api.w.org\/{rel}","templated":true}]}}