{"id":43,"date":"2022-04-04T16:20:06","date_gmt":"2022-04-04T14:20:06","guid":{"rendered":"https:\/\/roulettes.vaniseo.top\/index.php\/produit\/patere-tige-color-design-aluminium-brun\/"},"modified":"2022-04-04T17:08:41","modified_gmt":"2022-04-04T15:08:41","slug":"patere-tige-color-design-aluminium-brun","status":"publish","type":"product","link":"https:\/\/roulettes.vaniseo.top\/index.php\/produit\/patere-tige-color-design-aluminium-brun\/","title":{"rendered":"Patere tige color design aluminium brun"},"content":{"rendered":"<h3>Porte manteau design tige Color marron<\/h3>\n<p>_x000D_n<strong>1001 Pat\u00e8res<\/strong> vous pr\u00e9sente sa <strong>patere tige Color design aluminium brun<\/strong>. D\u00e9couvrez ci dessous l&rsquo;ensemble de ses informations techniques et d\u00e9coratives._x000D_n_x000D_nTout d&rsquo;abord, revenons rapidement sur <a href=\"https:\/\/1001pateres.com\/brand\/1001pateres\/\">1001 Pat\u00e8res<\/a>. Il s&rsquo;agit du <strong>n\u00b01 en France de la vente en ligne de pat\u00e8res<\/strong> et porte manteaux. Il s\u00e9lectionne pour vous les meilleures r\u00e9f\u00e9rences internationales et au <strong>meilleur rapport qualit\u00e9 prix<\/strong>. Il offre aussi des r\u00e9f\u00e9rences de sa propre marque. Ainsi, vous profitez d&rsquo;un large choix de styles et de prix pour toujours <strong>plus de rangement et de d\u00e9coration<\/strong> dans votre int\u00e9rieur de <strong>maison<\/strong> et\/ou de <strong>bureau<\/strong>. Soutenez ce site fran\u00e7ais et <strong>r\u00e9duisez d\u00e9lai et frais de livraison<\/strong>!_x000D_n_x000D_n&nbsp;_x000D_n<\/p>\n<h3>Pat\u00e8re tige Color design aluminium brun<\/h3>\n<p>_x000D_nAinsi, ci contre, le porte manteau design tige Color marron est teint\u00e9 dans la masse. A l&rsquo;image de toute la collection auquel il appartient, il offre des <strong>coloris m\u00e9tallis\u00e9s vraiment modernes<\/strong>. Retrouvez donc dans ce m\u00eame esprit, les coloris suivants: <strong>orange, noir, <a href=\"https:\/\/1001pateres.com\/produit\/patere-tige-color-design-aluminium-mauve\/\">mauve<\/a>, vert, alu, dor\u00e9, bleu roi, turquoise, et rouge<\/strong>._x000D_n_x000D_nAvec eux, vous profiterez d&rsquo;un mat\u00e9riaux <strong>inoxydable<\/strong> s&rsquo;adaptant donc \u00e0 tout univers, salle de bain comme bureau. Comme\u00a0<strong>porte torchon, porte serviette, porte gant ou porte manteau<\/strong>, il sera facile d&rsquo;utilisation mais offrira un <strong>design moderne et vif<\/strong>._x000D_n_x000D_nEnfin, pour son installation, cette patere tige Color aluminium dispose d&rsquo;une tige et d&rsquo;un\u00a0syst\u00e8me de fixation avec sa vis et sa cheville incluses. La vis est invisible une fois fix\u00e9e. Toutefois, il est n\u00e9cessaire de disposer d&rsquo;une perceuse pour installer la cheville._x000D_n_x000D_nN&rsquo;oubliez pas de tenir compte de ses <strong>dimensions<\/strong>. Cela sera tr\u00e8s utile, surtout si vous d\u00e9multipliez ces pat\u00e8res en ligne, sur un m\u00eame pan de mur:_x000D_n<\/p>\n<ul>_x000D_n \t<\/p>\n<li>Patere tige Color: 5,3 cm X 2 cm<\/li>\n<p>_x000D_n \t<\/p>\n<li>Diam\u00e8tre de la base: 3,2 cm<\/li>\n<p>_x000D_n \t<\/p>\n<li>Vis de 2,3 cm<\/li>\n<p>_x000D_n<\/ul>\n<p>_x000D_n&nbsp;_x000D_n_x000D_nN&rsquo;h\u00e9sitez pas \u00e0 nous contacter pour obtenir un devis sur mesure, en cas de commande en quantit\u00e9 importante.<\/p>\n","protected":false},"excerpt":{"rendered":"<p>Belle pat\u00e8re design en forme de <em><strong>tige<\/strong><\/em> color en aluminium teint\u00e9 dans la masse <strong>brun<\/strong> qui peut servir de porte torchon, porte serviette, porte gant, porte manteau.\u00a0Pat\u00e8re murale au design \u00e9pur\u00e9e, elle sera tr\u00e8s pratique \u00e0 l&rsquo;utilisation.<\/p>\n","protected":false},"featured_media":789,"comment_status":"closed","ping_status":"open","template":"","meta":[],"product_cat":[19,20,21,22,17,23],"product_tag":[27],"class_list":["post-43","product","type-product","status-publish","has-post-thumbnail","hentry","product_cat-collectivite","product_cat-cuisine","product_cat-entreprise","product_cat-pro","product_cat-salle-de-bain","product_cat-toilette-wc","product_tag-crochet-patere-patere-design-patere-murale-patere-porte-pateres-porte-serviette-porte-torchon-vestiaire","description-off"],"_links":{"self":[{"href":"https:\/\/roulettes.vaniseo.top\/index.php\/wp-json\/wp\/v2\/product\/43","targetHints":{"allow":["GET"]}}],"collection":[{"href":"https:\/\/roulettes.vaniseo.top\/index.php\/wp-json\/wp\/v2\/product"}],"about":[{"href":"https:\/\/roulettes.vaniseo.top\/index.php\/wp-json\/wp\/v2\/types\/product"}],"replies":[{"embeddable":true,"href":"https:\/\/roulettes.vaniseo.top\/index.php\/wp-json\/wp\/v2\/comments?post=43"}],"version-history":[{"count":0,"href":"https:\/\/roulettes.vaniseo.top\/index.php\/wp-json\/wp\/v2\/product\/43\/revisions"}],"wp:featuredmedia":[{"embeddable":true,"href":"https:\/\/roulettes.vaniseo.top\/index.php\/wp-json\/wp\/v2\/media\/789"}],"wp:attachment":[{"href":"https:\/\/roulettes.vaniseo.top\/index.php\/wp-json\/wp\/v2\/media?parent=43"}],"wp:term":[{"taxonomy":"product_cat","embeddable":true,"href":"https:\/\/roulettes.vaniseo.top\/index.php\/wp-json\/wp\/v2\/product_cat?post=43"},{"taxonomy":"product_tag","embeddable":true,"href":"https:\/\/roulettes.vaniseo.top\/index.php\/wp-json\/wp\/v2\/product_tag?post=43"}],"curies":[{"name":"wp","href":"https:\/\/api.w.org\/{rel}","templated":true}]}}