{"id":431,"date":"2022-04-04T16:21:38","date_gmt":"2022-04-04T14:21:38","guid":{"rendered":"https:\/\/roulettes.vaniseo.top\/index.php\/produit\/patere-murale-metallique-laquee-blanche-et-embout-bois-brut\/"},"modified":"2022-04-04T17:20:44","modified_gmt":"2022-04-04T15:20:44","slug":"patere-murale-metallique-laquee-blanche-et-embout-bois-brut","status":"publish","type":"product","link":"https:\/\/roulettes.vaniseo.top\/index.php\/produit\/patere-murale-metallique-laquee-blanche-et-embout-bois-brut\/","title":{"rendered":"Pat\u00e8re murale m\u00e9tallique laqu\u00e9e blanche et embout bois brut"},"content":{"rendered":"<h3 class=\"product_title entry-title\">Porte manteau mural m\u00e9tal laqu\u00e9 blanc et embout bois naturel<\/h3>\n<p>_x000D_n<strong>1001 Pat\u00e8res<\/strong> pr\u00e9sente ici sa pat\u00e8re murale m\u00e9tallique laqu\u00e9e blanche et son embout bois brut arrondi. D\u00e9couvrez ainsi toutes les informations techniques et d\u00e9coratives relative \u00e0 cette pat\u00e8re ci dessous._x000D_n_x000D_nPour commencer, 1001 Pat\u00e8res est le <strong>N\u00b01 en France<\/strong>\u00a0de la vente en ligne de pat\u00e8res et porte manteaux.\u00a0Ainsi, vous avez plaisir \u00e0 s\u00e9lectionner vos pat\u00e8res parmi un choix int\u00e9ressant de <strong>styles permettant \u00e0 la fois de ranger et d\u00e9corer votre maison ou bureau<\/strong>. D\u2019ailleurs, l\u2019\u00e9quipe\u00a0s&rsquo;efforce au quotidien de\u00a0choisir parmi de grandes marques internationales offrant le <strong>meilleur rapport qualit\u00e9 prix<\/strong>, et un\u00a0<strong>style<\/strong>\u00a0bien <strong>marqu\u00e9<\/strong>. Ainsi, vous b\u00e9n\u00e9ficiez d&rsquo;une grande vari\u00e9t\u00e9 de coloris et de formes dans l&rsquo;esprit de votre int\u00e9rieur._x000D_n_x000D_n&nbsp;_x000D_n<\/p>\n<h3>Pat\u00e8re murale m\u00e9tallique laqu\u00e9e blanche et embout bois brut<\/h3>\n<p>_x000D_nDans cet esprit, vous adorerez notre porte manteau<strong>\u00a0mural m\u00e9tal laqu\u00e9 blanc et son embout bois naturel arrondi<\/strong> car il\u00a0peut \u00eatre utilis\u00e9 de fa\u00e7on tr\u00e8s polyvalente: dans un toilette comme porte serviette, dans une chambre comme porte accessoire, ou encore dans une cuisine comme porte torchon etc\u2026_x000D_n_x000D_nD\u2019ailleurs, ce porte manteau mural m\u00e9tal laqu\u00e9 <strong>blanc<\/strong>\u00a0est aussi disponible en laqu\u00e9 <strong>bleu p\u00e9trole, vert, noir, <a href=\"https:\/\/1001pateres.com\/produit\/patere-design-metal-et-bois-bleu-ciel\/\">bleu ciel<\/a> et blanc<\/strong>. Il est donc possible de\u00a0<strong>le d\u00e9multiplier<\/strong> sur un m\u00eame pan de mur en plusieurs coloris, et dans diff\u00e9rentes pi\u00e8ces bien s\u00fbr.\u00a0Tout comme nos clients, vous le choisirez pour son style si\u00a0<strong>moderne et brut<\/strong>! En effet, il dispose de:_x000D_n<\/p>\n<ul>_x000D_n \t<\/p>\n<li><strong>Formes<\/strong>\u00a0simples, <strong>minimalistes<\/strong>,<\/li>\n<p>_x000D_n \t<\/p>\n<li>Mat\u00e9riaux et coloris bruts, scandinave,<\/li>\n<p>_x000D_n \t<\/p>\n<li>Son\u00a0<strong>bois<\/strong> clair refl\u00e8te bien la <strong>douceur et le c\u00f4t\u00e9 chaleureux<\/strong> de la d\u00e9coration nordique,<\/li>\n<p>_x000D_n \t<\/p>\n<li><strong>L&#8217;embout cylindrique inclin\u00e9 respecte <\/strong>vos affaires sans les abimer.<\/li>\n<p>_x000D_n<\/ul>\n<p>_x000D_nEnfin, pour fixer au mur cette pat\u00e8re murale m\u00e9tallique laqu\u00e9e blanche, vous d\u00e9couvrirez sous son\u00a0<strong>bouton en laiton dor\u00e9<\/strong>, un\u00a0syst\u00e8me d\u2019accrochage compos\u00e9 d\u2019une <strong>vis et d&rsquo;une cheville<\/strong>, qui sont <strong>incluses<\/strong>. L&rsquo;ensemble sera <strong>invisible<\/strong> une fois fix\u00e9.\u00a0Pr\u00e9parez seulement votre\u00a0<strong>perceuse<\/strong> pour tenez compte de ses <strong>dimensions\u00a0<\/strong>surtout si vous la d\u00e9multipliez:_x000D_n<\/p>\n<ul>_x000D_n \t<\/p>\n<li>La pat\u00e8re en m\u00e9tal: 12,8 cm X 4 cm<\/li>\n<p>_x000D_n \t<\/p>\n<li>Le cylindre en bois naturel: 5 cm X diam 2,8 cm<\/li>\n<p>_x000D_n \t<\/p>\n<li>Ecartement du mur: 7 cm<\/li>\n<p>_x000D_n \t<\/p>\n<li>Vis: 2,5 cm<\/li>\n<p>_x000D_n<\/ul>\n","protected":false},"excerpt":{"rendered":"<p>Porte-manteau design en m\u00e9tal <strong>laqu\u00e9 blanc<\/strong> et bois naturel<strong>\u00a0<\/strong>de la marque <em><strong>1001pateres<\/strong><\/em>. Jolie\u00a0pat\u00e8re design est pour un usage de porte-manteau, porte-serviette, porte-chapeau.\u00a0Elle est originale et \u00e9pur\u00e9e avec une forme douce et pratique. Une fois pos\u00e9e au mur \u00e0 l&rsquo;aide d&rsquo;une perceuse, elle permet de r\u00e9sister \u00e0 un poids de 5 kg environ.<\/p>\n","protected":false},"featured_media":1882,"comment_status":"closed","ping_status":"open","template":"","meta":[],"product_cat":[29,32,17,23],"product_tag":[26],"class_list":["post-431","product","type-product","status-publish","has-post-thumbnail","hentry","product_cat-chambre-adulte","product_cat-entree-sejour","product_cat-salle-de-bain","product_cat-toilette-wc","product_tag-crochet-patere-patere-design-patere-murale-patere-porte-pateres-porte-serviette-porte-torchon","description-off"],"_links":{"self":[{"href":"https:\/\/roulettes.vaniseo.top\/index.php\/wp-json\/wp\/v2\/product\/431","targetHints":{"allow":["GET"]}}],"collection":[{"href":"https:\/\/roulettes.vaniseo.top\/index.php\/wp-json\/wp\/v2\/product"}],"about":[{"href":"https:\/\/roulettes.vaniseo.top\/index.php\/wp-json\/wp\/v2\/types\/product"}],"replies":[{"embeddable":true,"href":"https:\/\/roulettes.vaniseo.top\/index.php\/wp-json\/wp\/v2\/comments?post=431"}],"version-history":[{"count":0,"href":"https:\/\/roulettes.vaniseo.top\/index.php\/wp-json\/wp\/v2\/product\/431\/revisions"}],"wp:featuredmedia":[{"embeddable":true,"href":"https:\/\/roulettes.vaniseo.top\/index.php\/wp-json\/wp\/v2\/media\/1882"}],"wp:attachment":[{"href":"https:\/\/roulettes.vaniseo.top\/index.php\/wp-json\/wp\/v2\/media?parent=431"}],"wp:term":[{"taxonomy":"product_cat","embeddable":true,"href":"https:\/\/roulettes.vaniseo.top\/index.php\/wp-json\/wp\/v2\/product_cat?post=431"},{"taxonomy":"product_tag","embeddable":true,"href":"https:\/\/roulettes.vaniseo.top\/index.php\/wp-json\/wp\/v2\/product_tag?post=431"}],"curies":[{"name":"wp","href":"https:\/\/api.w.org\/{rel}","templated":true}]}}