{"id":434,"date":"2022-04-04T16:21:38","date_gmt":"2022-04-04T14:21:38","guid":{"rendered":"https:\/\/roulettes.vaniseo.top\/index.php\/produit\/patere-murale-metallique-laquee-rose-et-embout-bois-naturel\/"},"modified":"2022-04-04T17:20:47","modified_gmt":"2022-04-04T15:20:47","slug":"patere-murale-metallique-laquee-rose-et-embout-bois-naturel","status":"publish","type":"product","link":"https:\/\/roulettes.vaniseo.top\/index.php\/produit\/patere-murale-metallique-laquee-rose-et-embout-bois-naturel\/","title":{"rendered":"Pat\u00e8re murale m\u00e9tallique laqu\u00e9e rose et embout bois naturel"},"content":{"rendered":"<h3 class=\"product_title entry-title\">Porte manteau mural m\u00e9tal laqu\u00e9 rose et embout bois naturel<\/h3>\n<p>_x000D_n<strong>1001 Pat\u00e8res<\/strong> pr\u00e9sente sa pat\u00e8re murale m\u00e9tallique laqu\u00e9e rose et embout bois naturel. D\u00e9couvrez toutes ses informations techniques et d\u00e9coratives ci dessous._x000D_n_x000D_nPour commencer, sachez que 1001 Pat\u00e8res est le <strong>N\u00b01 en France<\/strong>\u00a0de la vente de pat\u00e8res et porte manteaux en ligne!\u00a0Ainsi, vous trouvez un choix int\u00e9ressant de styles de pat\u00e8res pour ranger et d\u00e9corer votre int\u00e9rieur avec go\u00fbt. D\u2019ailleurs, l\u2019\u00e9quipe <strong>1001 Pat\u00e8res<\/strong> choisit des marques internationales aux <strong>meilleurs rapports qualit\u00e9 prix<\/strong>, et aux\u00a0<strong>styles<\/strong> bien <strong>marqu\u00e9s<\/strong>. Vous avez ensuite plaisir \u00e0 naviguer parmi une grande vari\u00e9t\u00e9 de choix de coloris, de formes\u2026_x000D_n_x000D_n&nbsp;_x000D_n<\/p>\n<h3>Pat\u00e8re murale m\u00e9tallique laqu\u00e9e rose et embout bois naturel<\/h3>\n<p>_x000D_nEn effet, vous adorerez ce porte manteau<strong>\u00a0mural m\u00e9tal laqu\u00e9 rose et embout bois naturel<\/strong> car il\u00a0peut \u00eatre utilis\u00e9 de fa\u00e7on tr\u00e8s polyvalente: dans une entr\u00e9e comme porte manteau, dans une salle de bain comme porte v\u00eatement, ou encore dans une cuisine comme porte torchon etc\u2026_x000D_n_x000D_nD\u2019ailleurs, ce porte manteau mural m\u00e9tal laqu\u00e9 <strong>rose<\/strong> et embout bois naturel, est aussi disponible en laqu\u00e9 <strong>bleu p\u00e9trole, <a href=\"https:\/\/1001pateres.com\/produit\/patere-design-metal-et-bois-vert\/\">vert<\/a>, noir, bleu ciel et blanc<\/strong>. Il est donc possible de\u00a0<strong>le d\u00e9multiplier<\/strong> sur un m\u00eame pan de mur en plusieurs coloris._x000D_n_x000D_nTout comme nos clients, vous le choisirez car il allie un style <strong>scandinave moderne et brut<\/strong>! En effet, il dispose de:_x000D_n<\/p>\n<ul>_x000D_n \t<\/p>\n<li><strong>Formes<\/strong>\u00a0simples, <strong>minimalistes<\/strong>,<\/li>\n<p>_x000D_n \t<\/p>\n<li>Mat\u00e9riaux et coloris bruts et dans l\u2019\u00e8re du temps,<\/li>\n<p>_x000D_n \t<\/p>\n<li>Un\u00a0<strong>bois<\/strong> clair refl\u00e8tant bien la <strong>douceur et le c\u00f4t\u00e9 chaleureux<\/strong> de ce style d\u00e9coratif,<\/li>\n<p>_x000D_n \t<\/p>\n<li><strong>Embout cylindrique inclin\u00e9<\/strong>\u00a0qui <strong>maintient<\/strong>\u00a0vos affaires sans les abimer.<\/li>\n<p>_x000D_n<\/ul>\n<p>_x000D_nEnfin, pour installer la pat\u00e8re murale m\u00e9tallique laqu\u00e9e, vous d\u00e9couvrirez sous son\u00a0<strong>bouton en laiton dor\u00e9<\/strong>, un\u00a0syst\u00e8me d\u2019accrochage compos\u00e9 d\u2019une <strong>vis et sa cheville incluses<\/strong>. La vis sera <strong>invisible<\/strong> une fois mont\u00e9e.\u00a0Pensez seulement \u00e0 pr\u00e9parer votre\u00a0<strong>perceuse<\/strong> pour installer la cheville et \u00e0 tenir compte de ses <strong>dimensions<\/strong>:_x000D_n<\/p>\n<ul>_x000D_n \t<\/p>\n<li>La pat\u00e8re en m\u00e9tal: 12,8 cm X 4 cm<\/li>\n<p>_x000D_n \t<\/p>\n<li>Le cylindre en bois naturel: 5 cm X diam 2,8 cm<\/li>\n<p>_x000D_n \t<\/p>\n<li>Ecartement du mur: 7 cm<\/li>\n<p>_x000D_n \t<\/p>\n<li>Vis: 2,5 cm<\/li>\n<p>_x000D_n<\/ul>\n","protected":false},"excerpt":{"rendered":"<p>Porte-manteau design en m\u00e9tal <strong>laqu\u00e9 rose<\/strong>\u00a0et bois naturel<strong>\u00a0<\/strong>de la marque <em><strong>1001pateres<\/strong><\/em>. Jolie\u00a0pat\u00e8re design qui est pour un usage de porte-manteau, porte-serviette, porte-chapeau.\u00a0Elle est originale et \u00e9pur\u00e9e avec une forme douce et pratique. Une fois pos\u00e9e au mur \u00e0 l&rsquo;aide d&rsquo;une perceuse, elle permet de r\u00e9sister \u00e0 un poids de 5 kg environ.<\/p>\n","protected":false},"featured_media":1894,"comment_status":"closed","ping_status":"open","template":"","meta":[],"product_cat":[29,32,17,23],"product_tag":[26],"class_list":["post-434","product","type-product","status-publish","has-post-thumbnail","hentry","product_cat-chambre-adulte","product_cat-entree-sejour","product_cat-salle-de-bain","product_cat-toilette-wc","product_tag-crochet-patere-patere-design-patere-murale-patere-porte-pateres-porte-serviette-porte-torchon","description-off"],"_links":{"self":[{"href":"https:\/\/roulettes.vaniseo.top\/index.php\/wp-json\/wp\/v2\/product\/434","targetHints":{"allow":["GET"]}}],"collection":[{"href":"https:\/\/roulettes.vaniseo.top\/index.php\/wp-json\/wp\/v2\/product"}],"about":[{"href":"https:\/\/roulettes.vaniseo.top\/index.php\/wp-json\/wp\/v2\/types\/product"}],"replies":[{"embeddable":true,"href":"https:\/\/roulettes.vaniseo.top\/index.php\/wp-json\/wp\/v2\/comments?post=434"}],"version-history":[{"count":0,"href":"https:\/\/roulettes.vaniseo.top\/index.php\/wp-json\/wp\/v2\/product\/434\/revisions"}],"wp:featuredmedia":[{"embeddable":true,"href":"https:\/\/roulettes.vaniseo.top\/index.php\/wp-json\/wp\/v2\/media\/1894"}],"wp:attachment":[{"href":"https:\/\/roulettes.vaniseo.top\/index.php\/wp-json\/wp\/v2\/media?parent=434"}],"wp:term":[{"taxonomy":"product_cat","embeddable":true,"href":"https:\/\/roulettes.vaniseo.top\/index.php\/wp-json\/wp\/v2\/product_cat?post=434"},{"taxonomy":"product_tag","embeddable":true,"href":"https:\/\/roulettes.vaniseo.top\/index.php\/wp-json\/wp\/v2\/product_tag?post=434"}],"curies":[{"name":"wp","href":"https:\/\/api.w.org\/{rel}","templated":true}]}}