{"id":435,"date":"2022-04-04T16:21:38","date_gmt":"2022-04-04T14:21:38","guid":{"rendered":"https:\/\/roulettes.vaniseo.top\/index.php\/produit\/porte-manteau-mural-metal-laque-vert-et-embout-bois-naturel\/"},"modified":"2022-04-04T17:20:48","modified_gmt":"2022-04-04T15:20:48","slug":"porte-manteau-mural-metal-laque-vert-et-embout-bois-naturel","status":"publish","type":"product","link":"https:\/\/roulettes.vaniseo.top\/index.php\/produit\/porte-manteau-mural-metal-laque-vert-et-embout-bois-naturel\/","title":{"rendered":"Porte manteau mural m\u00e9tal laqu\u00e9 vert et embout bois naturel"},"content":{"rendered":"<h3>Pat\u00e8re murale m\u00e9tallique laqu\u00e9e verte et embout bois naturel<\/h3>\n<p>_x000D_n<strong>1001 Pat\u00e8res<\/strong> pr\u00e9sente le\u00a0<strong>porte manteau mural m\u00e9tal laqu\u00e9 vert et embout bois naturel<\/strong>.\u00a0Cette <strong>pat\u00e8re murale m\u00e9tallique verte et bois brut<\/strong>\u00a0peut \u00eatre utilis\u00e9e de fa\u00e7on tr\u00e8s polyvalente: dans une entr\u00e9e comme porte manteau, dan sun toilette comme porte serviette ou pat\u00e8re de commodit\u00e9 etc&#8230; Ainsi, il vous sera int\u00e9ressant d&rsquo;en conna\u00eetre davantage sur ses parties\u00a0<strong>techniques et d\u00e9coratives<\/strong>._x000D_n_x000D_nTout d\u2019abord, rappelons que 1001 Pat\u00e8res est le <strong>N\u00b01 en France<\/strong>\u00a0de la vente de pat\u00e8res et porte manteaux en ligne!\u00a0Ainsi, il est possible de trouver sur ce site de nombreux styles de pat\u00e8res pour le rangement de votre maison\/bureau et pour compl\u00e9ter\u00a0la d\u00e9coration de votre int\u00e9rieur. D&rsquo;ailleurs, l\u2019\u00e9quipe <strong>1001 Pat\u00e8res<\/strong> choisit des marques internationales aux <strong>meilleurs rapports qualit\u00e9 prix<\/strong>, au\u00a0<strong>style<\/strong> bien <strong>marqu\u00e9<\/strong>. Et c&rsquo;est ensuite gr\u00e2ce \u00e0 cela que vous avez le choix de coloris, de formes&#8230;_x000D_n_x000D_n&nbsp;_x000D_n<\/p>\n<h3>Porte manteau mural m\u00e9tal laqu\u00e9 vert et embout bois naturel<\/h3>\n<p>_x000D_nD\u2019ailleurs, ce porte manteau mural m\u00e9tal laqu\u00e9 <strong>vert<\/strong> et embout bois naturel, est aussi disponible en laqu\u00e9 <strong>bleu p\u00e9trole, rose, <a href=\"https:\/\/1001pateres.com\/produit\/patere-design-metal-et-bois-noir\/\">noir<\/a>, bleu ciel et blanc<\/strong>. Cela vous permettra notamment de\u00a0<strong>le d\u00e9multiplier<\/strong> sur un m\u00eame pan de mur en plusieurs coloris._x000D_n_x000D_nNos clients adorent ce produit car il allie un style <strong>scandinave moderne et brut<\/strong>:_x000D_n<\/p>\n<ul>_x000D_n \t<\/p>\n<li>\u00a0Sa <strong>forme<\/strong> est simple, peu encombrante, <strong>minimaliste<\/strong>,<\/li>\n<p>_x000D_n \t<\/p>\n<li>Ses mat\u00e9riaux et ses coloris sont bruts et dans l\u2019\u00e8re du temps,<\/li>\n<p>_x000D_n \t<\/p>\n<li>Son <strong>bois<\/strong> clair refl\u00e8te bien la <strong>douceur et le c\u00f4t\u00e9 chaleureux<\/strong> de ce style d\u00e9coratif.<\/li>\n<p>_x000D_n<\/ul>\n<p>_x000D_nNotez \u00e9galement l&rsquo;efficacit\u00e9 de son\u00a0<strong>embout cylindrique inclin\u00e9<\/strong>\u00a0qui <strong>maintient<\/strong>\u00a0vos affaires sans les abimer._x000D_n_x000D_nEnfin pour l&rsquo;installation, le porte manteau mural m\u00e9tal comporte un <strong>bouton en laiton dor\u00e9<\/strong> qui cache son syst\u00e8me d\u2019accrochage compos\u00e9 d\u2019une <strong>vis et sa cheville incluses<\/strong>. La vis restera donc\u00a0<strong>non visible<\/strong> une fois mont\u00e9e.\u00a0Pensez seulement \u00e0 pr\u00e9parer votre\u00a0<strong>perceuse<\/strong> pour positionner la cheville et \u00e0 tenir compte de ses <strong>dimensions<\/strong>:_x000D_n<\/p>\n<ul>_x000D_n \t<\/p>\n<li>La pat\u00e8re en m\u00e9tal: 12,8 cm X 4 cm<\/li>\n<p>_x000D_n \t<\/p>\n<li>Le cylindre en bois naturel: 5 cm X diam 2,8 cm<\/li>\n<p>_x000D_n \t<\/p>\n<li>Ecartement du mur: 7 cm<\/li>\n<p>_x000D_n \t<\/p>\n<li>Vis: 2,5 cm<\/li>\n<p>_x000D_n<\/ul>\n","protected":false},"excerpt":{"rendered":"<p>Porte-manteau design en m\u00e9tal <strong>laqu\u00e9 vert<\/strong>\u00a0et bois naturel<strong>\u00a0<\/strong>de la marque <em><strong>1001pateres<\/strong><\/em>. Jolie\u00a0pat\u00e8re design qui est pour un usage de porte-manteau, porte-serviette, porte-chapeau.\u00a0Elle est originale et \u00e9pur\u00e9e avec une forme douce et pratique. Une fois pos\u00e9e au mur \u00e0 l&rsquo;aide d&rsquo;une perceuse, elle permet de r\u00e9sister \u00e0 un poids de 5 kg environ.<\/p>\n","protected":false},"featured_media":1898,"comment_status":"closed","ping_status":"open","template":"","meta":[],"product_cat":[29,32,17,23],"product_tag":[26],"class_list":["post-435","product","type-product","status-publish","has-post-thumbnail","hentry","product_cat-chambre-adulte","product_cat-entree-sejour","product_cat-salle-de-bain","product_cat-toilette-wc","product_tag-crochet-patere-patere-design-patere-murale-patere-porte-pateres-porte-serviette-porte-torchon","description-off"],"_links":{"self":[{"href":"https:\/\/roulettes.vaniseo.top\/index.php\/wp-json\/wp\/v2\/product\/435","targetHints":{"allow":["GET"]}}],"collection":[{"href":"https:\/\/roulettes.vaniseo.top\/index.php\/wp-json\/wp\/v2\/product"}],"about":[{"href":"https:\/\/roulettes.vaniseo.top\/index.php\/wp-json\/wp\/v2\/types\/product"}],"replies":[{"embeddable":true,"href":"https:\/\/roulettes.vaniseo.top\/index.php\/wp-json\/wp\/v2\/comments?post=435"}],"version-history":[{"count":0,"href":"https:\/\/roulettes.vaniseo.top\/index.php\/wp-json\/wp\/v2\/product\/435\/revisions"}],"wp:featuredmedia":[{"embeddable":true,"href":"https:\/\/roulettes.vaniseo.top\/index.php\/wp-json\/wp\/v2\/media\/1898"}],"wp:attachment":[{"href":"https:\/\/roulettes.vaniseo.top\/index.php\/wp-json\/wp\/v2\/media?parent=435"}],"wp:term":[{"taxonomy":"product_cat","embeddable":true,"href":"https:\/\/roulettes.vaniseo.top\/index.php\/wp-json\/wp\/v2\/product_cat?post=435"},{"taxonomy":"product_tag","embeddable":true,"href":"https:\/\/roulettes.vaniseo.top\/index.php\/wp-json\/wp\/v2\/product_tag?post=435"}],"curies":[{"name":"wp","href":"https:\/\/api.w.org\/{rel}","templated":true}]}}