{"id":436,"date":"2022-04-04T16:21:44","date_gmt":"2022-04-04T14:21:44","guid":{"rendered":"https:\/\/roulettes.vaniseo.top\/index.php\/produit\/patere-double-courbe-chromee-de-salle-de-bain\/"},"modified":"2022-04-04T17:20:50","modified_gmt":"2022-04-04T15:20:50","slug":"patere-double-courbe-chromee-de-salle-de-bain","status":"publish","type":"product","link":"https:\/\/roulettes.vaniseo.top\/index.php\/produit\/patere-double-courbe-chromee-de-salle-de-bain\/","title":{"rendered":"Patere double courbe chrom\u00e9e de salle de bain"},"content":{"rendered":"<h3>Crochet serviette salle de bain courbe en acier chrom\u00e9<\/h3>\n<p>_x000D_n<strong>1001 Pat\u00e8res<\/strong> vous pr\u00e9sente sa<strong> patere double courbe chrom\u00e9e de salle de bain<\/strong>. D\u00e9couvrez donc ci dessous l&rsquo;ensemble de ses donn\u00e9es techniques et nos meilleurs conseils d\u00e9coratifs pour en profiter au mieux._x000D_n_x000D_nMais tout d&rsquo;abord, pr\u00e9sentons rapidement sa marque: <a href=\"https:\/\/1001pateres.com\/brand\/1001pateres\/\">1001 Pat\u00e8res<\/a>. En effet, au del\u00e0 d&rsquo;\u00eatre une marque, il s&rsquo;agit surtout du site n\u00b01 en France de vente en ligne de pat\u00e8res et porte manteaux. Il recense donc non seulement les produits de sa marque mais aussi une s\u00e9lection de marques internationales. Toutes les r\u00e9f\u00e9rences ont en commun d&rsquo;\u00eatre propos\u00e9 \u00e0 un <strong>superbe rapport qualit\u00e9 prix<\/strong>._x000D_n_x000D_nAinsi, ici sp\u00e9cifiquement, il s&rsquo;agit d&rsquo;un <strong>crochet<\/strong> serviette salle de bain <strong>courbe<\/strong> \u00e0 <strong>double<\/strong> embout en <strong>acier chrom\u00e9<\/strong>. C&rsquo;est vraiment l&rsquo;id\u00e9al pour la<strong>\u00a0salle de bain<\/strong>. Cette patere double \u00a0peut la fois servir de <strong>porte serviettes<\/strong> ou encore de <strong>porte gants<\/strong>. Dans tous les cas, le fait d&rsquo;\u00eatre <strong>inoxydable<\/strong>, la rend <strong>robuste et r\u00e9sistante<\/strong> \u00e0 toute utilisation en milieu humide ou mouill\u00e9._x000D_n_x000D_nDe plus, elle est vraiment installable dans n&rsquo;importe quel style de salle de bain, toilette ou cuisine gr\u00e2ce \u00e0 son design passe partout, et ses <strong>courbes douces et pratiques<\/strong>._x000D_n_x000D_n&nbsp;_x000D_n<\/p>\n<h3>Installation de la patere double courbe chrom\u00e9e de salle de bain<\/h3>\n<p>_x000D_nAussi, pour son installation, elle comporte deux tiges d&rsquo;accrochage au dos. Son syst\u00e8me de fixation <strong>offre vis, chevilles et sa clef allen<\/strong>.\u00a0Une fois fix\u00e9e au mur les vis restent non visibles. <strong>Facile \u00e0 poser<\/strong>, elle n\u00e9cessite toutefois votre perceuse pour positionner les chevilles._x000D_n_x000D_nPensez enfin, \u00e0 tenir compte de ses dimensions, surtout si vous planifiez d&rsquo;en installer plusieurs sur une m\u00eame ligne. Vous serez alors s\u00fbr de disposer de suffisamment de place. Les <strong>dimensions<\/strong> sont donc de:_x000D_n<\/p>\n<ul>_x000D_n \t<\/p>\n<li>Base de la patere double: diam\u00e8tre 5,2 cm<\/li>\n<p>_x000D_n \t<\/p>\n<li>Tiges: longueur 3,5 cm et de diam\u00e8tre 1 cm<\/li>\n<p>_x000D_n \t<\/p>\n<li>Ecartement du mur: 5,4 cm<\/li>\n<p>_x000D_n \t<\/p>\n<li>Vis: 2,3 cm<\/li>\n<p>_x000D_n<\/ul>\n","protected":false},"excerpt":{"rendered":"<p>Porte-serviettes de salle de bain courbe en acier chrom\u00e9. Cette jolie pat\u00e8re avec deux\u00a0<strong>embouts\u00a0<\/strong><b>courb\u00e9s<\/b>\u00a0est id\u00e9ale pour les univers de pi\u00e8ces humide comme la salle de bain et en <em><strong>acier chrom\u00e9<\/strong><\/em>. Celle-ci \u00a0peut servir de porte serviettes ou encore de porte gants.De plus, elle est originale avec une forme douce et pratique.\u00a0Aussi, elle comporte deux tiges d&rsquo;accrochage\u00a0et un syst\u00e8me de fixation avec ses vis et ses chevilles.\u00a0Une fois fix\u00e9e au mur les vis restent non visibles.<\/p>\n","protected":false},"featured_media":1902,"comment_status":"closed","ping_status":"open","template":"","meta":[],"product_cat":[17,23],"product_tag":[26],"class_list":["post-436","product","type-product","status-publish","has-post-thumbnail","hentry","product_cat-salle-de-bain","product_cat-toilette-wc","product_tag-crochet-patere-patere-design-patere-murale-patere-porte-pateres-porte-serviette-porte-torchon","description-off"],"_links":{"self":[{"href":"https:\/\/roulettes.vaniseo.top\/index.php\/wp-json\/wp\/v2\/product\/436","targetHints":{"allow":["GET"]}}],"collection":[{"href":"https:\/\/roulettes.vaniseo.top\/index.php\/wp-json\/wp\/v2\/product"}],"about":[{"href":"https:\/\/roulettes.vaniseo.top\/index.php\/wp-json\/wp\/v2\/types\/product"}],"replies":[{"embeddable":true,"href":"https:\/\/roulettes.vaniseo.top\/index.php\/wp-json\/wp\/v2\/comments?post=436"}],"version-history":[{"count":0,"href":"https:\/\/roulettes.vaniseo.top\/index.php\/wp-json\/wp\/v2\/product\/436\/revisions"}],"wp:featuredmedia":[{"embeddable":true,"href":"https:\/\/roulettes.vaniseo.top\/index.php\/wp-json\/wp\/v2\/media\/1902"}],"wp:attachment":[{"href":"https:\/\/roulettes.vaniseo.top\/index.php\/wp-json\/wp\/v2\/media?parent=436"}],"wp:term":[{"taxonomy":"product_cat","embeddable":true,"href":"https:\/\/roulettes.vaniseo.top\/index.php\/wp-json\/wp\/v2\/product_cat?post=436"},{"taxonomy":"product_tag","embeddable":true,"href":"https:\/\/roulettes.vaniseo.top\/index.php\/wp-json\/wp\/v2\/product_tag?post=436"}],"curies":[{"name":"wp","href":"https:\/\/api.w.org\/{rel}","templated":true}]}}