{"id":437,"date":"2022-04-04T16:21:44","date_gmt":"2022-04-04T14:21:44","guid":{"rendered":"https:\/\/roulettes.vaniseo.top\/index.php\/produit\/patere-doree-en-laiton-a-coller\/"},"modified":"2022-04-04T17:20:51","modified_gmt":"2022-04-04T15:20:51","slug":"patere-doree-en-laiton-a-coller","status":"publish","type":"product","link":"https:\/\/roulettes.vaniseo.top\/index.php\/produit\/patere-doree-en-laiton-a-coller\/","title":{"rendered":"Pat\u00e8re dor\u00e9e en laiton \u00e0 coller"},"content":{"rendered":"<h4>Porte-manteau design en laiton massif \u00e0 coller au mur.<\/h4>\n<p>_x000D_nPat\u00e8re dor\u00e9e en laiton \u00e0 coller._x000D_n_x000D_nTout d&rsquo;abord, cette jolie pat\u00e8re simple <em><strong>en laiton massif<\/strong><\/em>\u00a0reste id\u00e9ale pour accrocher v\u00eatements ou serviettes dans la salle de bain._x000D_n_x000D_nAussi, la pat\u00e8re dor\u00e9e en laiton <strong>\u00e0 coller<\/strong>\u00a0est pratique et a un design \u00e9pur\u00e9._x000D_n_x000D_nPat\u00e8re \u00e0 coller, elle se placera ainsi sur les murs ou directement sur le carrelage dans les univers de la salle de bain\u00a0comme de la cuisine._x000D_n_x000D_nCe mod\u00e8le est \u00e0 coller partout o\u00f9 vous en avez besoin._x000D_n_x000D_nIl comporte un embout arrondi afin de ne pas abimer les v\u00eatements et permet de supporter un poids d&rsquo;environ 5 kg._x000D_n_x000D_nElle s&rsquo;adaptera et apportera une touche de modernit\u00e9\u00a0\u00e0 votre univers._x000D_n_x000D_nElle est facile \u00e0 poser et est vendue avec son tube de colle forte._x000D_n<\/p>\n<h4>Dimensions :<\/h4>\n<p>_x000D_n<\/p>\n<ul>_x000D_n \t<\/p>\n<li>Hauteur 9,3 cm.<\/li>\n<p>_x000D_n \t<\/p>\n<li>Largeur 2 cm<\/li>\n<p>_x000D_n \t<\/p>\n<li>Ecartement du mur 3 cm.<\/li>\n<p>_x000D_n<\/ul>\n","protected":false},"excerpt":{"rendered":"<p>Pat\u00e8re simple <em><strong>en laiton massif<\/strong><\/em>\u00a0qui reste id\u00e9ale pour accrocher v\u00eatements ou serviettes dans la salle de bain.\u00a0Cette pat\u00e8re dor\u00e9e en laiton <strong>\u00e0 coller<\/strong>\u00a0est pratique et a un design \u00e9pur\u00e9.\u00a0Pat\u00e8re \u00e0 coller, elle se placera ainsi sur les murs ou directement sur le carrelage dans les univers de la salle de bain\u00a0comme de la cuisine.\u00a0Ce mod\u00e8le est \u00e0 coller partout o\u00f9 vous en avez besoin.<\/p>\n","protected":false},"featured_media":1906,"comment_status":"closed","ping_status":"open","template":"","meta":[],"product_cat":[20,32,17],"product_tag":[26],"class_list":["post-437","product","type-product","status-publish","has-post-thumbnail","hentry","product_cat-cuisine","product_cat-entree-sejour","product_cat-salle-de-bain","product_tag-crochet-patere-patere-design-patere-murale-patere-porte-pateres-porte-serviette-porte-torchon","description-off"],"_links":{"self":[{"href":"https:\/\/roulettes.vaniseo.top\/index.php\/wp-json\/wp\/v2\/product\/437","targetHints":{"allow":["GET"]}}],"collection":[{"href":"https:\/\/roulettes.vaniseo.top\/index.php\/wp-json\/wp\/v2\/product"}],"about":[{"href":"https:\/\/roulettes.vaniseo.top\/index.php\/wp-json\/wp\/v2\/types\/product"}],"replies":[{"embeddable":true,"href":"https:\/\/roulettes.vaniseo.top\/index.php\/wp-json\/wp\/v2\/comments?post=437"}],"version-history":[{"count":0,"href":"https:\/\/roulettes.vaniseo.top\/index.php\/wp-json\/wp\/v2\/product\/437\/revisions"}],"wp:featuredmedia":[{"embeddable":true,"href":"https:\/\/roulettes.vaniseo.top\/index.php\/wp-json\/wp\/v2\/media\/1906"}],"wp:attachment":[{"href":"https:\/\/roulettes.vaniseo.top\/index.php\/wp-json\/wp\/v2\/media?parent=437"}],"wp:term":[{"taxonomy":"product_cat","embeddable":true,"href":"https:\/\/roulettes.vaniseo.top\/index.php\/wp-json\/wp\/v2\/product_cat?post=437"},{"taxonomy":"product_tag","embeddable":true,"href":"https:\/\/roulettes.vaniseo.top\/index.php\/wp-json\/wp\/v2\/product_tag?post=437"}],"curies":[{"name":"wp","href":"https:\/\/api.w.org\/{rel}","templated":true}]}}