{"id":438,"date":"2022-04-04T16:21:44","date_gmt":"2022-04-04T14:21:44","guid":{"rendered":"https:\/\/roulettes.vaniseo.top\/index.php\/produit\/porte-manteau-mural-tete-de-leopard-zoo-par-capventure\/"},"modified":"2022-04-04T17:20:52","modified_gmt":"2022-04-04T15:20:52","slug":"porte-manteau-mural-tete-de-leopard-zoo-par-capventure","status":"publish","type":"product","link":"https:\/\/roulettes.vaniseo.top\/index.php\/produit\/porte-manteau-mural-tete-de-leopard-zoo-par-capventure\/","title":{"rendered":"Porte manteau mural t\u00eate de l\u00e9opard, ZOO par CapVenture"},"content":{"rendered":"<h3>Patere murale ZOO: t\u00eate de l\u00e9opard par CapVenture<\/h3>\n<p>_x000D_n<strong>1001 Pat\u00e8res<\/strong> vous propose de d\u00e9couvrir un <strong>porte manteau mural t\u00eate de l\u00e9opard<\/strong>, de la collection <strong>ZOO<\/strong> imagin\u00e9e par <a href=\"https:\/\/1001pateres.com\/brand\/capventure\"><strong>CapVenture<\/strong><\/a>._x000D_n_x000D_nEn effet, CapVenture est une marque originaire des <strong>Pays-Bas<\/strong>, tr\u00e8s pr\u00e9sente sur <strong>notre site n\u00b01 en France<\/strong> de vente en ligne de pat\u00e8res. N&rsquo;h\u00e9sitez pas \u00e0 jeter un oeil \u00e0 l&rsquo;ensemble de leurs diff\u00e9rentes <strong>collections<\/strong> de pat\u00e8res murales <strong>ZOO, FERME, et ANIMAL SAUVAGE<\/strong>._x000D_n_x000D_nVous constaterez alors toute la <strong>gaiet\u00e9<\/strong> et <strong>l&rsquo;humour<\/strong> qui peuvent se cacher derri\u00e8re la simple utilisation de pat\u00e8res. En investissant dans de telles r\u00e9f\u00e9rences, non seulement vous <strong>d\u00e9corez<\/strong>, vous <strong>rangez<\/strong> mais le tout, en plus, avec <strong>beaucoup de positivit\u00e9<\/strong>!_x000D_n_x000D_n&nbsp;_x000D_n<\/p>\n<h3>Pat\u00e8res murales t\u00eates d&rsquo;animaux : la collection ZOO par CapVenture<\/h3>\n<p>_x000D_nAinsi, dans la collection <strong>ZOO<\/strong> vous retrouvez notamment cette <strong>t\u00eate de l\u00e9opard<\/strong> mais aussi d&rsquo;<strong>autres t\u00eates<\/strong> comme le:_x000D_n<\/p>\n<ul>_x000D_n \t<\/p>\n<li><strong>Z\u00e8bre tropical<\/strong><\/li>\n<p>_x000D_n \t<\/p>\n<li><strong>Ours brun<\/strong><\/li>\n<p>_x000D_n \t<\/p>\n<li><strong>Faon fa\u00e7on Bambi<\/strong><\/li>\n<p>_x000D_n \t<\/p>\n<li><strong>Loup bleu<\/strong><\/li>\n<p>_x000D_n \t<\/p>\n<li><strong>Renard roux<\/strong><\/li>\n<p>_x000D_n<\/ul>\n<p>_x000D_nD&rsquo;autres <strong>animaux<\/strong> sont aussi disponibles sous <strong>diff\u00e9rents coloris<\/strong>. C&rsquo;est le cas de l&rsquo;<strong>\u00e9l\u00e9phant<\/strong>, du <strong>crocodile<\/strong>, de la <strong>girafe<\/strong>, de l&rsquo;<strong>\u00e9lan<\/strong>, du <strong>cerf<\/strong> et du <strong>lapin<\/strong>._x000D_n_x000D_n&nbsp;_x000D_n<\/p>\n<h3>Porte manteau mural t\u00eate de l\u00e9opard<\/h3>\n<p>_x000D_nIci, pr\u00e9cis\u00e9ment le porte manteau mural en t\u00eate de l\u00e9opard\u00a0est en <strong>r\u00e9sine<\/strong> tr\u00e8s r\u00e9sistante. Il permet d&rsquo;ailleurs une r\u00e9sistante de <strong>charge sup\u00e9rieure \u00e0 5 kg<\/strong>. L&rsquo;ensemble de son <strong>motif est peint \u00e0 la main<\/strong>. Vous appr\u00e9cierez investir dans un objet qui est donc <strong>unique<\/strong>!_x000D_n_x000D_nEnfin pour l&rsquo;<strong>installer<\/strong>, le proc\u00e9d\u00e9 est <strong>simple, rapide<\/strong>, mais surtout <strong>invisible<\/strong> une fois termin\u00e9e. Il vous suffit de vous munir de votre perceuse et d&rsquo;utiliser la cheville et la vis fournies._x000D_n_x000D_n<strong>Dimensions<\/strong> :_x000D_n<\/p>\n<ul>_x000D_n \t<\/p>\n<li>La t\u00eate de l\u00e9opard : 5 cm X 4,5 cm<\/li>\n<p>_x000D_n \t<\/p>\n<li>\u00c9cartement du mur : 5,5 cm<\/li>\n<p>_x000D_n<\/ul>\n<p>_x000D_n<\/p>\n<h3>Astuces d&rsquo;am\u00e9nagement d&rsquo;un porte manteau mural ZOO CapVenture<\/h3>\n<p>_x000D_nPour finir, 1001 Pat\u00e8res vous conseille notamment quelques a<strong>stuces d&rsquo;am\u00e9nagement<\/strong>:_x000D_n<\/p>\n<ol>_x000D_n \t<\/p>\n<li>Installez la pat\u00e8re ZOO sur un <strong>pan de mur clair<\/strong> pour valoriser sa peinture<\/li>\n<p>_x000D_n \t<\/p>\n<li>N&rsquo;h\u00e9sitez pas \u00e0 <strong>d\u00e9multiplier le nombre de pat\u00e8res<\/strong> de la collection pour valoriser l&rsquo;<strong>effet ZOO<\/strong> et <strong>personnaliser<\/strong> le choix de l&rsquo;animal <strong>\u00e0 chaque personne<\/strong> de la maison les utilisant. Cela rendra le <strong>rangement ludique<\/strong>!<\/li>\n<p>_x000D_n<\/ol>\n","protected":false},"excerpt":{"rendered":"<p>Belle pat\u00e8re animal du\u00a0ZOO de la marque <em><strong>CAPVENTURE<\/strong><\/em> en forme de <strong>t\u00eate de l\u00e9opard<\/strong>.\u00a0Cette t\u00eate d&rsquo;animal du zoo est en r\u00e9sine.\u00a0Ce porte-manteau est \u00e0 poser dans la chambre ou dans l&rsquo;entr\u00e9e pour ne plus voir trainer ses affaires.<\/p>\n","protected":false},"featured_media":1910,"comment_status":"closed","ping_status":"open","template":"","meta":[],"product_cat":[16,32],"product_tag":[27],"class_list":["post-438","product","type-product","status-publish","has-post-thumbnail","hentry","product_cat-chambre-enfant","product_cat-entree-sejour","product_tag-crochet-patere-patere-design-patere-murale-patere-porte-pateres-porte-serviette-porte-torchon-vestiaire","description-off"],"_links":{"self":[{"href":"https:\/\/roulettes.vaniseo.top\/index.php\/wp-json\/wp\/v2\/product\/438","targetHints":{"allow":["GET"]}}],"collection":[{"href":"https:\/\/roulettes.vaniseo.top\/index.php\/wp-json\/wp\/v2\/product"}],"about":[{"href":"https:\/\/roulettes.vaniseo.top\/index.php\/wp-json\/wp\/v2\/types\/product"}],"replies":[{"embeddable":true,"href":"https:\/\/roulettes.vaniseo.top\/index.php\/wp-json\/wp\/v2\/comments?post=438"}],"version-history":[{"count":0,"href":"https:\/\/roulettes.vaniseo.top\/index.php\/wp-json\/wp\/v2\/product\/438\/revisions"}],"wp:featuredmedia":[{"embeddable":true,"href":"https:\/\/roulettes.vaniseo.top\/index.php\/wp-json\/wp\/v2\/media\/1910"}],"wp:attachment":[{"href":"https:\/\/roulettes.vaniseo.top\/index.php\/wp-json\/wp\/v2\/media?parent=438"}],"wp:term":[{"taxonomy":"product_cat","embeddable":true,"href":"https:\/\/roulettes.vaniseo.top\/index.php\/wp-json\/wp\/v2\/product_cat?post=438"},{"taxonomy":"product_tag","embeddable":true,"href":"https:\/\/roulettes.vaniseo.top\/index.php\/wp-json\/wp\/v2\/product_tag?post=438"}],"curies":[{"name":"wp","href":"https:\/\/api.w.org\/{rel}","templated":true}]}}