{"id":44,"date":"2022-04-04T16:20:06","date_gmt":"2022-04-04T14:20:06","guid":{"rendered":"https:\/\/roulettes.vaniseo.top\/index.php\/produit\/patere-tige-color-aluminium-mauve-design\/"},"modified":"2022-04-04T17:08:42","modified_gmt":"2022-04-04T15:08:42","slug":"patere-tige-color-aluminium-mauve-design","status":"publish","type":"product","link":"https:\/\/roulettes.vaniseo.top\/index.php\/produit\/patere-tige-color-aluminium-mauve-design\/","title":{"rendered":"Patere tige color aluminium mauve design"},"content":{"rendered":"<h3>Porte manteau aluminium design tige color violet<\/h3>\n<p>_x000D_n<strong>1001 Pat\u00e8res<\/strong>, <strong>n\u00b01 en France en pat\u00e8res<\/strong> et porte manteaux, vous fait d\u00e9couvrir la <strong>patere tige Color aluminium mauve<\/strong>, ultra <strong>design<\/strong>._x000D_n_x000D_nEn effet, sur ce site, d\u00e9couvrez de nombreuses <strong>marques internationales<\/strong> proposant style et efficacit\u00e9, le tout pour un rapport qualit\u00e9 prix vraiment exceptionnel. Ici, dans cet esprit, il s&rsquo;agit de <strong>sa propre marque<\/strong> du m\u00eame nom. Profitez donc, de choix et de qualit\u00e9 quelque soit votre budget, tout en minimisant vos frais de port gr\u00e2ce \u00e0 <a href=\"https:\/\/1001pateres.com\/brand\/1001pateres\/\">1001 Pat\u00e8res<\/a>!_x000D_n_x000D_n&nbsp;_x000D_n<\/p>\n<h3>Patere tige color aluminium mauve design<\/h3>\n<p>_x000D_nAinsi, ci-contre, la patere tige Color aluminium est de la marque 1001 Pat\u00e8res. Elle int\u00e8gre une collection de pat\u00e8res tige aux coloris vari\u00e9s m\u00e9tallis\u00e9s, teint\u00e9s dans la masse. Retrouvez ainsi les couleurs suivantes au choix sur ce site: <strong><a href=\"https:\/\/1001pateres.com\/produit\/patere-tige-color-design-aluminium-orange\/\">orange<\/a>, noir, brun, vert, alu, dor\u00e9, bleu roi, turquoise, et rouge<\/strong>._x000D_n_x000D_nVous l&rsquo;aurez donc compris, ici, il s&rsquo;agit de la version <strong>mauve<\/strong>. Dans tous les cas, quelque soit la couleur choisie, celle-ci se veut ultra <strong>pratique<\/strong> et facile d&rsquo;installation._x000D_n_x000D_nTout d&rsquo;abord, du fait d&rsquo;\u00eatre <strong>inoxydable<\/strong>, elle s&rsquo;accommodera facilement d&rsquo;un milieu humide type salle de bain. Elle pourra donc aussi bien \u00eatre utilis\u00e9e comme porte torchon, porte serviette, porte gant ou porte manteau.\u00a0En plus, avec ce style <strong>moderne<\/strong>, au\u00a0design \u00e9pur\u00e9, et aux <strong>couleurs m\u00e9tallis\u00e9es<\/strong>, vous offrirez \u00e0 votre int\u00e9rieur beaucoup de vitalit\u00e9._x000D_n_x000D_nEnfin, pour son <strong>installation<\/strong>, profitez d&rsquo;une vis et sa cheville incluses. Son syst\u00e8me de <strong>fixation est facile<\/strong> et offre une <strong>finition parfaite<\/strong> o\u00f9 la vis est invisible. Pensez toutefois \u00e0 vous munir d&rsquo;une perceuse pour la cheville et de tenir compte de ses <strong>dimensions<\/strong>, \u00e0 savoir:_x000D_n<\/p>\n<ul>_x000D_n \t<\/p>\n<li>Patere tige Color aluminium: 5,3 cm X 2 cm<\/li>\n<p>_x000D_n \t<\/p>\n<li>Diam\u00e8tre de la base\u00a03,2 cm<\/li>\n<p>_x000D_n \t<\/p>\n<li>Vis de 2,3 cm<\/li>\n<p>_x000D_n<\/ul>\n<p>_x000D_nCela vous sera tr\u00e8s utile, notamment dans le cas o\u00f9 vous souhaitez les d\u00e9multiplier sur un m\u00eame pan de mur.<\/p>\n","protected":false},"excerpt":{"rendered":"<p>Belle pat\u00e8re design en forme de <em><strong>tige<\/strong><\/em> color en aluminium teint\u00e9 dans la masse <strong>mauve<\/strong> qui peut servir de porte torchon, porte serviette, porte gant, porte manteau.\u00a0Pat\u00e8re murale au design \u00e9pur\u00e9e, elle sera tr\u00e8s pratique \u00e0 l&rsquo;utilisation.<\/p>\n","protected":false},"featured_media":792,"comment_status":"closed","ping_status":"open","template":"","meta":[],"product_cat":[19,20,21,22,17,23],"product_tag":[27],"class_list":["post-44","product","type-product","status-publish","has-post-thumbnail","hentry","product_cat-collectivite","product_cat-cuisine","product_cat-entreprise","product_cat-pro","product_cat-salle-de-bain","product_cat-toilette-wc","product_tag-crochet-patere-patere-design-patere-murale-patere-porte-pateres-porte-serviette-porte-torchon-vestiaire","description-off"],"_links":{"self":[{"href":"https:\/\/roulettes.vaniseo.top\/index.php\/wp-json\/wp\/v2\/product\/44","targetHints":{"allow":["GET"]}}],"collection":[{"href":"https:\/\/roulettes.vaniseo.top\/index.php\/wp-json\/wp\/v2\/product"}],"about":[{"href":"https:\/\/roulettes.vaniseo.top\/index.php\/wp-json\/wp\/v2\/types\/product"}],"replies":[{"embeddable":true,"href":"https:\/\/roulettes.vaniseo.top\/index.php\/wp-json\/wp\/v2\/comments?post=44"}],"version-history":[{"count":0,"href":"https:\/\/roulettes.vaniseo.top\/index.php\/wp-json\/wp\/v2\/product\/44\/revisions"}],"wp:featuredmedia":[{"embeddable":true,"href":"https:\/\/roulettes.vaniseo.top\/index.php\/wp-json\/wp\/v2\/media\/792"}],"wp:attachment":[{"href":"https:\/\/roulettes.vaniseo.top\/index.php\/wp-json\/wp\/v2\/media?parent=44"}],"wp:term":[{"taxonomy":"product_cat","embeddable":true,"href":"https:\/\/roulettes.vaniseo.top\/index.php\/wp-json\/wp\/v2\/product_cat?post=44"},{"taxonomy":"product_tag","embeddable":true,"href":"https:\/\/roulettes.vaniseo.top\/index.php\/wp-json\/wp\/v2\/product_tag?post=44"}],"curies":[{"name":"wp","href":"https:\/\/api.w.org\/{rel}","templated":true}]}}