{"id":440,"date":"2022-04-04T16:21:44","date_gmt":"2022-04-04T14:21:44","guid":{"rendered":"https:\/\/roulettes.vaniseo.top\/index.php\/produit\/porte-manteau-bois-flotte-et-metal-umbra-avec-3-pateres\/"},"modified":"2022-04-04T17:20:53","modified_gmt":"2022-04-04T15:20:53","slug":"porte-manteau-bois-flotte-et-metal-umbra-avec-3-pateres","status":"publish","type":"product","link":"https:\/\/roulettes.vaniseo.top\/index.php\/produit\/porte-manteau-bois-flotte-et-metal-umbra-avec-3-pateres\/","title":{"rendered":"Porte manteau bois flott\u00e9 et m\u00e9tal UMBRA avec 3 pat\u00e8res"},"content":{"rendered":"<h3>Porte manteau en bois flott\u00e9 mural Umbra<\/h3>\n<p>_x000D_nD\u00e9couvrez ici le <strong>porte manteau en bois flott\u00e9<\/strong> avec <strong>3 pat\u00e8res d\u00e9ployantes en m\u00e9tal<\/strong>. Celui-ci est de la marque\u00a0<a href=\"https:\/\/eu.umbra.com\" target=\"_blank\" rel=\"noopener noreferrer\"><em><strong>UMBRA<\/strong><\/em><\/a>._x000D_n_x000D_nCette marque a cr\u00e9\u00e9 toute une collection proposant des <strong>porte-manteaux \u00e0 pat\u00e8res d\u00e9ployantes<\/strong> pour \u00e0 la fois d\u00e9corer et ranger facilement. 1001 Pat\u00e8res valide \u00e0 100% !_x000D_n_x000D_nAinsi, cette jolie r\u00e9f\u00e9rence de porte-manteaux est <strong>design<\/strong>, de part son <strong>m\u00e9lange de mati\u00e8re de bois flott\u00e9 et de m\u00e9tal<\/strong>. Le m\u00e9tal en question est un <strong>acier bross\u00e9<\/strong> tr\u00e8s <strong>\u00e9l\u00e9gant<\/strong>. En plus, cette association est un <strong>intemporel passe-partout<\/strong>. Il sera donc possible de l&rsquo;installer\u00a0partout dans votre maison ou au bureau._x000D_n_x000D_nAvec lui, aucun manteau, ni sac, ni foulard ne jonchera plus jamais le sol!_x000D_n_x000D_n&nbsp;_x000D_n<\/p>\n<h3>Comment installer un porte manteau mural Umbra?<\/h3>\n<p>_x000D_nLa particularit\u00e9 de cette marque choisie par 1001 Pat\u00e8res, est aussi dans son choix <strong>\u00e9l\u00e9gant<\/strong> de <strong>syst\u00e8me d&rsquo;accrochage<\/strong>. En effet, celui ci se veut <strong>simple<\/strong>, <strong>encastr\u00e9<\/strong> dans le bois. Vous adorerez constater qu&rsquo;il est compl\u00e8tement <strong>invisible une fois pos\u00e9<\/strong> sur le mur._x000D_n_x000D_n<span style=\"line-height: 1.5\">Concr\u00e8tement, sa fixation\u00a0au mur se fait \u00e0 l&rsquo;aide de\u00a02 vis. 1001 Pat\u00e8res vous fournit avec le porte manteau en bois flott\u00e9, les vis et chevilles n\u00e9cessaires. Toutefois, s<\/span><span style=\"line-height: 1.5\">a pose n\u00e9cessite l&rsquo;usage de votre perceuse.<\/span>_x000D_n_x000D_n&nbsp;_x000D_n<\/p>\n<h3>Pat\u00e8res d\u00e9ployantes UMBRA sur bois flott\u00e9: dimensions<\/h3>\n<p>_x000D_nD\u00e9couvrez ici les <strong>dimensions<\/strong> du porte-manteaux \u00e0 pat\u00e8res d\u00e9ployantes Umbra. Un point capitale \u00e0 v\u00e9rifier avant d&rsquo;investir dans tout portant, pour s&rsquo;assurer de l&rsquo;espace n\u00e9cessaire \u00e0 son installation dans la pi\u00e8ce d\u00e9di\u00e9e._x000D_n<\/p>\n<ul>_x000D_n \t<\/p>\n<li>\u00a030,5 cm X 6,8 cm<\/li>\n<p>_x000D_n \t<\/p>\n<li>Epaisseur du mur 3\u00a0cm<\/li>\n<p>_x000D_n<\/ul>\n<p>_x000D_n&nbsp;_x000D_n_x000D_nVous l&rsquo;aurez compris le porte manteau en bois flott\u00e9 Umbra est <strong>original<\/strong>, et de <strong>belle qualit\u00e9<\/strong>.\u00a0<span style=\"line-height: 1.5\">Il permet une touche de <strong>modernit\u00e9<\/strong> dans votre int\u00e9rieur, tout en optimisant son rangement.\u00a0<\/span>N&rsquo;h\u00e9sitez pas aussi \u00e0 d\u00e9couvrir d&rsquo;autres porte manteaux Umbra \u00e0 3 pat\u00e8res d\u00e9ployantes de la marque: une premi\u00e8re en\u00a0<a href=\"https:\/\/1001pateres.com\/produit\/porte-manteaux-3-pateres-metal-umbra-noir\/\">noir<\/a> et une seconde r\u00e9f\u00e9rence en tout m\u00e9tal laqu\u00e9 <a href=\"https:\/\/1001pateres.com\/produit\/porte-manteaux-3-pateres-metal-umbra-laque-blanc\/\">blanc<\/a>.<\/p>\n","protected":false},"excerpt":{"rendered":"<p>Voici un beau porte manteau en <strong>bois flott\u00e9<\/strong> avec <strong>3 pat\u00e8res m\u00e9tal d\u00e9ployantes<\/strong> de la marque <em><strong>UMBRA<\/strong><\/em>._x000D_n_x000D_n1001 Pat\u00e8res a choisi ce porte-manteaux <strong>mural<\/strong> notamment pour son <strong>design<\/strong>. <strong>Passe- partout, \u00e9l\u00e9gant et de qualit\u00e9<\/strong>, il est facile de l&rsquo;int\u00e9grer \u00e0 n&rsquo;importe quelle pi\u00e8ce de la maison ou du bureau._x000D_n_x000D_nC&rsquo;est un tr\u00e8s <strong>bel objet de d\u00e9coration<\/strong> qui comporte une finition de qualit\u00e9 notamment gr\u00e2ce \u00e0 un <strong>syst\u00e8me d&rsquo;accrochage invisible<\/strong>.<\/p>\n","protected":false},"featured_media":1914,"comment_status":"closed","ping_status":"open","template":"","meta":[],"product_cat":[29,32,17],"product_tag":[25],"class_list":["post-440","product","type-product","status-publish","has-post-thumbnail","hentry","product_cat-chambre-adulte","product_cat-entree-sejour","product_cat-salle-de-bain","product_tag-crochet-patere-patere-design-patere-murale-patere-porte-pateres-porte-manteau-porte-serviette-porte-torchon-vestiaire","description-off"],"_links":{"self":[{"href":"https:\/\/roulettes.vaniseo.top\/index.php\/wp-json\/wp\/v2\/product\/440","targetHints":{"allow":["GET"]}}],"collection":[{"href":"https:\/\/roulettes.vaniseo.top\/index.php\/wp-json\/wp\/v2\/product"}],"about":[{"href":"https:\/\/roulettes.vaniseo.top\/index.php\/wp-json\/wp\/v2\/types\/product"}],"replies":[{"embeddable":true,"href":"https:\/\/roulettes.vaniseo.top\/index.php\/wp-json\/wp\/v2\/comments?post=440"}],"version-history":[{"count":0,"href":"https:\/\/roulettes.vaniseo.top\/index.php\/wp-json\/wp\/v2\/product\/440\/revisions"}],"wp:featuredmedia":[{"embeddable":true,"href":"https:\/\/roulettes.vaniseo.top\/index.php\/wp-json\/wp\/v2\/media\/1914"}],"wp:attachment":[{"href":"https:\/\/roulettes.vaniseo.top\/index.php\/wp-json\/wp\/v2\/media?parent=440"}],"wp:term":[{"taxonomy":"product_cat","embeddable":true,"href":"https:\/\/roulettes.vaniseo.top\/index.php\/wp-json\/wp\/v2\/product_cat?post=440"},{"taxonomy":"product_tag","embeddable":true,"href":"https:\/\/roulettes.vaniseo.top\/index.php\/wp-json\/wp\/v2\/product_tag?post=440"}],"curies":[{"name":"wp","href":"https:\/\/api.w.org\/{rel}","templated":true}]}}