{"id":441,"date":"2022-04-04T16:21:44","date_gmt":"2022-04-04T14:21:44","guid":{"rendered":"https:\/\/roulettes.vaniseo.top\/index.php\/produit\/boite-a-cle-murale-en-bois-home\/"},"modified":"2022-04-04T17:20:54","modified_gmt":"2022-04-04T15:20:54","slug":"boite-a-cle-murale-en-bois-home","status":"publish","type":"product","link":"https:\/\/roulettes.vaniseo.top\/index.php\/produit\/boite-a-cle-murale-en-bois-home\/","title":{"rendered":"Bo\u00eete \u00e0 cl\u00e9 murale en bois HOME"},"content":{"rendered":"<h3>Armoire \u00e0 cl\u00e9s en bois HOME<\/h3>\n<p>_x000D_n<strong>1001 Pat\u00e8res<\/strong> vous pr\u00e9sente ici un produit de sa propre marque: une <strong>bo\u00eete \u00e0 cl\u00e9 murale en bois Home<\/strong>._x000D_n_x000D_nEn effet, <a href=\"https:\/\/1001pateres.com\/brand\/1001pateres\/\">1001 Pat\u00e8res<\/a> est le sp\u00e9cialiste en France de la <strong>vente en ligne de pat\u00e8res et porte manteaux<\/strong>. Ainsi, il propose aussi des <em>porte manteau sur pieds<\/em>,\u00a0<em>vide poche<\/em>,\u00a0<em><a href=\"https:\/\/1001pateres.com\/produit\/porte-balais-mural-rangement-cuisine\/\">porte balais<\/a><\/em> et autre <strong>armoire \u00e0 cl\u00e9s pratique<\/strong>. Les r\u00e9f\u00e9rences vendues sont issues de sa propre marque mais aussi d&rsquo;une s\u00e9lection pointue des meilleures marques internationales o\u00f9 tous offrent un <strong>rapport qualit\u00e9 prix parfait<\/strong>!_x000D_n_x000D_nAinsi, ci-contre, la bo\u00eete \u00e0 cl\u00e9 murale est compos\u00e9 d&rsquo;un\u00a0cadre en <strong>bois blanc<\/strong>\u00a0avec un fond en bois type <strong>planches vieillies gris clair<\/strong>. A l&rsquo;int\u00e9rieur de ce cadre, et directement sur la planche, est fix\u00e9e un \u00e9criteau <strong>en bois blanc : HOME<\/strong> (maison en anglais). Au dessous de ce dernier, <strong>6 crochets m\u00e9talliques<\/strong> pour les cl\u00e9s sont \u00e0 retrouver, avec fa\u00e7on h\u00f4tel, une <strong>num\u00e9rotation de 1 \u00e0 6 blanches<\/strong> pour chaque crochet respectif._x000D_n_x000D_nC&rsquo;est pourquoi, il est id\u00e9al pour une entr\u00e9e d&rsquo;appartement ou de maison par exemple. L&rsquo;association de son bois blanc, et gris vieilli, offre un <strong>style doux<\/strong> convenant \u00e0 n&rsquo;importe quel <strong>int\u00e9rieur chaleureux et contemporain<\/strong>. <strong>Original et de belle qualit\u00e9<\/strong>, il offre une <strong>solution de rangement efficace et fine<\/strong>._x000D_n_x000D_n&nbsp;_x000D_n<\/p>\n<h3>Installer la bo\u00eete \u00e0 cl\u00e9 murale en bois Home<\/h3>\n<p>_x000D_nDe plus, pour installer cette bo\u00eete \u00e0 cl\u00e9 murale, le syst\u00e8me inclut 2 accroches pour vis. C<span style=\"line-height: 1.5\">ette a<\/span>rmoire \u00e0 cl\u00e9s en bois\u00a0<span style=\"line-height: 1.5\">se fixe donc au mur avec deux vis et chevilles qui ne sont pas fournies. Sa pose n\u00e9cessitera en plus, l&rsquo;usage de votre perceuse.<\/span>_x000D_n_x000D_nEnfin, pensez \u00e0 tenir compte de ses <strong>dimensions<\/strong> avant de l&rsquo;acheter et de l&rsquo;installer. Vous aurez ainsi la certitude la faisabilit\u00e9 de votre projet. Voici donc ses dimensions sp\u00e9cifiques:_x000D_n<\/p>\n<ul>_x000D_n \t<\/p>\n<li>Cadre en bois: 20,2 cm X 30 cm<\/li>\n<p>_x000D_n \t<\/p>\n<li>Crochets pour les cl\u00e9s: hauteur 2,5 cm et profondeur 2 cm<\/li>\n<p>_x000D_n<\/ul>\n","protected":false},"excerpt":{"rendered":"<p>Panneau<strong> range-cl\u00e9s <\/strong>avec un cadre en<strong> bois blanc <\/strong>not\u00e9 HOME\u00a0poss\u00e8de 6 crochets pat\u00e8res pour les clefs<strong>.<\/strong>\u00a0Il poss\u00e8de 6 pat\u00e8res crochets pour les trousseaux de clefs, c&rsquo;est pourquoi, il est id\u00e9al pour une entr\u00e9e d&rsquo;appartement ou de maison par exemple.\u00a0De plus, il comporte un syst\u00e8me d&rsquo;accrochage avec 2 accroches pour vis.\u00a0Original et de belle qualit\u00e9, il est, de plus, en bois blanc et gris vieilli. Sa pose n\u00e9cessite l&rsquo;usage d&rsquo;une perceuse.<\/p>\n","protected":false},"featured_media":1918,"comment_status":"closed","ping_status":"open","template":"","meta":[],"product_cat":[32],"product_tag":[25],"class_list":["post-441","product","type-product","status-publish","has-post-thumbnail","hentry","product_cat-entree-sejour","product_tag-crochet-patere-patere-design-patere-murale-patere-porte-pateres-porte-manteau-porte-serviette-porte-torchon-vestiaire","description-off"],"_links":{"self":[{"href":"https:\/\/roulettes.vaniseo.top\/index.php\/wp-json\/wp\/v2\/product\/441","targetHints":{"allow":["GET"]}}],"collection":[{"href":"https:\/\/roulettes.vaniseo.top\/index.php\/wp-json\/wp\/v2\/product"}],"about":[{"href":"https:\/\/roulettes.vaniseo.top\/index.php\/wp-json\/wp\/v2\/types\/product"}],"replies":[{"embeddable":true,"href":"https:\/\/roulettes.vaniseo.top\/index.php\/wp-json\/wp\/v2\/comments?post=441"}],"version-history":[{"count":0,"href":"https:\/\/roulettes.vaniseo.top\/index.php\/wp-json\/wp\/v2\/product\/441\/revisions"}],"wp:featuredmedia":[{"embeddable":true,"href":"https:\/\/roulettes.vaniseo.top\/index.php\/wp-json\/wp\/v2\/media\/1918"}],"wp:attachment":[{"href":"https:\/\/roulettes.vaniseo.top\/index.php\/wp-json\/wp\/v2\/media?parent=441"}],"wp:term":[{"taxonomy":"product_cat","embeddable":true,"href":"https:\/\/roulettes.vaniseo.top\/index.php\/wp-json\/wp\/v2\/product_cat?post=441"},{"taxonomy":"product_tag","embeddable":true,"href":"https:\/\/roulettes.vaniseo.top\/index.php\/wp-json\/wp\/v2\/product_tag?post=441"}],"curies":[{"name":"wp","href":"https:\/\/api.w.org\/{rel}","templated":true}]}}